{"id":22025,"date":"2020-12-17T13:09:33","date_gmt":"2020-12-17T06:09:33","guid":{"rendered":"https:\/\/kimmyfarm.com\/product\/dunger-aus-schwarzen-soldatenfliegenkadavern"},"modified":"2021-11-08T13:01:01","modified_gmt":"2021-11-08T06:01:01","slug":"dunger-aus-schwarzen-soldatenfliegenkadavern","status":"publish","type":"product","link":"https:\/\/kimmyfarm.com\/de\/produkt\/dunger-aus-schwarzen-soldatenfliegenkadavern","title":{"rendered":"D\u00fcnger aus schwarzen Soldatenfliegenkadavern."},"content":{"rendered":"<p><strong>Kimmy&#8217;s Farm Lieferant von Qualit\u00e4t Schwarze Soldatenfliegen Produkte Im S\u00fcden<\/strong> &#8211; Kimmy&#8217;s Farm ist spezialisiert auf die Bereitstellung von Produkten im Zusammenhang mit schwarzen Soldatenfliegen wie: Fliegeneier, Fliegenlarven, Fliegenpuppen, erwachsene schwarze Soldatenfliegen, Kokons, organischer D\u00fcnger von schwarzen Soldatenfliegen &#8230; und viele andere saubere landwirtschaftliche Produkte. Wir haben schwarze Soldatenfliegenfarmen in Tay Ninh und saubere landwirtschaftliche Anbaugebiete in Binh Phuoc, Repr\u00e4sentanzen in Ho-Chi-Minh-Stadt, mit denen Sie Kontakt aufnehmen k\u00f6nnen. Kimmy Farm ist eine saubere und moderne landwirtschaftliche Farm mit dem Wunsch, das Beste mit vielen Menschen zu teilen und Vietnams sauberes landwirtschaftliches \u00d6kosystem zu entwickeln. Bitte kontaktieren Sie uns, wenn Sie Nachschub f\u00fcr schwarze Soldatenfliegen ben\u00f6tigen.<\/p>\n","protected":false},"excerpt":{"rendered":"<p>Kimmy&#8217;s Farm Lieferant von Qualit\u00e4t Schwarze Soldatenfliegen Produkte Im S\u00fcden &#8211; Kimmy&#8217;s Farm ist spezialisiert auf die Bereitstellung von Produkten<\/p>\n","protected":false},"featured_media":19947,"template":"","meta":[],"product_brand":[],"product_cat":[269,257],"product_tag":[398,307],"class_list":{"0":"post-22025","1":"product","2":"type-product","3":"status-publish","4":"has-post-thumbnail","6":"product_cat-scheisse-von-schwarze-soldatenfliegen","7":"product_cat-schwarze-soldatenfliegen","8":"product_tag-dunger","9":"product_tag-schwarze-soldatenfliegen","11":"first","12":"instock","13":"shipping-taxable","14":"product-type-simple"},"_links":{"self":[{"href":"https:\/\/kimmyfarm.com\/de\/wp-json\/wp\/v2\/product\/22025","targetHints":{"allow":["GET"]}}],"collection":[{"href":"https:\/\/kimmyfarm.com\/de\/wp-json\/wp\/v2\/product"}],"about":[{"href":"https:\/\/kimmyfarm.com\/de\/wp-json\/wp\/v2\/types\/product"}],"version-history":[{"count":0,"href":"https:\/\/kimmyfarm.com\/de\/wp-json\/wp\/v2\/product\/22025\/revisions"}],"wp:featuredmedia":[{"embeddable":true,"href":"https:\/\/kimmyfarm.com\/de\/wp-json\/wp\/v2\/media\/19947"}],"wp:attachment":[{"href":"https:\/\/kimmyfarm.com\/de\/wp-json\/wp\/v2\/media?parent=22025"}],"wp:term":[{"taxonomy":"product_brand","embeddable":true,"href":"https:\/\/kimmyfarm.com\/de\/wp-json\/wp\/v2\/product_brand?post=22025"},{"taxonomy":"product_cat","embeddable":true,"href":"https:\/\/kimmyfarm.com\/de\/wp-json\/wp\/v2\/product_cat?post=22025"},{"taxonomy":"product_tag","embeddable":true,"href":"https:\/\/kimmyfarm.com\/de\/wp-json\/wp\/v2\/product_tag?post=22025"}],"curies":[{"name":"wp","href":"https:\/\/api.w.org\/{rel}","templated":true}]}}