{"id":22023,"date":"2020-12-22T15:03:36","date_gmt":"2020-12-22T08:03:36","guid":{"rendered":"https:\/\/kimmyfarm.com\/product\/ol-aus-larven-der-schwarzen-soldatenfliege-gewonnen"},"modified":"2021-11-07T15:38:09","modified_gmt":"2021-11-07T08:38:09","slug":"ol-aus-larven-der-schwarzen-soldatenfliege-gewonnen","status":"publish","type":"product","link":"https:\/\/kimmyfarm.com\/de\/produkt\/ol-aus-larven-der-schwarzen-soldatenfliege-gewonnen","title":{"rendered":"\u00d6l aus Larven der schwarzen Soldatenfliege gewonnen"},"content":{"rendered":"<p>Hochwertiges Larven\u00f6l ist ideal f\u00fcr Tierfutter und Tierfutter. Nat\u00fcrlicher \u00d6lursprung enth\u00e4lt einen hohen Gehalt an Fetts\u00e4uren, die leicht zu Energie verdaulich sind. Der \u00d6lursprung enth\u00e4lt einen hohen Gehalt an Laurins\u00e4ure und \u00d6ls\u00e4ure. Geeignet zum Ersatz von Fisch\u00f6l Kokos\u00f6l, Palm\u00f6l und Soja\u00f6l. Dar\u00fcber hinaus ist dieses \u00d6l nachhaltig und hilft der Industrie, seine \u00f6kologischen Auswirkungen zu minimieren.<\/p>\n<p><span style=\"font-size: 20px;\"><strong>\u00dcber die Wasserd\u00fcngerepidemie des schwarzen Soldaten.<\/strong><\/span><\/p>\n<p><strong>Die Hydrolyse der schwarzen Soldatenfliege<\/strong> (auch bekannt als: Fliegenepidemie, Fett aus Fliegen, \u00d6l aus schwarzen Soldatenfliegen gewonnen) ist ein \u00d6l, das aus den Larven schwarzer Soldatenfliegen gepresst wird. Dieses \u00d6l kann durch Hochdruckkompression gewonnen werden. Darin werden die Larven in eine schraubenartige Presse gegeben, wenn sie noch hei\u00df sind, um das \u00d6l zu pressen. \u00d6l aus schwarzen Soldatenfliegenlarven ist ein \u00d6l mit einem hohen Gehalt an N\u00e4hrstoffen, vor allem mit hoher Laurins\u00e4ure und \u00d6ls\u00e4ure, die leicht zu Energie verdaut werden kann, ideal f\u00fcr Tierfutter. Dieser Schild enth\u00e4lt \u00d6l, das aus schwarzen Soldatenfliegenlarven gewonnen wird, die gut geeignet sind, Kokosnuss\u00f6l, Palm\u00f6l und Sojabohnen\u00f6l zu ersetzen. Dar\u00fcber hinaus ist es ein nachhaltiges \u00d6l und hilft der Futtermittelindustrie, seine \u00f6kologischen Auswirkungen zu minimieren.<\/p>\n<p>Im Stadium der Larve produzieren schwarze Soldatenfliegen den meisten \u00d6lgehalt. Der \u00d6lgehalt der Larven der schwarzen Soldatenfliege betr\u00e4gt <strong>etwa 30-35%<\/strong>, durch Analyse der N\u00e4hrstoffbestandteile von \u00d6l enth\u00e4lt \u00d6l, das aus larven der schwarzen Soldatenfliege gewonnen wird, viele unges\u00e4ttigte Fetts\u00e4uren wie <strong>Laurins\u00e4ure (48%), Myristins\u00e4ure (11%) und Palmitins\u00e4ure (16%)&#8230;<\/strong> Sie sind den Inhaltsstoffen in Palmfett \/ Kokosfett sehr \u00e4hnlich, die f\u00fcr den K\u00f6rper von Haustieren sehr gut und notwendig sind.<\/p>\n<p><strong><span style=\"font-size: 20px;\">Anweisungen zur Verwendung von Black Soldier Fly Water Mist.<\/span><\/strong><\/p>\n<p>Die Natur der hydrolyminierten Fl\u00fcssigkeit von schwarzen Soldatenfliegen ist, dass zus\u00e4tzliches Futter in Tierfutter gemischt wird, das organische S\u00e4ure in die Ern\u00e4hrung von Garnelen, Fischen, H\u00fchnern, Schweinen &#8230; hilft, die Effizienz der Lebensmittelnutzung zu verbessern und die Produktivit\u00e4t des Betriebs zu verbessern.<\/p>\n<ul>\n<li>Wird w\u00e4hrend der gesamten Zucht verwendet.<\/li>\n<li>Wird der t\u00e4glichen Ern\u00e4hrung hinzugef\u00fcgt<br \/>\nMischrate von: 20 &#8211; 50ml \/ 1kg Futter.<\/li>\n<li>Das Produkt ist sicher f\u00fcr Haustiere.<\/li>\n<li>Keine Notwendigkeit, die Verwendung vor der Ernte zu stoppen.<\/li>\n<\/ul>\n<p><span style=\"font-size: 20px;\"><strong>\u00d6l aus Black Soldier Fly Larvae hat viele Anwendungen.<\/strong><\/span><\/p>\n<p>Wof\u00fcr kann also \u00d6l, das aus schwarzen Soldatenfliegenlarven gepresst wird, verwendet werden? Das \u00d6l kann als <strong>Misch\u00f6l f\u00fcr Tierfutter, antibakterieller Extrakt, in der chemischen Industrie und als Biodiesel verwendet werden&#8230;<\/strong> Dar\u00fcber hinaus arbeiten viele L\u00e4nder derzeit daran, in Tierfutter zu mischen oder bei Bedarf in Zukunft Menschen zu f\u00fcttern.<\/p>\n<p><span style=\"font-size: 24px;\"><strong>Mischen von Tierfutter.<\/strong><\/span><\/p>\n<p>\u00d6l, das aus schwarzen Soldatenfliegen gepresst wird, wird verwendet, um gnostisches Mehl, Sojamehl, Fischmehl usw. zu mischen. hochwertiges Futter f\u00fcr saubere H\u00fchnerfarmen in den USA herzustellen. Dar\u00fcber hinaus wird dieses \u00d6l als Futter f\u00fcr Fisch, f\u00fcr Garnelen, f\u00fcr andere Arten von Vieh gemischt (das seit M\u00e4rz 2018 von der US-amerikanischen FDA zugelassen ist).<\/p>\n<p><span style=\"font-size: 24px;\"><strong>Biodiesel\u00f6lproduktion.<\/strong><\/span><\/p>\n<p>Derzeit haben Menschen auf der ganzen Welt die Verwendung von H\u00fchnerfett, Canardsamen oder Soy zur Herstellung von Biodiesel untersucht. Wenn es jedoch in gro\u00dfen Mengen produziert wird, wird es die Ern\u00e4hrungssicherheit der Welt und die Kosten f\u00fcr die Schaffung einer riesigen Rohstoffquelle beeintr\u00e4chtigen. Mit dem Modell der Verwendung von schwarzen Soldaten-Fliegerlarven und K\u00e4fern ist es jedoch sehr machbar, da sie zwei Vorteile haben: Sie k\u00f6nnen mit organischen Abf\u00e4llen umgehen und dann werden die Larven f\u00fcr die Biodieselverarbeitung extrahiert, so dass die Kosten sehr niedrig sind.<\/p>\n<p><span style=\"font-size: 24px;\"><strong>Produktion von Probiotika.<\/strong><\/span><\/p>\n<p>\u00d6l, das aus larven der schwarzen Soldatenfliege gewonnen wird, wird auch vom Menschen bei der Herstellung von Probiotika verwendet, die als hochwertiger D\u00fcnger zur Steigerung der Ernteertr\u00e4ge oder zur Bodenrektifikation in einigen n\u00e4hrstoffarmen L\u00e4ndern verwendet werden.<\/p>\n<p><span style=\"font-size: 24px;\"><strong>Antibakterieller Extrakt.<\/strong><\/span><\/p>\n<p>Forscher in Russland haben eine neue antibakterielle Verbindung hergestellt, die eine \u00e4hnliche Wirkung wie Antibiotika hat, die aus schwarzem Soldatenfliegenlarvenfett gewonnen werden, das Bakterien abt\u00f6ten kann, die Pflanzen sch\u00e4digen.<\/p>\n<p><strong>Kimmy&#8217;s Farm Lieferant von Qualit\u00e4t Schwarze Soldatenfliegen Produkte Im S\u00fcden<\/strong> &#8211; Kimmy&#8217;s Farm ist spezialisiert auf die Bereitstellung von Produkten im Zusammenhang mit schwarzen Soldatenfliegen wie: Fliegeneier, Fliegenlarven, Fliegenpuppen, erwachsene schwarze Soldatenfliegen, Kokons, organischer D\u00fcnger von schwarzen Soldatenfliegen &#8230; und viele andere saubere landwirtschaftliche Produkte. Wir haben schwarze Soldatenfliegenfarmen in Tay Ninh und saubere landwirtschaftliche Anbaugebiete in Binh Phuoc, Repr\u00e4sentanzen in Ho-Chi-Minh-Stadt, mit denen Sie Kontakt aufnehmen k\u00f6nnen. Kimmy Farm ist eine saubere und moderne landwirtschaftliche Farm mit dem Wunsch, das Beste mit vielen Menschen zu teilen und Vietnams sauberes landwirtschaftliches \u00d6kosystem zu entwickeln. Bitte kontaktieren Sie uns, wenn Sie Nachschub f\u00fcr schwarze Soldatenfliegen ben\u00f6tigen.<\/p>\n","protected":false},"excerpt":{"rendered":"<p><strong>Hydrolysefl\u00fcssigkeit von schwarzen Soldatenfliegenlarven<\/strong> (Hydrolysefl\u00fcssigkeit, Fett von schwarzen Soldatenfliegenlarven) wird direkt in Tierfutter, Gefl\u00fcgel, Meeresfr\u00fcchte, Haustiere gemischt. Schwarze Soldatenfliegenlarven\u00f6l hat sich als reich an Protein, Fett usw. erwiesen. Gut f\u00fcr Tiere, nicht sch\u00e4dlich f\u00fcr den Menschen.<\/p>\n<p><strong>Zusammensetzung der L\u00f6sung (in 1 Liter):<\/strong><\/p>\n<ul>\n<li>Laurins\u00e4ure (Min): 5%<\/li>\n<li>Sand: 2%<\/li>\n<li>Destilliertes Wasser: 93%<\/li>\n<\/ul>\n<p><strong>Anweisungen zur Verwendung von Saft von schwarzen Soldatenfliegen:<\/strong><\/p>\n<ul>\n<li>Wird w\u00e4hrend der gesamten Zucht verwendet.<\/li>\n<li>Wird der t\u00e4glichen Ern\u00e4hrung hinzugef\u00fcgt<\/li>\n<li>Mischrate von: 20 &#8211; 50ml \/ 1kg Futter.<\/li>\n<li>Das Produkt ist sicher f\u00fcr Haustiere.<\/li>\n<li>Keine Notwendigkeit, die Verwendung vor der Ernte zu stoppen.<\/li>\n<\/ul>\n","protected":false},"featured_media":20065,"template":"","meta":[],"product_brand":[],"product_cat":[259],"product_tag":[292,307],"class_list":{"0":"post-22023","1":"product","2":"type-product","3":"status-publish","4":"has-post-thumbnail","6":"product_cat-ollaven-soldatenfligen","7":"product_tag-ol-von-schwaze-soldatenfliegen","8":"product_tag-schwarze-soldatenfliegen","10":"first","11":"instock","12":"shipping-taxable","13":"product-type-simple"},"_links":{"self":[{"href":"https:\/\/kimmyfarm.com\/de\/wp-json\/wp\/v2\/product\/22023","targetHints":{"allow":["GET"]}}],"collection":[{"href":"https:\/\/kimmyfarm.com\/de\/wp-json\/wp\/v2\/product"}],"about":[{"href":"https:\/\/kimmyfarm.com\/de\/wp-json\/wp\/v2\/types\/product"}],"version-history":[{"count":0,"href":"https:\/\/kimmyfarm.com\/de\/wp-json\/wp\/v2\/product\/22023\/revisions"}],"wp:featuredmedia":[{"embeddable":true,"href":"https:\/\/kimmyfarm.com\/de\/wp-json\/wp\/v2\/media\/20065"}],"wp:attachment":[{"href":"https:\/\/kimmyfarm.com\/de\/wp-json\/wp\/v2\/media?parent=22023"}],"wp:term":[{"taxonomy":"product_brand","embeddable":true,"href":"https:\/\/kimmyfarm.com\/de\/wp-json\/wp\/v2\/product_brand?post=22023"},{"taxonomy":"product_cat","embeddable":true,"href":"https:\/\/kimmyfarm.com\/de\/wp-json\/wp\/v2\/product_cat?post=22023"},{"taxonomy":"product_tag","embeddable":true,"href":"https:\/\/kimmyfarm.com\/de\/wp-json\/wp\/v2\/product_tag?post=22023"}],"curies":[{"name":"wp","href":"https:\/\/api.w.org\/{rel}","templated":true}]}}