{"id":21980,"date":"2020-12-28T17:05:25","date_gmt":"2020-12-28T10:05:25","guid":{"rendered":"https:\/\/kimmyfarm.com\/product\/dunger-aus-larven-der-schwarzen-soldatenfliege"},"modified":"2021-11-18T02:17:32","modified_gmt":"2021-11-17T19:17:32","slug":"dunger-aus-larven-der-schwarzen-soldatenfliege","status":"publish","type":"product","link":"https:\/\/kimmyfarm.com\/de\/produkt\/dunger-aus-larven-der-schwarzen-soldatenfliege","title":{"rendered":"D\u00fcnger aus Larven der schwarzen Soldatenfliege"},"content":{"rendered":"<p><span style=\"font-size: 24px;\"><strong>Einf\u00fchrung in Black Soldier Fly Larva Black Soldier Fly Larvae.<\/strong><\/span><\/p>\n<p>Wenn es um schwarzen Soldatenfliegenkot geht, ist es der Name f\u00fcr den Kot von schwarzen Soldatenfliegenlarven, die aus ihren K\u00f6rpern entfernt werden, und nicht f\u00fcr den Kot erwachsener schwarzer Soldatenfliegen. Der Kot der Fliegenlarven nach dem Sammeln oder sie werden getrocknet. Zu dieser Zeit wird der Teil der Larven wie zerknuster Boden sein, der auf dem Bauernhof im Garten des Hauses verwendet werden kann, um die Zimmerpflanzen zu d\u00fcngen.<\/p>\n<p>Der Kot von schwarzen Soldatenfliegenlarven (wie Zimtkot) ist ein organischer D\u00fcnger. Sie sind saubere St\u00fchle, die ziemlich sauber sind, wenig oder keinen Geruch haben, viele gute N\u00e4hrstoffe f\u00fcr den Boden haben.<\/p>\n<p><span style=\"font-size: 24px;\"><strong>N\u00e4hrstoffe in der Larve Black Soldier<\/strong><\/span><\/p>\n<p>N-P-K-Werte sind eine g\u00e4ngige M\u00f6glichkeit, den N\u00e4hrstoffgehalt verschiedener D\u00fcngemittel anzuzeigen. Der N-P-K-Wert eines D\u00fcngemittels beschreibt die Konzentration der in D\u00fcngemitteln enthaltenen N\u00e4hrstoffe, einschlie\u00dflich Stickstoff (N), Phosphor (P), Kalium (K).<\/p>\n<p><strong>Bei schwarzem Soldatenfliegenkot umfasst der N-P-K-Wert:<\/strong><\/p>\n<ul>\n<li>Stickstoff (in &#8211; Nts): 2,1%<\/li>\n<li>Phosphor (in P2O5ts): 2,57%<\/li>\n<li>Kalium (in K2Ots): 1,2%<\/li>\n<\/ul>\n<p><strong>Insbesondere die Ergebnisse der Bewertung des Gehalts an N\u00e4hrstoffen, die in der Larvenlarve schwarzer Soldatenfliegen vorhanden sind, haben detailliertere Ergebnisse wie folgt:<\/strong><\/p>\n<ul>\n<li>PH: 5,25<\/li>\n<li>OM: 65,5%<\/li>\n<li>NTS: 2,1%<\/li>\n<li>Humins\u00e4ure: 1,93%<\/li>\n<li>Fulvos\u00e4ure: 4,61%<\/li>\n<li>K2Ots: 1,2%<\/li>\n<li>P2O5ts: 2,57%<\/li>\n<li>CaO: 3,75%<\/li>\n<li>MgO: 1,28%<\/li>\n<li>Zn: 77,3ppm<\/li>\n<li>Energiemetalle (Cd, Pb, As, Hg): unentdeckt.<\/li>\n<\/ul>\n<p><strong><span style=\"font-size: 24px;\">Wof\u00fcr wird schwarzer Soldatenfliegenlarvenkot verwendet?<\/span><\/strong><\/p>\n<p>Oft wird die Larvenlarve schwarzer Soldatenfliegen beim Mischen verwendet, um organische D\u00fcngemittel, hochwertige D\u00fcngemittelpr\u00e4parate herzustellen &#8230;<\/p>\n<ul>\n<li>Direkte Nutzung f\u00fcr Grundst\u00fccke<\/li>\n<li>Verwenden Sie das Mischen mit anderen Arten von Kot.<\/li>\n<li>Wird als Kompost in der sauberen Landwirtschaft verwendet.<\/li>\n<li>Verwendung als hochwertiges Probiotikum, das Pflanzen stimuliert.<\/li>\n<\/ul>\n<p><strong>Kimmy&#8217;s Farm Lieferant von Qualit\u00e4t Schwarze Soldatenfliegen Produkte Im S\u00fcden<\/strong> &#8211; Kimmy&#8217;s Farm ist spezialisiert auf die Bereitstellung von Produkten im Zusammenhang mit schwarzen Soldatenfliegen wie: Fliegeneier, Fliegenlarven, Fliegenpuppen, erwachsene schwarze Soldatenfliegen, Kokons, organischer D\u00fcnger von schwarzen Soldatenfliegen &#8230; und viele andere saubere landwirtschaftliche Produkte. Wir haben schwarze Soldatenfliegenfarmen in Tay Ninh und saubere landwirtschaftliche Anbaugebiete in Binh Phuoc, Repr\u00e4sentanzen in Ho-Chi-Minh-Stadt, mit denen Sie Kontakt aufnehmen k\u00f6nnen. Kimmy Farm ist eine saubere und moderne landwirtschaftliche Farm mit dem Wunsch, das Beste mit vielen Menschen zu teilen und Vietnams sauberes landwirtschaftliches \u00d6kosystem zu entwickeln. Bitte kontaktieren Sie uns, wenn Sie Nachschub f\u00fcr schwarze Soldatenfliegen ben\u00f6tigen.<\/p>\n","protected":false},"excerpt":{"rendered":"<p>D\u00fcnger aus schwarzen Soldatenfliegenlarven ist ein hochwertiger D\u00fcnger mit extrem hohem N\u00e4hrstoffgehalt, der sehr gut f\u00fcr Nutzpflanzen ist. N-P-K-Werte sind eine g\u00e4ngige M\u00f6glichkeit, den N\u00e4hrstoffgehalt verschiedener D\u00fcngemittel anzuzeigen. Der N-P-K-Wert eines D\u00fcngemittels beschreibt die Konzentration der in D\u00fcngemitteln enthaltenen N\u00e4hrstoffe, einschlie\u00dflich Stickstoff (N), Phosphor (P), Kalium (K).<\/p>\n<p><strong>Die Ern\u00e4hrung in schwarzen Soldatenfliegenlarven nach N-P-K-Werten umfasst normalerweise:<\/strong><\/p>\n<ul>\n<li><span style=\"font-family: arial, helvetica, sans-serif;\">Stickstoff (in &#8211; Nts): 2,1%<\/span><\/li>\n<li><span style=\"font-family: arial, helvetica, sans-serif;\">Phosphor (in P2O5ts): 2,57%<\/span><\/li>\n<li><span style=\"font-family: arial, helvetica, sans-serif;\">Kalium (in K2Ots): 1,2%<\/span><\/li>\n<\/ul>\n","protected":false},"featured_media":20134,"template":"","meta":[],"product_brand":[],"product_cat":[269,257],"product_tag":[398,307],"class_list":{"0":"post-21980","1":"product","2":"type-product","3":"status-publish","4":"has-post-thumbnail","6":"product_cat-scheisse-von-schwarze-soldatenfliegen","7":"product_cat-schwarze-soldatenfliegen","8":"product_tag-dunger","9":"product_tag-schwarze-soldatenfliegen","11":"first","12":"instock","13":"shipping-taxable","14":"product-type-simple"},"_links":{"self":[{"href":"https:\/\/kimmyfarm.com\/de\/wp-json\/wp\/v2\/product\/21980","targetHints":{"allow":["GET"]}}],"collection":[{"href":"https:\/\/kimmyfarm.com\/de\/wp-json\/wp\/v2\/product"}],"about":[{"href":"https:\/\/kimmyfarm.com\/de\/wp-json\/wp\/v2\/types\/product"}],"version-history":[{"count":0,"href":"https:\/\/kimmyfarm.com\/de\/wp-json\/wp\/v2\/product\/21980\/revisions"}],"wp:featuredmedia":[{"embeddable":true,"href":"https:\/\/kimmyfarm.com\/de\/wp-json\/wp\/v2\/media\/20134"}],"wp:attachment":[{"href":"https:\/\/kimmyfarm.com\/de\/wp-json\/wp\/v2\/media?parent=21980"}],"wp:term":[{"taxonomy":"product_brand","embeddable":true,"href":"https:\/\/kimmyfarm.com\/de\/wp-json\/wp\/v2\/product_brand?post=21980"},{"taxonomy":"product_cat","embeddable":true,"href":"https:\/\/kimmyfarm.com\/de\/wp-json\/wp\/v2\/product_cat?post=21980"},{"taxonomy":"product_tag","embeddable":true,"href":"https:\/\/kimmyfarm.com\/de\/wp-json\/wp\/v2\/product_tag?post=21980"}],"curies":[{"name":"wp","href":"https:\/\/api.w.org\/{rel}","templated":true}]}}