{"id":21978,"date":"2021-01-07T14:46:46","date_gmt":"2021-01-07T07:46:46","guid":{"rendered":"https:\/\/kimmyfarm.com\/product\/pulver-von-getrockneten-schwarzen-soldatenfliegenlarven-masse-10kg"},"modified":"2026-05-08T07:32:27","modified_gmt":"2026-05-08T00:32:27","slug":"pulver-von-getrockneten-schwarzen-soldatenfliegenlarven-masse-10kg","status":"publish","type":"product","link":"https:\/\/kimmyfarm.com\/de\/produkt\/pulver-von-getrockneten-schwarzen-soldatenfliegenlarven-masse-10kg","title":{"rendered":"Pulver Von Getrockneten Schwarzen Soldatenfliegenlarven- Masse: 10kg"},"content":{"rendered":"<p><span style=\"font-size: 20px;\"><strong>Pulver Von Getrokneten Schwarzen Soldatenfliegenlarven &#8211; 10kg<\/strong><\/span><\/p>\n<p>Schwarzen Soldatenfliengenlarven ( Calciumwurmpulver, Calciumwurmkleie, schwarze Soldatenfliegenlarvenkleie) ist ein Pulver, das aus getrockneten schwarzen Soldatenfliegenlarven hergestellt wird, die p\u00fcriert werden. Unsere Produkte verwenden kommerzielle schwarze Soldatenfliegenlarven von guter Qualit\u00e4t mit vollen N\u00e4hrstoffen f\u00fcr Tiere, Produkte aus 100% reinen getrockneten schwarzen Soldatenfliegenlarven. Alle Larven des Produkts werden auf unserer Farm aus Tay Ninh Vietnam aufgezogen, wo der Boden und das Klima am besten f\u00fcr sie geeignet sind.<\/p>\n<p>Schwarze Soldatenfliegenlarven (auch bekannt als Kalziumw\u00fcrmer) sind Lebensmittel, die reich an nat\u00fcrlichen N\u00e4hrstoffen sind, reich an Proteinen, hohen Lipiden, reich an Kalzium, gut f\u00fcr Tiere. Unsere schwarzen Soldatenfliegenlarven werden aus Tay Ninh, Binh Phuoc &#8211; Vietnam aufgezogen, wo boden- und klimatisch am besten f\u00fcr sie geeignet sind. Schwarze Soldatenfliegen sind billiger als andere Mahlzeiten, was eine gro\u00dfartige Erg\u00e4nzung zur Di\u00e4t der Tiere ist.<\/p>\n<p><strong>Empfehlungen von Tier\u00e4rzten bei der Verwendung von Tiernahrungsprodukten:<\/strong><\/p>\n<ul>\n<li><strong>Sichere Produkte f\u00fcr:<\/strong> Hunde, Katzen, H\u00fchner, Fisch, Garnelen, Gefl\u00fcgel, Reptilien, kleine S\u00e4ugetiere und essbare Ungeziefer fressende Tiere &#8230;<\/li>\n<li><strong>F\u00fcr die t\u00e4gliche Ern\u00e4hrung:<\/strong> Mischen Sie 15-20% des Larvenpulvers in die Mahlzeit f\u00fcr die t\u00e4gliche Nahrung.<\/li>\n<li><strong>F\u00fcr eine proteinreiche Di\u00e4t:<\/strong> Verwenden Sie 100% Larvenmehl als proteinreiche Mahlzeit 2-3 mal pro Woche.<\/li>\n<\/ul>\n<table style=\"width: 60.2904%; height: 159px;\" border=\"1\" cellspacing=\"1\" cellpadding=\"1\">\n<tbody>\n<tr style=\"height: 39px;\">\n<td style=\"width: 29.8423%; height: 39px;\"><strong>Produktname:<\/strong><\/td>\n<td style=\"width: 100.915%; height: 39px;\">Pulver von getrockneten schwarzen Soldatenfliegenlarven <em>(rein).<\/em><\/td>\n<\/tr>\n<tr style=\"height: 40px;\">\n<td style=\"width: 29.8423%; height: 40px;\"><strong>Hergestellt aus:<\/strong><\/td>\n<td style=\"width: 100.915%; height: 40px;\">100% gstrockneten schwarzen Soldatenfliegenlarven.<\/td>\n<\/tr>\n<tr style=\"height: 40px;\">\n<td style=\"width: 29.8423%; height: 40px;\"><b>Zustand:<\/b><\/td>\n<td style=\"width: 100.915%; height: 40px;\">Feines, trockenes, nicht klebendes Pulver.<\/td>\n<\/tr>\n<tr style=\"height: 40px;\">\n<td style=\"width: 29.8423%; height: 40px;\"><strong>Verwendung f\u00fcr:<\/strong><\/td>\n<td style=\"width: 100.915%; height: 40px;\">Futter f\u00fcr Hunde, Katzen, Fische, Garnelen, Reptilien &#8230;<\/td>\n<\/tr>\n<\/tbody>\n<\/table>\n<p><strong>=&gt;Siehe auch:<\/strong><\/p>\n<p><img decoding=\"async\" src=\"https:\/\/kimmyfarm.com\/wp-content\/uploads\/2020\/12\/Black-Soldier-Fly-Larvae-Meal-BSFL-Powder-Raw-Image-4.jpg\" alt=\"B\u1ed9t \u1ea5u tr\u00f9ng ru\u1ed3i l\u00ednh \u0111en (BSFL Powder) l\u00e0 lo\u1ea1i b\u1ed9t \u0111\u01b0\u1ee3c s\u1ea3n xu\u1ea5t t\u1eeb \u200b\u200b\u1ea5u tr\u00f9ng ru\u1ed3i l\u00ednh \u0111en kh\u00f4 \u0111\u01b0\u1ee3c x\u00e2y nhuy\u1ec5n ra\" \/><\/p>\n<p>Schwarzen Soldatenfliegen Powder ist ein Pulver, das aus getrockneten schwarzen Soldatenfliegenlarven hergestellt wird, die aus P\u00fcree bestehen.<\/p>\n<p><span style=\"font-size: 24px;\"><strong>Ern\u00e4hrung in Black Soldier Fly Larva Pulver.<\/strong><\/span><\/p>\n<table style=\"width: 98.6541%; height: 198px;\">\n<tbody>\n<tr>\n<td style=\"width: 63.0138%;\"><strong>N\u00e4hrstoffe:<\/strong><\/td>\n<td style=\"width: 36.2364%;\"><strong>%N\u00e4hrstoffe<\/strong><\/td>\n<\/tr>\n<tr>\n<td style=\"width: 63.0138%;\"><strong>PROTEIN<\/strong>\u00a0(%)<\/td>\n<td style=\"width: 36.2364%;\">36,8%<\/td>\n<\/tr>\n<tr>\n<td style=\"width: 63.0138%;\"><strong>FETT<\/strong>\u00a0(%)<\/td>\n<td style=\"width: 36.2364%;\">38,1%<\/td>\n<\/tr>\n<tr>\n<td style=\"width: 63.0138%;\"><strong>CANXI<\/strong>\u00a0(%)<\/td>\n<td style=\"width: 36.2364%;\">3,28%<\/td>\n<\/tr>\n<tr>\n<td style=\"width: 63.0138%;\"><strong>PHOT PHO<\/strong>\u00a0(%)<\/td>\n<td style=\"width: 36.2364%;\">0,58%<\/td>\n<\/tr>\n<\/tbody>\n<\/table>\n<p><span style=\"font-size: 20px;\"><strong>Testbericht &#8211; Ern\u00e4hrungsprodukte von getrocknete schwarzen Soldatenfliegenlarven!<\/strong><\/span><\/p>\n<p><img decoding=\"async\" src=\"https:\/\/kimmyfarm.com\/wp-content\/uploads\/2021\/01\/Nutritional-value-of-black-soldier-fly-larvae-in-viet-nam.jpg\" alt=\"Testing Reports - Nutrition Products DRIED Black Soldier Fly Larvae From Kimmy Farm Vietnam\" \/><\/p>\n<p>Der Ern\u00e4hrungszusammensetzungstest von Larven der schwarzen Soldatenfliege.<\/p>\n<p><span style=\"font-size: 20px;\"><strong>Bilddetails der<\/strong><\/span><span style=\"font-size: 20px;\"><strong> Produktvorlage<\/strong><\/span><\/p>\n<p><img decoding=\"async\" src=\"https:\/\/kimmyfarm.com\/wp-content\/uploads\/2020\/12\/Black-Soldier-Fly-Larvae-Meal-BSFL-Powder-Raw-Image-4.jpg\" alt=\"Raw Image Of Black Soldier Fly Larvae Meal From Our Farm In Tay Ninh, Vietnam \u2013 BSFL Powder image!\" \/><\/p>\n<p><img decoding=\"async\" src=\"https:\/\/kimmyfarm.com\/wp-content\/uploads\/2020\/12\/Black-Soldier-Fly-Larvae-Meal-BSFL-Powder-Raw-Image.jpg\" alt=\"Raw Image Of Black Soldier Fly Larvae Meal From Our Farm In Tay Ninh, Vietnam \u2013 BSFL Powder image - 1\" \/><\/p>\n<p><img decoding=\"async\" src=\"https:\/\/kimmyfarm.com\/wp-content\/uploads\/2020\/12\/Black-Soldier-Fly-Larvae-Meal-BSFL-Powder-Raw-Image-2.jpg\" alt=\"Raw Image Of Black Soldier Fly Larvae Meal From Our Farm In Tay Ninh, Vietnam \u2013 BSFL Powder image - 2\" \/><\/p>\n<p><img decoding=\"async\" src=\"https:\/\/kimmyfarm.com\/wp-content\/uploads\/2020\/12\/Black-Soldier-Fly-Larvae-Meal-BSFL-Powder-Raw-Image-3.jpg\" alt=\"Raw Image Of Black Soldier Fly Larvae Meal From Our Farm In Tay Ninh, Vietnam \u2013 BSFL Powder image - 3\" \/><\/p>\n<p>Das wahre Bild des Black Soldier Fly Powder auf der Kimmy Farm.<\/p>\n<p><span style=\"font-size: 20px;\"><strong>Verpackte Anleitungen<\/strong><\/span><\/p>\n<p><img decoding=\"async\" src=\"https:\/\/kimmyfarm.com\/wp-content\/uploads\/2020\/12\/500-gram-per-unit-1.10-lbs-of-Vacuum-Flexy-Pouches-1.jpg\" alt=\"BSFL Meal (Powder) packed in PE vacuum bag of 500g at our Farm.\" \/><\/p>\n<p><img decoding=\"async\" src=\"https:\/\/kimmyfarm.com\/wp-content\/uploads\/2020\/12\/500-gram-per-unit-1.10-lbs-of-Vacuum-Flexy-Pouches.jpg\" alt=\"BSFL Meal (Powder) packed in PE vacuum bag of 500g at our Farm.\" \/><\/p>\n<p>Schwarzen Soldatenfiegen Powder auf der Kimmy Farm ist in dicken PE-Beuteln verpackt, die vakuumieren.<\/p>\n<p><strong>Kimmy&#8217;s Farm Lieferant von Qualit\u00e4t Schwarze Soldatenfliegen Produkte Im S\u00fcden<\/strong> &#8211; Kimmy&#8217;s Farm ist spezialisiert auf die Bereitstellung von Produkten im Zusammenhang mit schwarzen Soldatenfliegen wie: Fliegeneier, Fliegenlarven, Fliegenpuppen, erwachsene schwarze Soldatenfliegen, Kokons, organischer D\u00fcnger von schwarzen Soldatenfliegen &#8230; und viele andere saubere landwirtschaftliche Produkte. Wir haben schwarze Soldatenfliegenfarmen in Tay Ninh und saubere landwirtschaftliche Anbaugebiete in Binh Phuoc, Repr\u00e4sentanzen in Ho-Chi-Minh-Stadt, mit denen Sie Kontakt aufnehmen k\u00f6nnen. Kimmy Farm ist eine saubere und moderne landwirtschaftliche Farm mit dem Wunsch, das Beste mit vielen Menschen zu teilen und Vietnams sauberes landwirtschaftliches \u00d6kosystem zu entwickeln. Bitte kontaktieren Sie uns, wenn Sie Nachschub f\u00fcr schwarze Soldatenfliegen ben\u00f6tigen.<\/p>\n","protected":false},"excerpt":{"rendered":"<p><strong>Schwarzen Soldatenfliegenlarven Powder<\/strong>\u00a0ist ein Pulver, das aus getrockneten schwarzen Soldatenfliegenlarven hergestellt wird, die p\u00fcriert werden. Unser Pulverprodukt verwendet kommerzielle schwarze Soldatenfliegenlarven von guter Qualit\u00e4t mit vollen N\u00e4hrstoffen, die f\u00fcr Tiere bestimmt sind.<\/p>\n<p><strong>Zusammenfassung der Informationen \u00fcber Black Soldier Fly Larval Powder:<\/strong><\/p>\n<ul>\n<li><strong>Eiwei\u00df:<\/strong> 36,8%<\/li>\n<li><strong>Fett:\u00a0<\/strong>38,1 %<\/li>\n<li><strong>Canxi:<\/strong> 3,28%<\/li>\n<li><strong>Phospho: <\/strong>0,58%<\/li>\n<li><strong>Verwendet f\u00fcr:<\/strong> Hunde, Katzen, H\u00fchner, Fische, Garnelen, Gefl\u00fcgel, Reptilien, kleine S\u00e4ugetiere und ungezieferfressende Tiere&#8230;<\/li>\n<li><strong>Paketgr\u00f6\u00dfe:<\/strong> 500 Gramm \/ 1 Beutel (1,10 lbs). Vakuum-Saugbeutel<\/li>\n<li><strong>Herkunft:<\/strong> Tay Ninh, Vietnam<\/li>\n<li><strong>Weitere Informationen:<\/strong> Verwenden Sie 100% reine schwarze Soldatenfliegenlarven, die nur f\u00fcr Tiere verwendet werden.<\/li>\n<\/ul>\n","protected":false},"featured_media":20210,"template":"","meta":[],"product_brand":[],"product_cat":[258,257],"product_tag":[287,307],"class_list":{"0":"post-21978","1":"product","2":"type-product","3":"status-publish","4":"has-post-thumbnail","6":"product_cat-pulver-von-soldatenfliegenlarven","7":"product_cat-schwarze-soldatenfliegen","8":"product_tag-pulver-schwarzen-soldatenfliegenlarven","9":"product_tag-schwarze-soldatenfliegen","11":"first","12":"instock","13":"shipping-taxable","14":"product-type-simple"},"_links":{"self":[{"href":"https:\/\/kimmyfarm.com\/de\/wp-json\/wp\/v2\/product\/21978","targetHints":{"allow":["GET"]}}],"collection":[{"href":"https:\/\/kimmyfarm.com\/de\/wp-json\/wp\/v2\/product"}],"about":[{"href":"https:\/\/kimmyfarm.com\/de\/wp-json\/wp\/v2\/types\/product"}],"version-history":[{"count":0,"href":"https:\/\/kimmyfarm.com\/de\/wp-json\/wp\/v2\/product\/21978\/revisions"}],"wp:featuredmedia":[{"embeddable":true,"href":"https:\/\/kimmyfarm.com\/de\/wp-json\/wp\/v2\/media\/20210"}],"wp:attachment":[{"href":"https:\/\/kimmyfarm.com\/de\/wp-json\/wp\/v2\/media?parent=21978"}],"wp:term":[{"taxonomy":"product_brand","embeddable":true,"href":"https:\/\/kimmyfarm.com\/de\/wp-json\/wp\/v2\/product_brand?post=21978"},{"taxonomy":"product_cat","embeddable":true,"href":"https:\/\/kimmyfarm.com\/de\/wp-json\/wp\/v2\/product_cat?post=21978"},{"taxonomy":"product_tag","embeddable":true,"href":"https:\/\/kimmyfarm.com\/de\/wp-json\/wp\/v2\/product_tag?post=21978"}],"curies":[{"name":"wp","href":"https:\/\/api.w.org\/{rel}","templated":true}]}}