{"id":21931,"date":"2021-10-21T13:33:19","date_gmt":"2021-10-21T06:33:19","guid":{"rendered":"https:\/\/kimmyfarm.com\/product\/magerer-pangasius-95-mager-verwenden-fischfrikadellen"},"modified":"2021-11-06T09:28:21","modified_gmt":"2021-11-06T02:28:21","slug":"magerer-pangasius-95-mager-verwenden-fischfrikadellen","status":"publish","type":"product","link":"https:\/\/kimmyfarm.com\/de\/produkt\/magerer-pangasius-95-mager-verwenden-fischfrikadellen","title":{"rendered":"Magerer Pangasius (95% Mager) Verwenden Fischfrikadellen"},"content":{"rendered":"<p><span style=\"font-size: 24px;\"><strong>Produktdetails Magerer Pangasius<\/strong><\/span><\/p>\n<p>Mager (magerer Pangasius, magerer Pangasiusfleisch) ist das Fleisch von Pangasius, das nach dem Pangasiusfilet von Exportfischverarbeitungsbetrieben \u00fcbrig bleibt. Menschen verwenden oft<strong> magerer Pangasius<\/strong>\u00a0als Hauptrohstoff in <strong>der Produktion<\/strong> wie <strong>Fischfrikadellen, Seidenr\u00f6llchen, Fr\u00fchlingsrollen, Scheiner\u00f6llchen, W\u00fcrstchen, Rinderb\u00e4llchen, Fischb\u00e4llchen, gebratener See&#8230; <\/strong>Magerer Pangasius ist ein Produkt mit vielen N\u00e4hrstoffen wie: <strong>protein, lipit, vitamin, Dha&#8230;\u00a0<\/strong>gut f\u00fcr das Gehirn, das menschliche Verdauungssystem, beugt vielen Herz-Kreislauf-Erkrankungen vor.<\/p>\n<ul>\n<li>Der Anteil an magerem Pangasiusfleisch betr\u00e4gt mehr als 95%, saubere Haut, saubere Knochen.<\/li>\n<li>Tiefk\u00fchlware hat die gleiche Qualit\u00e4t wie frische Ware.<\/li>\n<li>Saubere Ware ohne Verunreinigungen, sorgf\u00e4ltig konsenviert.<\/li>\n<li>Keine Chemikalien, Konservierungsstoffe, Weight Gainer.<\/li>\n<li>Gro\u00dfe, stabile Warenquelle- wettbewerbsf\u00e4hige Preise.<\/li>\n<\/ul>\n<p><span style=\"font-size: 24px;\"><strong>Echte Bilder von Magerer Pangasius!<\/strong><\/span><\/p>\n<p><img decoding=\"async\" src=\"https:\/\/kimmyfarm.com\/wp-content\/uploads\/2021\/10\/de-nac-ca-tra-thit-do-dung-de-lam-cha-ca.jpg\" \/><\/p>\n<p><img decoding=\"async\" src=\"https:\/\/kimmyfarm.com\/wp-content\/uploads\/2021\/10\/de-nac-ca-tra-thit-do-dung-de-lam-cha-ca-dong-thanh-block.jpg\" \/><\/p>\n<p><strong>Siehe Die Pangasius-Produkte von Kimmy Farm:<\/strong><\/p>\n<p><strong>=&gt; Weitere verwandte Produkte anzeigen:<\/strong><\/p>\n","protected":false},"excerpt":{"rendered":"<p><strong>Mager<\/strong> <em>(magerer Pangasius, magerer Pangasiusfleisch)<\/em> <strong>ist das Fleisch von Pangasius<\/strong>, das nach dem Pangasiusfilet von Exportfischverarbeitungsbetrieben \u00fcbrig bleibt. Menschen verwenden oft<strong> magerer Pangasius<\/strong>\u00a0als Hauptrohstoff in <strong>der Produktion<\/strong> wie <strong>Fischfrikadellen, Seidenr\u00f6llchen, Fr\u00fchlingsrollen, Scheiner\u00f6llchen, W\u00fcrstchen, Rinderb\u00e4llchen, Fischb\u00e4llchen, gebratener See&#8230;<\/strong><\/p>\n<ul>\n<li><strong>Produktname:<\/strong> Mager Pangasius <em>(magerer Pangasius, magerer Pangasiusfleisch)<\/em><\/li>\n<li><strong>Zutat:<\/strong> 100% Pangasius<\/li>\n<li><strong>Prozentsatz:<\/strong> 95% mager, saubere Haut, saubere Knochen.<\/li>\n<li><strong>Erhalten:<\/strong> Temperatur unter -18 Grad.<\/li>\n<li><strong>Pack:<\/strong> Block 5kg, Block 10kg.<\/li>\n<li><strong>Ursprung:<\/strong> Vinh Long, Dong Thap, VietNam.<\/li>\n<li><strong>Qualit\u00e4t:<\/strong>\u00a0Saubere Ware ohne Verunreinigungen, sorgf\u00e4ltig konsenviert.<\/li>\n<li><strong>Konservierungschemikalien:<\/strong> Keine Chemikalien, Konservierungsstoffe, Weight Gainer.<\/li>\n<\/ul>\n","protected":false},"featured_media":20593,"template":"","meta":[],"product_brand":[],"product_cat":[263,265],"product_tag":[308],"class_list":{"0":"post-21931","1":"product","2":"type-product","3":"status-publish","4":"has-post-thumbnail","6":"product_cat-gefrorene-fischeries","7":"product_cat-pangasius","8":"product_tag-gefrorene-fischeries","10":"first","11":"instock","12":"shipping-taxable","13":"product-type-simple"},"_links":{"self":[{"href":"https:\/\/kimmyfarm.com\/de\/wp-json\/wp\/v2\/product\/21931","targetHints":{"allow":["GET"]}}],"collection":[{"href":"https:\/\/kimmyfarm.com\/de\/wp-json\/wp\/v2\/product"}],"about":[{"href":"https:\/\/kimmyfarm.com\/de\/wp-json\/wp\/v2\/types\/product"}],"version-history":[{"count":0,"href":"https:\/\/kimmyfarm.com\/de\/wp-json\/wp\/v2\/product\/21931\/revisions"}],"wp:featuredmedia":[{"embeddable":true,"href":"https:\/\/kimmyfarm.com\/de\/wp-json\/wp\/v2\/media\/20593"}],"wp:attachment":[{"href":"https:\/\/kimmyfarm.com\/de\/wp-json\/wp\/v2\/media?parent=21931"}],"wp:term":[{"taxonomy":"product_brand","embeddable":true,"href":"https:\/\/kimmyfarm.com\/de\/wp-json\/wp\/v2\/product_brand?post=21931"},{"taxonomy":"product_cat","embeddable":true,"href":"https:\/\/kimmyfarm.com\/de\/wp-json\/wp\/v2\/product_cat?post=21931"},{"taxonomy":"product_tag","embeddable":true,"href":"https:\/\/kimmyfarm.com\/de\/wp-json\/wp\/v2\/product_tag?post=21931"}],"curies":[{"name":"wp","href":"https:\/\/api.w.org\/{rel}","templated":true}]}}