{"id":21918,"date":"2021-10-21T16:51:04","date_gmt":"2021-10-21T09:51:04","guid":{"rendered":"https:\/\/kimmyfarm.com\/product\/pangasius-rote-fleischkrucken-rote-fleischkrucke-verwenden-als-fischseidenrollen"},"modified":"2021-11-18T01:39:15","modified_gmt":"2021-11-17T18:39:15","slug":"pangasius-rote-fleischkrucken-rote-fleischkrucke-verwenden-als-fischseidenrollen","status":"publish","type":"product","link":"https:\/\/kimmyfarm.com\/de\/produkt\/pangasius-rote-fleischkrucken-rote-fleischkrucke-verwenden-als-fischseidenrollen","title":{"rendered":"Pangasius rote Fleischkr\u00fccken (rote Fleischkr\u00fccke) verwenden als Fischseidenrollen"},"content":{"rendered":"<p><span style=\"font-size: 24px; font-family: 'times new roman', times, serif;\"><strong>Detaillierte Informationen \u00fcber Pangasius-Rotkr\u00fcckenprodukte.<\/strong><\/span><\/p>\n<p><strong>Pangasius rote Krutete\u00a0<\/strong><em>(Pangasius rotes Fleisch, rote Pangasiuskrute, rote Fleischkr\u00fccken)<\/em> ist <strong>das Fleisch des Pangasiuses\u00a0<\/strong>beim Schneiden von Pangasiusfilets von Pangasius-Verarbeitungsbetrieben f\u00fcr den Export herausgefiltert. Menschen verwenden oft<strong> rotes Pangasiusfleisch<\/strong> als Hauptrohstoff in <strong>der Produktion<\/strong> wie <strong>Fischfrikadellen, Seidenr\u00f6llchen, Fr\u00fchlingsrollen, Scheiner\u00f6llchen, W\u00fcrstchen, Rinderb\u00e4llchen, Fischb\u00e4llchen, gebratener See&#8230;<\/strong> Rotes Pangasiusfleisch ist ein Produkt mit vielen N\u00e4hrstoffen wie: <strong>protein, lipit, vitamin, Dha&#8230;\u00a0<\/strong>gut f\u00fcr das Gehirn, das menschliche Verdauungssystem, beugt vielen Herz-Kreislauf-Erkrankungen vor.<\/p>\n<ul>\n<li>Tiefk\u00fchlware hat die gleiche Qualit\u00e4t wie frische Ware.<\/li>\n<li>Saubere Ware ohne Verunreinigungen, sorgf\u00e4ltig konsenviert.<\/li>\n<li>Keine Chemikalien, Konservierungsstoffe, Weight Gainer.<\/li>\n<li>Gro\u00dfe, stabile Warenquelle- wettbewerbsf\u00e4hige Preise.<\/li>\n<\/ul>\n<p><span style=\"font-size: 20px;\"><strong>Echte Bilder Von Rotes Pangasiusfleisch!<\/strong><\/span><\/p>\n<p><img decoding=\"async\" src=\"https:\/\/kimmyfarm.com\/wp-content\/uploads\/2021\/10\/vun-do-ca-tra-dung-de-lam-cha-ca.jpg\" alt=\"V\u1ee5n \u0110\u1ecf C\u00e1 Tra (Th\u1ecbt \u0110\u1ecf V\u1ee5n) D\u00f9ng \u0110\u1ec3 L\u00e0m C\u00e1c S\u1ea3n Ph\u1ea9m Nh\u01b0: ch\u1ea3 c\u00e1, ch\u1ea3 l\u1ee5a, gi\u00f2 l\u1ee5a, gi\u00f2 th\u1ee7, x\u00fac x\u00edch, b\u00f2 vi\u00ean, c\u00e1 vi\u00ean, h\u1ed3 l\u00f4 chi\u00ean....\" \/><\/p>\n<p><span style=\"font-size: 14px;\">Rotes Pangasiuskrate <em>(rote Fleischkr\u00fccke) wird <\/em>\u00a0verwendet, um Produkte wie Fischbr\u00f6tchen, Seidenrollen, Seidenmaden, Fr\u00fchlingsrollen, W\u00fcrstchen, Rindfleischb\u00e4llchen, Fischb\u00e4llchen, gebratenen Loch&#8230;.<\/span><\/p>\n<p><img decoding=\"async\" src=\"https:\/\/kimmyfarm.com\/wp-content\/uploads\/2021\/10\/vun-do-ca-tra-dung-de-lam-cha-ca-1.jpg\" alt=\"V\u1ee5n \u0110\u1ecf C\u00e1 Tra (Th\u1ecbt \u0110\u1ecf V\u1ee5n) D\u00f9ng \u0110\u1ec3 L\u00e0m Ch\u1ea3 Block 5kg\" \/><\/p>\n<p><span style=\"font-size: 14px;\">Rotes Pangasiuskrate (Rote Fleischkr\u00fccken) wird verwendet, um Block 5 kg herzustellen.<\/span><\/p>\n<p><strong><span style=\"font-size: 20px;\">Einige verwandte Produkte wie:<\/span><\/strong><\/p>\n","protected":false},"excerpt":{"rendered":"<p><strong>Pangasius rote Krutete\u00a0<\/strong><em>(Pangasius rotes Fleisch, rote Pangasiuskrute, rote Fleischkr\u00fccken)<\/em> ist <strong>das Fleisch des Pangasiuses\u00a0<\/strong>beim Schneiden von Pangasiusfilets von Pangasius-Verarbeitungsbetrieben f\u00fcr den Export herausgefiltert. Menschen verwenden oft<strong> rotes Pangasiusfleisch<\/strong> als Hauptrohstoff in <strong>der Produktion<\/strong> wie <strong>Fischfrikadellen, Seidenr\u00f6llchen, Fr\u00fchlingsrollen, Scheiner\u00f6llchen, W\u00fcrstchen, Rinderb\u00e4llchen, Fischb\u00e4llchen, gebratener See&#8230;<\/strong><\/p>\n<ul>\n<li><strong>Produktname:<\/strong> Rotes Pangasiusfleisch <em>(rotes Pangasiuskratesfleisch)<\/em><\/li>\n<li><strong>Zutat:<\/strong> 100% Pangasius<\/li>\n<li><strong>Bewahren:<\/strong> Temperatur unter -18 Grad<\/li>\n<li><strong>Pack:<\/strong> Block 5kg<\/li>\n<li><strong>Ursprung:<\/strong> Vinh Long, Dong Thap, VietNam.<\/li>\n<li><strong>Qualit\u00e4t:<\/strong>\u00a0Saubere Ware ohne Verunreinigungen, sorgf\u00e4ltig konsenviert.<\/li>\n<li><strong>Konservierungschemikalien:<\/strong> Keine Chemikalien, Konservierungsstoffe, Weight Gainer.<\/li>\n<\/ul>\n","protected":false},"featured_media":20629,"template":"","meta":[],"product_brand":[],"product_cat":[263,265],"product_tag":[308],"class_list":{"0":"post-21918","1":"product","2":"type-product","3":"status-publish","4":"has-post-thumbnail","6":"product_cat-gefrorene-fischeries","7":"product_cat-pangasius","8":"product_tag-gefrorene-fischeries","10":"first","11":"instock","12":"shipping-taxable","13":"product-type-simple"},"_links":{"self":[{"href":"https:\/\/kimmyfarm.com\/de\/wp-json\/wp\/v2\/product\/21918","targetHints":{"allow":["GET"]}}],"collection":[{"href":"https:\/\/kimmyfarm.com\/de\/wp-json\/wp\/v2\/product"}],"about":[{"href":"https:\/\/kimmyfarm.com\/de\/wp-json\/wp\/v2\/types\/product"}],"version-history":[{"count":0,"href":"https:\/\/kimmyfarm.com\/de\/wp-json\/wp\/v2\/product\/21918\/revisions"}],"wp:featuredmedia":[{"embeddable":true,"href":"https:\/\/kimmyfarm.com\/de\/wp-json\/wp\/v2\/media\/20629"}],"wp:attachment":[{"href":"https:\/\/kimmyfarm.com\/de\/wp-json\/wp\/v2\/media?parent=21918"}],"wp:term":[{"taxonomy":"product_brand","embeddable":true,"href":"https:\/\/kimmyfarm.com\/de\/wp-json\/wp\/v2\/product_brand?post=21918"},{"taxonomy":"product_cat","embeddable":true,"href":"https:\/\/kimmyfarm.com\/de\/wp-json\/wp\/v2\/product_cat?post=21918"},{"taxonomy":"product_tag","embeddable":true,"href":"https:\/\/kimmyfarm.com\/de\/wp-json\/wp\/v2\/product_tag?post=21918"}],"curies":[{"name":"wp","href":"https:\/\/api.w.org\/{rel}","templated":true}]}}