{"id":13447,"date":"2021-01-09T13:21:17","date_gmt":"2021-01-09T06:21:17","guid":{"rendered":"https:\/\/kimmyfarm.com\/?post_type=product&#038;p=13447"},"modified":"2021-09-09T13:23:54","modified_gmt":"2021-09-09T06:23:54","slug":"tom-su-dong-lanh-nguyen-con","status":"publish","type":"product","link":"https:\/\/kimmyfarm.com\/de\/produkt\/tom-su-dong-lanh-nguyen-con","title":{"rendered":"T\u00f4m S\u00fa \u0110\u00f4ng L\u1ea1nh Nguy\u00ean Con"},"content":{"rendered":"<h2 class=\"ddict_sentence\">T\u00f4m S\u00fa \u0110\u01b0\u1ee3c Nu\u00f4i \u1edf Vi\u1ec7t Nam<\/h2>\n<p class=\"ddict_sentence\"><strong>T\u00f4m s\u00fa<\/strong><em> (Penaeus monodon, c\u00f2n \u0111\u01b0\u1ee3c g\u1ecdi l\u00e0 t\u00f4m s\u00fa ho\u1eb7c t\u00f4m s\u00fa ch\u00e2u \u00c1)<\/em> l\u00e0 m\u1ed9t lo\u1ea1i t\u00f4m th\u01b0\u1eddng \u0111\u01b0\u1ee3c \u0111\u00e1nh b\u1eaft ho\u1eb7c nu\u00f4i \u0111\u1ec3 l\u00e0m th\u1ef1c ph\u1ea9m. <strong>T\u00f4m s\u00fa \u0111\u01b0\u1ee3c coi l\u00e0 m\u1ed9t s\u1ea3n ph\u1ea9m cao c\u1ea5p<\/strong>, th\u00edch h\u1ee3p tr\u00ean th\u1ecb tr\u01b0\u1eddng th\u1ee7y s\u1ea3n ng\u00e0y nay. \u0110\u00e2y l\u00e0 lo\u00e0i t\u00f4m \u0111\u01b0\u1ee3c nu\u00f4i trong trang tr\u1ea1i ph\u1ed5 bi\u1ebfn nh\u1ea5t \u1edf Vi\u1ec7t Nam.<strong> H\u1ea7u h\u1ebft t\u00f4m s\u00fa t\u1ea1i Vi\u1ec7t Nam \u0111\u01b0\u1ee3c nu\u00f4i trong trang tr\u1ea1i nu\u00f4i t\u00f4m<\/strong>, m\u1eb7c d\u00f9 m\u1ed9t l\u01b0\u1ee3ng \u0111\u00e1ng k\u1ec3 \u0111\u01b0\u1ee3c thu ho\u1ea1ch t\u1eeb t\u1ef1 nhi\u00ean b\u1edfi c\u00e1c t\u00e0u \u0111\u00e1nh l\u01b0\u1edbi l\u00e0m vi\u1ec7c d\u01b0\u1edbi \u0111\u00e1y b\u00f9n t\u1eeb v\u00f9ng n\u01b0\u1edbc r\u1ea5t n\u00f4ng \u0111\u1ebfn \u0111\u1ed9 s\u00e2u h\u01a1n 300 feet.<\/p>\n<p class=\"ddict_sentence\"><strong>T\u00f4m S\u00fa l\u00e0 lo\u00e0i l\u1edbn nh\u1ea5t trong s\u1ed1 300 lo\u00e0i t\u00f4m th\u01b0\u01a1ng m\u1ea1i tr\u00ean to\u00e0n th\u1ebf gi\u1edbi<\/strong>, h\u1ed5 c\u00f3 th\u1ec3 ph\u00e1t tri\u1ec3n \u0111\u1ebfn 13 inch, nh\u01b0ng k\u00edch th\u01b0\u1edbc thu ho\u1ea1ch trung b\u00ecnh t\u1eeb 9 \u0111\u1ebfn 11 inch. Ba t\u1ec9nh \u0111\u00f3ng g\u00f3p nhi\u1ec1u nh\u1ea5t v\u00e0o s\u1ea3n l\u01b0\u1ee3ng t\u00f4m s\u00fa l\u00e0 C\u00e0 Mau, B\u1ea1c Li\u00eau v\u00e0 C\u1ea7n Th\u01a1 (\u1edf mi\u1ec1n Nam Vi\u1ec7t Nam). Hi\u1ec7n nay, t\u00f4m s\u00fa \u1edf Vi\u1ec7t Nam \u0111ang \u0111\u01b0\u1ee3c nu\u00f4i b\u1eb1ng th\u1ee9c \u0103n \u0111\u1ea1t ti\u00eau chu\u1ea9n qu\u1ed1c t\u1ebf. T\u00f4m s\u00fa c\u00f3 h\u01b0\u01a1ng v\u1ecb ng\u1ecdt nh\u1eb9 t\u1ef1 nhi\u00ean v\u00e0 k\u1ebft c\u1ea5u th\u1ecbt ch\u1eafc.<\/p>\n<h2 id=\"product-nutrition-facts\" class=\"ftwp-heading\">Gi\u00e1 Tr\u1ecb Dinh D\u01b0\u1ee1ng C\u1ee7a T\u00f4m S\u00fa<\/h2>\n<p><strong>T\u00f4m s\u00fa<\/strong> lo\u00e0i t\u00f4m c\u00f3 nhi\u1ec1u th\u1ecbt v\u1edbi k\u1ebft c\u1ea5u gi\u00f2n v\u00e0 ngon ng\u1ecdt, h\u01b0\u01a1ng v\u1ecb th\u01a1m ngon. Ch\u00fang r\u1ea5t gi\u00e0u selen, choline v\u00e0 vitamin B12, niacin, k\u1ebdm, vitamin E, vitamin B6 v\u00e0 20 lo\u1ea1i vitamin v\u00e0 kho\u00e1ng ch\u1ea5t kh\u00e1c nhau, bao g\u1ed3m 50% nhu c\u1ea7u h\u00e0ng ng\u00e0y c\u1ee7a b\u1ea1n v\u1ec1 selen, m\u1ed9t kho\u00e1ng ch\u1ea5t c\u00f3 th\u1ec3 gi\u00fap gi\u1ea3m vi\u00eam v\u00e0 t\u0103ng c\u01b0\u1eddng s\u1ee9c kh\u1ecfe tim m\u1ea1ch. <strong>T\u00f4m s\u00fa xu\u1ea5t x\u1ee9 t\u1eeb Vi\u1ec7t Nam<\/strong> l\u00e0 m\u1ed9t trong nh\u1eefng lo\u1ea1i t\u00f4m \u0111\u01b0\u1ee3c ti\u00eau th\u1ee5 ph\u1ed5 bi\u1ebfn v\u00e0 \u01b0a chu\u1ed9ng nh\u1ea5t tr\u00ean th\u1ebf gi\u1edbi.<\/p>\n<table style=\"width: 97.0367%; height: 248px;\">\n<tbody>\n<tr>\n<td style=\"width: 67.1264%;\"><strong>Calories<\/strong><\/td>\n<td style=\"width: 28.046%;\">106<\/td>\n<\/tr>\n<tr>\n<td style=\"width: 67.1264%;\"><strong>Fat Calories<\/strong><\/td>\n<td style=\"width: 28.046%;\">15.3<\/td>\n<\/tr>\n<tr>\n<td style=\"width: 67.1264%;\"><strong>Total Fat<\/strong><\/td>\n<td style=\"width: 28.046%;\">1.7 g<\/td>\n<\/tr>\n<tr>\n<td style=\"width: 67.1264%;\"><strong>Saturated Fat<\/strong><\/td>\n<td style=\"width: 28.046%;\">0.3 g<\/td>\n<\/tr>\n<tr>\n<td style=\"width: 67.1264%;\"><strong>Cholesterol<\/strong><\/td>\n<td style=\"width: 28.046%;\">152 mg<\/td>\n<\/tr>\n<tr>\n<td style=\"width: 67.1264%;\"><strong>Sodium<\/strong><\/td>\n<td style=\"width: 28.046%;\">148 mg<\/td>\n<\/tr>\n<tr>\n<td style=\"width: 67.1264%;\"><strong>Protein<\/strong><\/td>\n<td style=\"width: 28.046%;\">20.3 g<\/td>\n<\/tr>\n<tr>\n<td style=\"width: 67.1264%;\"><strong>Omega 3<\/strong><\/td>\n<td style=\"width: 28.046%;\">0.53 g<\/td>\n<\/tr>\n<\/tbody>\n<\/table>\n<h2>C\u00e1c H\u00ecnh Th\u1ee9c S\u01a1 Ch\u1ebf T\u00f4m S\u00fa<\/h2>\n<p class=\"ddict_sentence\">C\u00e1c h\u00ecnh th\u1ee9c ch\u00ednh c\u1ee7a s\u1ea3n ph\u1ea9m c\u1ee7a ch\u00fang t\u00f4i l\u00e0 b\u00f3c v\u1ecf tr\u00ean (HOSO), b\u00f3c v\u1ecf tr\u00ean (SO), b\u00f3c \u0111u\u00f4i tr\u00ean (PTO), b\u00f3c v\u1ecf ch\u01b0a kho\u00e9t b\u1ecf ch\u1ec9 l\u01b0ng (PUD), b\u00f3c v\u1ecf v\u00e0 kho\u00e9t b\u1ecf ch\u1ec9 l\u01b0ng (P&amp;D), b\u00f3c v\u1ecf v\u00e0 kho\u00e9t b\u1ecf ch\u1ec9 l\u01b0ng ( PDTO) v\u00e0 b\u1eadt \u0111u\u00f4i b\u01b0\u1edbm (BTTY-TO).<\/p>\n<p class=\"ddict_sentence\"><strong>C\u00e1c h\u00ecnh th\u1ee9c xu\u1ea5t kh\u1ea9u t\u00f4m s\u00fa nguy\u00ean li\u1ec7u th\u00f4 \u0111\u00f4ng l\u1ea1nh ch\u00ednh c\u1ee7a Vi\u1ec7t Nam:<\/strong><\/p>\n<ul>\n<li class=\"ddict_sentence\">Nguy\u00ean Headon Shellon<\/li>\n<li class=\"ddict_sentence\">Shellon th\u00f4 kh\u00f4ng \u0111\u1ea7u<\/li>\n<li class=\"ddict_sentence\">Ph\u1ea7n \u0111u\u00f4i P &amp; D \/ PUD th\u00f4<\/li>\n<li class=\"ddict_sentence\">Ph\u1ea7n \u0111u\u00f4i P &amp; D \/ PUD th\u00f4<\/li>\n<li class=\"ddict_sentence\">B\u01b0\u1edbm PTO th\u00f4<\/li>\n<li class=\"ddict_sentence\">Xi\u00ean \u0111u\u00f4i P &amp; D \/ PUD th\u00f4<\/li>\n<li class=\"ddict_sentence\">Nguy\u00ean P &amp; D \/ PUD Xi\u00ean c\u1eaft \u0111u\u00f4i<\/li>\n<\/ul>\n<h2>Gi\u00e1 t\u00f4m s\u00fa \u0111\u00f4ng l\u1ea1nh t\u1ea1i Vi\u1ec7t Nam &#8211; Li\u00ean h\u1ec7 v\u1edbi ch\u00fang t\u00f4i<\/h2>\n<p class=\"ddict_sentence\">Kimmy Farm &#8211; l\u00e0 th\u01b0\u01a1ng hi\u1ec7u chuy\u00ean s\u1ea3n xu\u1ea5t v\u00e0 xu\u1ea5t kh\u1ea9u c\u00e1c m\u1eb7t h\u00e0ng n\u00f4ng s\u1ea3n t\u1ea1i Vi\u1ec7t Nam. Ch\u00fang t\u00f4i c\u00f3 trang tr\u1ea1i nu\u00f4i ru\u1ed3i l\u00ednh \u0111en \u1edf T\u00e2y Ninh v\u00e0 v\u00f9ng tr\u1ed3ng \u0111i\u1ec1u \u1edf B\u00ecnh Ph\u01b0\u1edbc. M\u1eb7t h\u00e0ng xu\u1ea5t kh\u1ea9u ch\u00ednh c\u1ee7a C\u00f4ng ty l\u00e0 c\u00e1c s\u1ea3n ph\u1ea9m t\u1eeb Th\u1ee7y s\u1ea3n \u0110BSCL, H\u1ea1t \u0111i\u1ec1u, BSFL\u2026 Ch\u00fang t\u00f4i l\u00e0 \u0111\u1ed1i t\u00e1c cung c\u1ea5p cho m\u1ed9t s\u1ed1 kh\u00e1ch h\u00e0ng t\u1eeb T\u00e2y Ban Nha, Ph\u00e1p, \u0110\u1ee9c, H\u00e0 Lan, Ba Lan, Hy L\u1ea1p, Th\u1ed5 Nh\u0129 K\u1ef3, Nga, Th\u1ee5y S\u0129, M\u1ef9, \u00dac, Nam Phi, UAE, \u1ea4n \u0110\u1ed9, Singapore, Nh\u1eadt B\u1ea3n v\u00e0 nhi\u1ec1u qu\u1ed1c gia kh\u00e1c. B\u00ean c\u1ea1nh \u0111\u00f3, ch\u00fang t\u00f4i c\u00f2n c\u00f3 \u0111\u1ed9i ng\u0169 nh\u00e2n vi\u00ean nhi\u1ec1u n\u0103m kinh nghi\u1ec7m l\u00e0m vi\u1ec7c t\u1ea1i c\u00e1c x\u01b0\u1edfng gia c\u00f4ng l\u1edbn t\u1ea1i Vi\u1ec7t Nam. H\u00e3y li\u00ean h\u1ec7 v\u1edbi ch\u00fang t\u00f4i n\u1ebfu b\u1ea1n c\u1ea7n ngu\u1ed3n h\u1ea3i s\u1ea3n cao c\u1ea5p \u0110\u1ed3ng b\u1eb1ng s\u00f4ng C\u1eedu Long, c\u00e1c nh\u00e0 xu\u1ea5t kh\u1ea9u T\u00f4m s\u00fa t\u1ea1i Vi\u1ec7t Nam.<\/p>\n<h2>M\u1ed9t S\u1ed1 S\u1ea3n Ph\u1ea9m T\u00f4m S\u00fa C\u00f3 Li\u00ean Quan<\/h2>\n<blockquote class=\"wp-embedded-content\" data-secret=\"PTv7phX5nD\"><p><a href=\"https:\/\/kimmyfarm.com\/san-pham\/tom-su-dong-lanh-boc-vo-con-duoi\">T\u00f4m S\u00fa \u0110\u00f4ng L\u1ea1nh B\u00f3c V\u1ecf C\u00f2n \u0110u\u00f4i<\/a><\/p><\/blockquote>\n<p><iframe class=\"wp-embedded-content\" sandbox=\"allow-scripts\" security=\"restricted\" style=\"position: absolute; clip: rect(1px, 1px, 1px, 1px);\" title=\"&#8220;T\u00f4m S\u00fa \u0110\u00f4ng L\u1ea1nh B\u00f3c V\u1ecf C\u00f2n \u0110u\u00f4i&#8221; &#8212; Kimmy Farm\" src=\"https:\/\/kimmyfarm.com\/san-pham\/tom-su-dong-lanh-boc-vo-con-duoi\/embed#?secret=RgYmWHZF7s#?secret=PTv7phX5nD\" data-secret=\"PTv7phX5nD\" width=\"500\" height=\"282\" frameborder=\"0\" marginwidth=\"0\" marginheight=\"0\" scrolling=\"no\"><\/iframe><\/p>\n<blockquote class=\"wp-embedded-content\" data-secret=\"kx3v5cHrHM\"><p><a href=\"https:\/\/kimmyfarm.com\/san-pham\/tom-su-dong-lanh-boc-vo-bo-duoi\">T\u00f4m S\u00fa \u0110\u00f4ng L\u1ea1nh B\u1ed1c V\u1ecf B\u1ecf \u0110u\u00f4i<\/a><\/p><\/blockquote>\n<p><iframe class=\"wp-embedded-content\" sandbox=\"allow-scripts\" security=\"restricted\" style=\"position: absolute; clip: rect(1px, 1px, 1px, 1px);\" title=\"&#8220;T\u00f4m S\u00fa \u0110\u00f4ng L\u1ea1nh B\u1ed1c V\u1ecf B\u1ecf \u0110u\u00f4i&#8221; &#8212; Kimmy Farm\" src=\"https:\/\/kimmyfarm.com\/san-pham\/tom-su-dong-lanh-boc-vo-bo-duoi\/embed#?secret=HgEpg2f8kH#?secret=kx3v5cHrHM\" data-secret=\"kx3v5cHrHM\" width=\"500\" height=\"282\" frameborder=\"0\" marginwidth=\"0\" marginheight=\"0\" scrolling=\"no\"><\/iframe><\/p>\n<blockquote class=\"wp-embedded-content\" data-secret=\"yMK3UvBUsu\"><p><a href=\"https:\/\/kimmyfarm.com\/san-pham\/tom-su-dong-lanh-boc-vo-con-duoi-xep-duoi-thang\">T\u00f4m S\u00fa \u0110\u00f4ng L\u1ea1nh B\u00f3c V\u1ecf C\u00f2n \u0110u\u00f4i X\u1ebfp Du\u1ed7i Th\u1eb3ng<\/a><\/p><\/blockquote>\n<p><iframe class=\"wp-embedded-content\" sandbox=\"allow-scripts\" security=\"restricted\" style=\"position: absolute; clip: rect(1px, 1px, 1px, 1px);\" title=\"&#8220;T\u00f4m S\u00fa \u0110\u00f4ng L\u1ea1nh B\u00f3c V\u1ecf C\u00f2n \u0110u\u00f4i X\u1ebfp Du\u1ed7i Th\u1eb3ng&#8221; &#8212; Kimmy Farm\" src=\"https:\/\/kimmyfarm.com\/san-pham\/tom-su-dong-lanh-boc-vo-con-duoi-xep-duoi-thang\/embed#?secret=8AFmf6PR2r#?secret=yMK3UvBUsu\" data-secret=\"yMK3UvBUsu\" width=\"500\" height=\"282\" frameborder=\"0\" marginwidth=\"0\" marginheight=\"0\" scrolling=\"no\"><\/iframe><\/p>\n<blockquote class=\"wp-embedded-content\" data-secret=\"7ZMlBcruPm\"><p><a href=\"https:\/\/kimmyfarm.com\/san-pham\/tom-su-hap-boc-vo-bo-duoi-dong-lanh\">T\u00f4m S\u00fa H\u1ea5p \u0110\u00f4ng L\u1ea1nh B\u00f3c V\u1ecf B\u1ecf \u0110u\u00f4i<\/a><\/p><\/blockquote>\n<p><iframe class=\"wp-embedded-content\" sandbox=\"allow-scripts\" security=\"restricted\" style=\"position: absolute; clip: rect(1px, 1px, 1px, 1px);\" title=\"&#8220;T\u00f4m S\u00fa H\u1ea5p \u0110\u00f4ng L\u1ea1nh B\u00f3c V\u1ecf B\u1ecf \u0110u\u00f4i&#8221; &#8212; Kimmy Farm\" src=\"https:\/\/kimmyfarm.com\/san-pham\/tom-su-hap-boc-vo-bo-duoi-dong-lanh\/embed#?secret=qqW7YeWVzH#?secret=7ZMlBcruPm\" data-secret=\"7ZMlBcruPm\" width=\"500\" height=\"282\" frameborder=\"0\" marginwidth=\"0\" marginheight=\"0\" scrolling=\"no\"><\/iframe><\/p>\n<blockquote class=\"wp-embedded-content\" data-secret=\"7DkLz1Ar0L\"><p><a href=\"https:\/\/kimmyfarm.com\/san-pham\/tom-su-hap-boc-vo-con-duoi-dong-lanh\">T\u00f4m S\u00fa H\u1ea5p \u0110\u00f4ng L\u1ea1nh B\u00f3c V\u1ecf C\u00f2n \u0110u\u00f4i<\/a><\/p><\/blockquote>\n<p><iframe class=\"wp-embedded-content\" sandbox=\"allow-scripts\" security=\"restricted\" style=\"position: absolute; clip: rect(1px, 1px, 1px, 1px);\" title=\"&#8220;T\u00f4m S\u00fa H\u1ea5p \u0110\u00f4ng L\u1ea1nh B\u00f3c V\u1ecf C\u00f2n \u0110u\u00f4i&#8221; &#8212; Kimmy Farm\" src=\"https:\/\/kimmyfarm.com\/san-pham\/tom-su-hap-boc-vo-con-duoi-dong-lanh\/embed#?secret=1ysSEStTWH#?secret=7DkLz1Ar0L\" data-secret=\"7DkLz1Ar0L\" width=\"500\" height=\"282\" frameborder=\"0\" marginwidth=\"0\" marginheight=\"0\" scrolling=\"no\"><\/iframe><\/p>\n","protected":false},"excerpt":{"rendered":"<p>Th\u00f4ng tin t\u00f3m t\u1eaft s\u1ea3n ph\u1ea9m\u00a0<strong>T\u00f4m S\u00fa Nguy\u00ean Con \u0110\u00f4ng L\u1ea1nh<\/strong>\u00a0d\u00f9ng \u0111\u1ec3 xu\u1ea5t kh\u1ea9u ho\u1eb7c ti\u00eau th\u1ee5 trong n\u01b0\u1edbc.<\/p>\n<ul>\n<li><strong>T\u00ean S\u1ea3n ph\u1ea9m:<\/strong> T\u00f4m s\u00fa nguy\u00ean con \u0111\u00f4ng l\u1ea1nh.<\/li>\n<li><strong>Th\u00e0nh Ph\u1ea7n:<\/strong> T\u00f4m s\u00fa 100%<\/li>\n<li><strong>T\u00ecnh Tr\u1ea1ng:\u00a0<\/strong>\u0111\u00f4ng l\u1ea1nh, nguy\u00ean con<\/li>\n<li><strong>B\u1ea3o Qu\u1ea3n:<\/strong>\u00a0Nhi\u1ec7t \u0111\u1ed9 d\u01b0\u1edbi \u2013 18 \u0111\u1ed9 C<\/li>\n<li><strong>Xu\u1ea5t x\u1ee9:<\/strong>\u00a0C\u1ea7n Th\u01a1, Vi\u1ec7t Nam<\/li>\n<li><strong>Ch\u1ee9ng Ch\u1ec9:<\/strong>\u00a0HACCP, ISO 2200<\/li>\n<\/ul>\n","protected":false},"featured_media":13448,"template":"","meta":[],"product_brand":[],"product_cat":[181,62],"product_tag":[241,135,140,240],"class_list":{"0":"post-13447","1":"product","2":"type-product","3":"status-publish","4":"has-post-thumbnail","6":"product_cat-tom-su","7":"product_cat-thuy-san-dong-lanh","8":"product_tag-thuy-san-dong-lanh","9":"product_tag-tom","10":"product_tag-tom-dong-lanh","11":"product_tag-tom-su","13":"first","14":"instock","15":"shipping-taxable","16":"product-type-simple"},"_links":{"self":[{"href":"https:\/\/kimmyfarm.com\/de\/wp-json\/wp\/v2\/product\/13447","targetHints":{"allow":["GET"]}}],"collection":[{"href":"https:\/\/kimmyfarm.com\/de\/wp-json\/wp\/v2\/product"}],"about":[{"href":"https:\/\/kimmyfarm.com\/de\/wp-json\/wp\/v2\/types\/product"}],"version-history":[{"count":0,"href":"https:\/\/kimmyfarm.com\/de\/wp-json\/wp\/v2\/product\/13447\/revisions"}],"wp:featuredmedia":[{"embeddable":true,"href":"https:\/\/kimmyfarm.com\/de\/wp-json\/wp\/v2\/media\/13448"}],"wp:attachment":[{"href":"https:\/\/kimmyfarm.com\/de\/wp-json\/wp\/v2\/media?parent=13447"}],"wp:term":[{"taxonomy":"product_brand","embeddable":true,"href":"https:\/\/kimmyfarm.com\/de\/wp-json\/wp\/v2\/product_brand?post=13447"},{"taxonomy":"product_cat","embeddable":true,"href":"https:\/\/kimmyfarm.com\/de\/wp-json\/wp\/v2\/product_cat?post=13447"},{"taxonomy":"product_tag","embeddable":true,"href":"https:\/\/kimmyfarm.com\/de\/wp-json\/wp\/v2\/product_tag?post=13447"}],"curies":[{"name":"wp","href":"https:\/\/api.w.org\/{rel}","templated":true}]}}