{"id":12641,"date":"2021-01-02T16:27:58","date_gmt":"2021-01-02T09:27:58","guid":{"rendered":"https:\/\/kimmyfarm.com\/?post_type=product&#038;p=12641"},"modified":"2021-01-03T11:06:02","modified_gmt":"2021-01-03T04:06:02","slug":"hat-dieu-nhan-nau-nam-nhat-lbw240","status":"publish","type":"product","link":"https:\/\/kimmyfarm.com\/de\/produkt\/hat-dieu-nhan-nau-nam-nhat-lbw240","title":{"rendered":"H\u1ea1t \u0110i\u1ec1u Nh\u00e2n N\u00e2u N\u00e1m Nh\u1ea1t LBW240"},"content":{"rendered":"<p>V\u1ec1 m\u1eb7t khoa h\u1ecdc, h\u1ea1t \u0111i\u1ec1u l\u00e0 m\u1ed9t ngu\u1ed3n dinh d\u01b0\u1ee1ng tuy\u1ec7t v\u1eddi v\u00ec ch\u00fang \u0111i\u1ec1u ch\u1ee9a nhi\u1ec1u Vitamin C, nhi\u1ec1u canxi, s\u1eaft v\u00e0 vitamin B1, ch\u1ea5t x\u01a1 h\u00f2a tan, vitamin, kho\u00e1ng ch\u1ea5t\u00a0 h\u01a1n c\u00e1c lo\u1ea1i tr\u00e1i c\u00e2y kh\u00e1c, b\u01a1 v\u00e0 chu\u1ed1i. Ch\u00fang r\u1ea5t gi\u00e0u axit b\u00e9o kh\u00f4ng b\u00e3o h\u00f2a \u0111\u01a1n \u201cth\u00e2n thi\u1ec7n v\u1edbi tim\u201d nh\u01b0 axit oleic v\u00e0 axit palmitoleic. Ngo\u00e0i ra ch\u00fang c\u00f2n ch\u1ee9a c\u00e1c axit b\u00e9o thi\u1ebft y\u1ebfu n\u00e0y gi\u00fap gi\u1ea3m LDL-cholesterol c\u00f3 h\u1ea1i trong khi t\u0103ng cholesterol t\u1ed1t HDL. Do \u0111\u00f3, nhi\u1ec1u nghi\u00ean c\u1ee9u \u0111\u00e3 ch\u1ec9 ra r\u1eb1ng vi\u1ec7c ti\u00eau th\u1ee5 h\u1ea1t \u0111i\u1ec1u th\u01b0\u1eddng xuy\u00ean h\u00e0ng ng\u00e0y c\u00f3 th\u1ec3 mang l\u1ea1i nhi\u1ec1u l\u1ee3i \u00edch cho s\u1ee9c kh\u1ecfe, v\u1ec1 l\u00e2u d\u00e0i s\u1ebd c\u1ea3i thi\u1ec7n s\u1ee9c kh\u1ecfe t\u1ed5ng th\u1ec3 c\u1ee7a con ng\u01b0\u1eddi. Sau \u0111\u00e2y, ch\u00fang t\u00f4i xin gi\u1edbi thi\u1ec7u v\u1edbi c\u00e1c b\u1ea1n s\u1ea3n ph\u1ea9m\u00a0<strong>H\u1ea1t \u0110i\u1ec1u LBW240 &#8211; N\u00e2u N\u00e1m Nh\u1ea1t<\/strong><\/p>\n<h2>H\u1ea1t \u0110i\u1ec1u LBW240 &#8211; N\u00e2u N\u00e1m Nh\u1ea1t<\/h2>\n<p><strong>H\u1ea1t \u0111i\u1ec1u ti\u00eau chu\u1ea9n LBW240\u00a0<\/strong><em>(ho\u1eb7c: h\u1ea1t \u0111i\u1ec1u nh\u00e2n n\u00e2u n\u00e1m nh\u1ea1t LBW240. ti\u1ebfng Anh: lightly blemished wholes, cashew lightly blemished wholes , cashew lightly blemished wholes nuts, cashew LBW240)<\/em>\u00a0l\u00e0 lo\u1ea1i h\u1ea1t \u0111i\u1ec1u nh\u00e2n n\u00e2u n\u00e1m nh\u1ea1t, lo\u1ea1i n\u00e0y\u00a0<strong>c\u00f3 t\u1eeb 220-240 h\u1ea1t\/ pound\u00a0<em>(485-530 h\u1ea1t \/ kg)<\/em><\/strong>. Lo\u1ea1i h\u1ea1t \u0111i\u1ec1u LBW240 th\u01b0\u1eddng\u00a0<strong>s\u1eed d\u1ee5ng \u0111\u1ec3 l\u00e0m s\u1ea3n ph\u1ea9m: h\u1ea1t \u0111i\u1ec1u s\u1ea5y, h\u1ea1t \u0111i\u1ec1u rang mu\u1ed1i nguy\u00ean h\u1ea1t, h\u1ea1t \u0111i\u1ec1u rang t\u1ecfi \u1edbt, snack h\u1ea1t \u0111i\u1ec1u, h\u1ea1t \u0111i\u1ec1u lon&#8230;..<\/strong>\u00a0v\u00e0 nhi\u1ec1u s\u1ea3n ph\u1ea9m t\u1eeb h\u1ea1t \u0111i\u1ec1u nguy\u00ean h\u1ea1t b\u00ecnh d\u00e2n ph\u1ed5 bi\u1ebfn. Trong h\u1ec7 th\u00f4ng ph\u00e2n lo\u1ea1i h\u1ea1t \u0111i\u1ec1u th\u00ec lo\u1ea1i c\u00e1c lo\u1ea1i h\u1ea1t c\u00e0ng cao c\u1ea5p th\u00ec ch\u00fang c\u00e0ng to, h\u01b0\u01a1ng v\u1ecb c\u00e0ng ngon, ch\u1ea5t dinh d\u01b0\u1ee1ng c\u00e0ng nhi\u1ec1u trong h\u1ea1t, gi\u00e1 tr\u1ecb c\u00e0ng l\u1edbn.<\/p>\n<div id=\"attachment_9494\" style=\"width: 610px\" class=\"wp-caption aligncenter\"><img decoding=\"async\" aria-describedby=\"caption-attachment-9494\" class=\"wp-image-9494 size-full\" src=\"https:\/\/kimmyfarm.com\/wp-content\/uploads\/2020\/12\/hat-dieu-trang-nam-nhat-lbw240-cashew-lbw240-viet-nam-hang-xuat-khau.jpg\" alt=\"H\u1ea1t \u0110i\u1ec1u LBW240 l\u00e0 lo\u1ea1i h\u1ea1t \u0111i\u1ec1u n\u00e2u n\u00e1m nh\u1ea1t c\u00f3 220-240 h\u1ea1t\/ pound (485-530 h\u1ea1t\/kg)\" width=\"600\" height=\"600\" srcset=\"https:\/\/kimmyfarm.com\/wp-content\/uploads\/2020\/12\/hat-dieu-trang-nam-nhat-lbw240-cashew-lbw240-viet-nam-hang-xuat-khau.jpg 600w, https:\/\/kimmyfarm.com\/wp-content\/uploads\/2020\/12\/hat-dieu-trang-nam-nhat-lbw240-cashew-lbw240-viet-nam-hang-xuat-khau-150x150.jpg 150w\" sizes=\"(max-width: 600px) 100vw, 600px\" \/><p id=\"caption-attachment-9494\" class=\"wp-caption-text\">H\u1ea1t \u0110i\u1ec1u LBW240 l\u00e0 lo\u1ea1i h\u1ea1t \u0111i\u1ec1u n\u00e2u n\u00e1m nh\u1ea1t c\u00f3 220-240 h\u1ea1t\/ pound<em>\u00a0(485-530 h\u1ea1t\/kg)<\/em><\/p><\/div>\n<h2>Quy Tr\u00ecnh S\u1ea3n Xu\u1ea5t H\u1ea1t \u0110i\u1ec1u LBW240<\/h2>\n<ul>\n<li><strong>X\u1eed L\u00fd Nhi\u1ec7t:\u00a0<\/strong>M\u1ee5c \u0111\u00edch c\u1ee7a vi\u1ec7c h\u1ea5p h\u1ea1t \u0111i\u1ec1u l\u00e0 nh\u1edd h\u01a1i n\u00f3ng l\u00e0m cho v\u1ecf c\u1ee9ng c\u1ee7a h\u1ea1t \u0111i\u1ec1u m\u1ec1m h\u01a1n t\u1eeb \u0111\u00f3 m\u1edbi c\u00f3 th\u1ec3 t\u00e1ch v\u1ecf ngo\u00e0i c\u1ee7a h\u1ea1t \u0111i\u1ec1u l\u1ea5y nh\u00e2n tr\u1eafng b\u00ean trong. H\u1ea1t \u0111i\u1ec1u th\u00f4 \u0111\u01b0\u1ee3c cho v\u00e0o l\u00f2 h\u01a1i mini d\u1ee5ng nhi\u1ec7t tr\u1ef1c ti\u1ebfp, d\u1ea7u n\u00f3ng ho\u1eb7c h\u01a1i n\u01b0\u1edbc&#8230;.. \u0111\u1ec3 x\u1eed l\u00fd v\u1ecf ngo\u00e0i b\u1eb1ng nhi\u1ec7u \u0111\u1ed9. Sau khi x\u1eed l\u00fd nhi\u1ec7t xong, h\u1ea1t \u0111i\u1ec1u ph\u1ea3i \u0111\u01b0\u1ee3c l\u00e0m ngu\u1ed9i b\u1edbt kho\u1ea3ng 12 gi\u1edd (n\u1eeda ng\u00e0y) r\u1ed3i m\u1edbi \u0111em \u0111i ch\u1ebb l\u1ea5y nh\u00e2n b\u00ean trong.<\/li>\n<li><strong>Ch\u1ebb V\u1ecf Thu Nh\u00e2n:\u00a0<\/strong>Sau khi x\u1eed l\u00fd nhi\u1ec7t xong, H\u1ea1t \u0111i\u1ec1u \u0111\u01b0\u1ee3c \u0111\u01b0a \u0111\u1ebfn ch\u1ebb v\u1ecf t\u00e1ch nhanh c\u1eaft v\u1ecf \u0111\u1ec3 lo\u1ea1i b\u1ecf l\u1edbp v\u1ecf b\u00ean ngo\u00e0i l\u1ea5y nh\u00e2n b\u00ean trong. \u0110\u00e2y l\u00e0 m\u1ed9t qu\u00e1 tr\u00ecnh r\u1ea5t kh\u00f3, \u0111\u1ed3i h\u1ecfi lao \u0111\u1ed9ng ph\u1ea3i c\u00f3 tay ngh\u1ec1 cao \u0111\u1ec3 c\u00f3 th\u1ebb ch\u1ebb v\u1ecf \u0111i\u1ec1u m\u00e0 kh\u00f4ng l\u00e0m v\u1ee1 nh\u00e2n b\u00ean trong. Sau giai \u0111o\u1ea1n ch\u1ebb v\u1ecf ta s\u1ebd c\u00f3 \u0111\u01b0\u1ee3c 3 s\u1ea3n ph\u1ea9m l\u00e0: V\u1ecf \u0110i\u1ec1u Th\u00f4, V\u1ecf L\u1ee5a \u0110i\u1ec1u Th\u00f4, Nh\u00e2n \u0110i\u1ec1u Th\u00f4. Trong \u0111\u00f3 Nh\u00e2n \u0111i\u1ec1u th\u00f4 \u0111\u01b0\u1ee3c \u0111\u01b0a qua b\u1ed9 ph\u1eadn ph\u00e2n lo\u1ea1i &amp; ch\u1ea5m \u0111i\u1ec3m \u0111\u1ec3 xem x\u00e9t c\u1ea5p \u0111\u1ed9 c\u0169ng ch\u00fang.<\/li>\n<li><strong>Ph\u00e2n Lo\u1ea1i &amp; Ch\u1ea5m \u0110i\u1ec3m:\u00a0<\/strong>Qu\u00e1 tr\u00ecnh ph\u00e2n lo\u1ea1i h\u1ea1t \u0111i\u1ec1u \u0111\u01b0\u1ee3c thi\u1ebft k\u1ebf \u0111\u1ec3 ph\u00e2n lo\u1ea1i nh\u00e2n \u0111i\u1ec1u tr\u1eafng th\u00e0nh c\u00e1c c\u1ea5p kh\u00e1c nhau. Nh\u00e2n tr\u1eafng \u0111\u01b0\u1ee3c chia th\u00e0nh hai lo\u1ea1i ch\u00ednh l\u00e0\u00a0<strong>&#8222;Nguy\u00ean H\u1ea1t&#8220;<\/strong>\u00a0v\u00e0\u00a0<strong>&#8222;H\u1ea1t B\u1ecb V\u1ee1&#8220;<\/strong>. Trong xu\u1ea5t kh\u1ea9u h\u1ea1t \u0111i\u1ec1u nh\u00e2n nguy\u00ean h\u1ea1t th\u00ec\u00a0<strong>Nguy\u00ean H\u1ea1t<\/strong>\u00a0\u0111\u01b0\u1ee3c chia th\u00e0nh 15 c\u1ea5p kh\u00e1c nhau v\u00e0\u00a0<strong>H\u1ea1t B\u1ecb V\u1ee1<\/strong>\u00a0\u0111\u01b0\u1ee3c chia th\u00e0nh 9 c\u1ea5p.<\/li>\n<\/ul>\n<p><img decoding=\"async\" class=\"size-full wp-image-10956 aligncenter\" src=\"https:\/\/kimmyfarm.com\/wp-content\/uploads\/2020\/12\/hat-dieu-nhan-trang-nam-nhat-lbw240-5.jpg\" alt=\"\" width=\"693\" height=\"449\" srcset=\"https:\/\/kimmyfarm.com\/wp-content\/uploads\/2020\/12\/hat-dieu-nhan-trang-nam-nhat-lbw240-5.jpg 693w, https:\/\/kimmyfarm.com\/wp-content\/uploads\/2020\/12\/hat-dieu-nhan-trang-nam-nhat-lbw240-5-150x97.jpg 150w\" sizes=\"(max-width: 693px) 100vw, 693px\" \/><\/p>\n<h2>Dinh D\u01b0\u1ee1ng C\u00f3 Trong H\u1ea1t \u0110i\u1ec1u LBW240<\/h2>\n<p>Do \u0111\u00f3, nhi\u1ec1u nghi\u00ean c\u1ee9u \u0111\u00e3 ch\u1ec9 ra r\u1eb1ng vi\u1ec7c ti\u00eau th\u1ee5 h\u1ea1t \u0111i\u1ec1u th\u01b0\u1eddng xuy\u00ean h\u00e0ng ng\u00e0y c\u00f3 th\u1ec3 mang l\u1ea1i nhi\u1ec1u l\u1ee3i \u00edch cho s\u1ee9c kh\u1ecfe, v\u1ec1 l\u00e2u d\u00e0i s\u1ebd c\u1ea3i thi\u1ec7n s\u1ee9c kh\u1ecfe t\u1ed5ng th\u1ec3 c\u1ee7a con ng\u01b0\u1eddi.<strong>\u00a0Lo\u1ea1i h\u1ea1t \u0111i\u1ec1u ti\u00eau chu\u1ea9n lbw240<\/strong>\u00a0l\u00e0 lo\u1ea1i h\u1ea1t \u0111i\u1ec1u r\u1ea5t ph\u1ed5 th\u00f4ng v\u1edbi gi\u00e1 r\u1ebb ph\u00f9 h\u1ee3p v\u1edbi nhi\u1ec1u ng\u01b0\u1eddi, r\u1ea5t t\u1ed1t \u0111\u1ec3 \u0103n tr\u1ef1c ti\u1ebfp h\u00e0ng ng\u00e0y. H\u1ea1t \u0111i\u1ec1u gi\u00fap ng\u0103n ng\u1eeba c\u00e1c b\u1ec7nh v\u1ec1 tim m\u1ea1ch, gi\u1ea3m nguy c\u01a1 m\u1eafc c\u00e1c b\u1ec7nh ti\u1ec3u \u0111\u01b0\u1eddng, gi\u00fap ph\u00f2ng ng\u1eeba b\u1ec7nh ung th\u01b0, th\u00fac \u0111\u1ea9y h\u00ecnh th\u00e0nh RBC, t\u0103ng c\u01b0\u1eddng s\u1ee9c kh\u1ecfe c\u1ee7a x\u01b0\u01a1ng v\u00e0 r\u0103ng mi\u1ec7ng, l\u00e0m gi\u1ea3m nguy c\u01a1 b\u1ecb thi\u1ebfu m\u00e1u, ng\u0103n ng\u1eeba s\u1ecfi m\u1eadt, t\u0103ng c\u01b0\u1eddng h\u1ec7 th\u1ed1ng mi\u1ec5n d\u1ecbch&#8230; Ch\u00ednh v\u00ec nh\u1eefng l\u1ee3i \u00edch l\u1edbn m\u00e0 h\u1eadt \u0111i\u1ec1u mang l\u1ea1i, n\u00ean ch\u00fang \u0111ang \u0111\u01b0\u1ee3c ti\u00eau th\u1ee5 r\u1ea5t nhi\u1ec1u.<\/p>\n<table style=\"border-collapse: collapse; width: 100%; height: 437px;\">\n<tbody>\n<tr style=\"height: 23px;\">\n<td style=\"width: 26.6533%; height: 23px;\"><strong>T\u00ean Ch\u1ea5t Dinh D\u01b0\u1ee1ng<\/strong><\/td>\n<td style=\"width: 73.3467%; text-align: center; height: 23px;\"><strong>L\u01b0\u1ee3ng Ch\u1ea5t C\u00f3 Trong 100g<\/strong><\/td>\n<\/tr>\n<tr style=\"height: 23px;\" valign=\"TOP\">\n<td style=\"text-align: left; width: 26.6533%; height: 23px;\" valign=\"TOP\"><strong>L\u01b0\u1ee3ng Kho\u00e1ng Ch\u1ea5t<\/strong><\/td>\n<td style=\"width: 73.3467%; text-align: center; height: 23px;\">2.4<\/td>\n<\/tr>\n<tr style=\"height: 23px;\" valign=\"TOP\">\n<td style=\"text-align: left; width: 26.6533%; height: 23px;\" valign=\"TOP\"><strong>L\u01b0\u1ee3ng Ch\u1ea5t X\u01a1<\/strong><\/td>\n<td style=\"width: 73.3467%; text-align: center; height: 23px;\">1.3<\/td>\n<\/tr>\n<tr style=\"height: 23px;\" valign=\"TOP\">\n<td style=\"text-align: left; width: 26.6533%; height: 23px;\" valign=\"TOP\"><strong>Calo<\/strong><\/td>\n<td style=\"width: 73.3467%; text-align: center; height: 23px;\">785<\/td>\n<\/tr>\n<tr style=\"height: 23px;\" valign=\"TOP\">\n<td style=\"text-align: left; width: 26.6533%; height: 23px;\" valign=\"TOP\"><strong>Protein<\/strong><\/td>\n<td style=\"width: 73.3467%; text-align: center; height: 23px;\">24<\/td>\n<\/tr>\n<tr style=\"height: 23px;\" valign=\"TOP\">\n<td style=\"text-align: left; width: 26.6533%; height: 23px;\" valign=\"TOP\"><strong>Ch\u1ea5t B\u00e9o<\/strong><\/td>\n<td style=\"width: 73.3467%; text-align: center; height: 23px;\">64<\/td>\n<\/tr>\n<tr style=\"height: 23px;\" valign=\"TOP\">\n<td style=\"text-align: left; width: 26.6533%; height: 23px;\" valign=\"TOP\"><strong>Ch\u1ea5t B\u00e9o B\u00e3o H\u00f2a<\/strong><\/td>\n<td style=\"width: 73.3467%; text-align: center; height: 23px;\">12.9<\/td>\n<\/tr>\n<tr style=\"height: 23px;\" valign=\"TOP\">\n<td style=\"text-align: left; width: 26.6533%; height: 23px;\" valign=\"TOP\"><strong>Unsaturated (Oleic)<\/strong><\/td>\n<td style=\"width: 73.3467%; text-align: center; height: 23px;\">36.8<\/td>\n<\/tr>\n<tr style=\"height: 23px;\" valign=\"TOP\">\n<td style=\"text-align: left; width: 26.6533%; height: 23px;\" valign=\"TOP\"><strong>Unsaturated (Linoleic)<\/strong><\/td>\n<td style=\"width: 73.3467%; text-align: center; height: 23px;\">10.2<\/td>\n<\/tr>\n<tr style=\"height: 23px;\" valign=\"TOP\">\n<td style=\"text-align: left; width: 26.6533%; height: 23px;\" valign=\"TOP\"><strong>Carbohydrate<\/strong><\/td>\n<td style=\"width: 73.3467%; text-align: center; height: 23px;\">41<\/td>\n<\/tr>\n<tr style=\"height: 23px;\" valign=\"TOP\">\n<td style=\"text-align: left; width: 26.6533%; height: 23px;\" valign=\"TOP\"><strong>Canxi<\/strong><\/td>\n<td style=\"width: 73.3467%; text-align: center; height: 23px;\">53<\/td>\n<\/tr>\n<tr style=\"height: 23px;\" valign=\"TOP\">\n<td style=\"text-align: left; width: 26.6533%; height: 23px;\" valign=\"TOP\"><strong>Ph\u1ed1t pho<\/strong><\/td>\n<td style=\"width: 73.3467%; text-align: center; height: 23px;\">52.2<\/td>\n<\/tr>\n<tr style=\"height: 23px;\" valign=\"TOP\">\n<td style=\"text-align: left; width: 26.6533%; height: 23px;\" valign=\"TOP\"><strong>S\u1eaft<\/strong><\/td>\n<td style=\"width: 73.3467%; text-align: center; height: 23px;\">5.3<\/td>\n<\/tr>\n<tr style=\"height: 23px;\" valign=\"TOP\">\n<td style=\"text-align: left; width: 26.6533%; height: 23px;\" valign=\"TOP\"><strong>Vitamin B1<\/strong><\/td>\n<td style=\"width: 73.3467%; text-align: center; height: 23px;\">0.63<\/td>\n<\/tr>\n<tr style=\"height: 23px;\" valign=\"TOP\">\n<td style=\"text-align: left; width: 26.6533%; height: 23px;\" valign=\"TOP\"><strong>Vitamin B2<\/strong><\/td>\n<td style=\"width: 73.3467%; text-align: center; height: 23px;\">0.19<\/td>\n<\/tr>\n<tr style=\"height: 23px;\" valign=\"TOP\">\n<td style=\"text-align: left; width: 26.6533%; height: 23px;\" valign=\"TOP\"><strong>Vitamin B3<\/strong><\/td>\n<td style=\"width: 73.3467%; text-align: center; height: 23px;\">2.5<\/td>\n<\/tr>\n<tr style=\"height: 23px;\" valign=\"TOP\">\n<td style=\"text-align: left; width: 26.6533%; height: 23px;\" valign=\"TOP\"><strong>Beta-carotene<\/strong><\/td>\n<td style=\"width: 73.3467%; text-align: center; height: 23px;\">60<\/td>\n<\/tr>\n<tr style=\"height: 23px;\" valign=\"TOP\">\n<td style=\"text-align: left; width: 26.6533%; height: 23px;\" valign=\"TOP\"><strong>Retinol Equivalent<\/strong><\/td>\n<td style=\"width: 73.3467%; text-align: center; height: 23px;\">33 IU; 10 mcg<\/td>\n<\/tr>\n<tr style=\"height: 23px;\" valign=\"TOP\">\n<td style=\"text-align: left; width: 26.6533%; height: 23px;\" valign=\"TOP\"><strong>Vitamin K<\/strong><\/td>\n<td style=\"width: 73.3467%; text-align: center; height: 23px;\">650<\/td>\n<\/tr>\n<\/tbody>\n<\/table>\n<p><img decoding=\"async\" class=\"size-full wp-image-10957 aligncenter\" src=\"https:\/\/kimmyfarm.com\/wp-content\/uploads\/2020\/12\/hat-dieu-lbw240-lbw320-dw-dwt1.jpg\" alt=\"\" width=\"425\" height=\"340\" srcset=\"https:\/\/kimmyfarm.com\/wp-content\/uploads\/2020\/12\/hat-dieu-lbw240-lbw320-dw-dwt1.jpg 425w, https:\/\/kimmyfarm.com\/wp-content\/uploads\/2020\/12\/hat-dieu-lbw240-lbw320-dw-dwt1-150x120.jpg 150w\" sizes=\"(max-width: 425px) 100vw, 425px\" \/><\/p>\n<h2>Li\u00ean H\u1ec7 Mua H\u00e0ng<\/h2>\n<p class=\"ddict_sentence\"><strong>Kimmy Farm<\/strong>\u00a0&#8211; l\u00e0 th\u01b0\u01a1ng hi\u1ec7u chuy\u00ean s\u1ea3n xu\u1ea5t v\u00e0 xu\u1ea5t kh\u1ea9u n\u00f4ng s\u1ea3n t\u1ea1i Vi\u1ec7t Nam. Ch\u00fang t\u00f4i c\u00f3 n\u00f4ng tr\u1ea1i nu\u00f4i ru\u1ed3i l\u00ednh \u0111en t\u1ea1i T\u00e2y Ninh v\u00e0 v\u00f9ng tr\u1ed3ng \u0110i\u1ec1u \u1edd B\u00ecnh Ph\u01b0\u1edbc. C\u00e1c m\u1eb7t h\u00e0ng xu\u1ea5t kh\u1ea9u ch\u1ee7 l\u1ef1c c\u1ee7a c\u00f4ng ty l\u00e0:\u00a0<strong>c\u00e1c s\u1ea3n ph\u1ea9m t\u1eeb ru\u1ed3i l\u00ednh \u0111en, c\u00e1c lo\u1ea1i h\u1ea1t \u0111i\u1ec1u nh\u00e2n, h\u1ea1t \u0111i\u1ec1u th\u00f4, h\u1ec7 th\u00f4ng x\u1eed l\u00fd n\u01b0\u1edbc&#8230;..<\/strong>\u00a0Ch\u00fang t\u00f4i \u0111ang l\u00e0 \u0111\u1ed1i t\u00e1c cung c\u1ea5p h\u00e0ng cho 1 s\u1ed1 b\u1ea1n h\u00e0ng t\u1edbi t\u1eeb: T\u00e2y Ban Nha, Ph\u00e1p, \u0110\u1ee9c, H\u00e0 Lan, Ba Lan, Hy L\u1ea1p, Th\u1ed5 Nh\u0129 K\u1ef3, Nga, Th\u1ee5y S\u0129, M\u1ef9, \u00dac, Nam Phi, U.A.E, \u1ea4n \u0110\u1ed9, Singapore, Nh\u1eadt B\u1ea3n v\u00e0 nhi\u1ec1u n\u01b0\u1edbc kh\u00e1c. Ngo\u00e0i ra ch\u00fang t\u00f4i c\u00f2n c\u00f3 \u0111\u1ed9i ng\u0169 nh\u00e2n vi\u00ean \u0111\u00e3 c\u00f3 nhi\u1ec1u n\u0103m kinh nghi\u1ec7m l\u00e0m vi\u1ec7c trong c\u00e1c nh\u00e0 m\u00e1y ch\u1ebf bi\u1ebfn l\u1edbn c\u1ee7a Vi\u1ec7t Nam. H\u00e3y li\u00ean h\u1ec7 v\u1edbi ch\u00fang t\u00f4i n\u1ebfu c\u00e1c b\u1ea1n \u0111ang c\u1ea7n ngu\u1ed3n h\u00e0ng h\u1ea1t \u0111i\u1ec1u cao c\u1ea5p.<\/p>\n<p><img decoding=\"async\" class=\"size-full wp-image-10823 aligncenter\" src=\"https:\/\/kimmyfarm.com\/wp-content\/uploads\/2020\/12\/hat-dieu-duoc-dong-goi-hut-chan-khong-xuat-khau.jpg\" alt=\"\" width=\"500\" height=\"500\" srcset=\"https:\/\/kimmyfarm.com\/wp-content\/uploads\/2020\/12\/hat-dieu-duoc-dong-goi-hut-chan-khong-xuat-khau.jpg 500w, https:\/\/kimmyfarm.com\/wp-content\/uploads\/2020\/12\/hat-dieu-duoc-dong-goi-hut-chan-khong-xuat-khau-150x150.jpg 150w\" sizes=\"(max-width: 500px) 100vw, 500px\" \/><\/p>\n<a href=\"https:\/\/kimmyfarm.com\/lien-he\" class=\"su-button su-button-style-default su-button-wide\" style=\"color:#FFFFFF;background-color:#6B9F1D;border-color:#568018;border-radius:7px\" target=\"_self\"><span style=\"color:#FFFFFF;padding:0px 20px;font-size:16px;line-height:32px;border-color:#98bc61;border-radius:7px;text-shadow:none\"> CLICK \u0110\u1ec2 XEM &#8211; TH\u00d4NG TIN LI\u00caN H\u1ec6 CHI TI\u1ebeT<\/span><\/a>\n","protected":false},"excerpt":{"rendered":"<p>H\u1ea1t \u0111i\u1ec1u r\u1ea5t b\u1ed5 d\u01b0\u1ee1ng v\u00e0 l\u00e0 ngu\u1ed3n cung c\u1ea5p protein v\u00e0 c\u00e1c kho\u00e1ng ch\u1ea5t thi\u1ebft y\u1ebfu, bao g\u1ed3m: \u0111\u1ed3ng, canxi, magi\u00ea, s\u1eaft, ph\u1ed1t pho, kali v\u00e0 k\u1ebdm. Ch\u1ee9a 0% Cholesterol t\u1ed1t cho tim m\u1ea1ch.<\/p>\n<p><strong>Th\u00f4ng tin t\u00f3m t\u1eaft LBW240:<\/strong><\/p>\n<ul>\n<li class=\"ddict_sentence\"><strong>M\u00e0u s\u1eafc:<\/strong>\u00a0M\u00e0u N\u00e2u N\u00e1m Nh\u1ea1t<\/li>\n<li class=\"ddict_sentence\"><strong>S\u1ed1 l\u01b0\u1ee3ng h\u1ea1t\/pound:<\/strong>\u00a0220-240 h\u1ea1t<\/li>\n<li><strong>S\u1ed1 l\u01b0\u1ee3ng h\u1ea1t\/kg:<\/strong>\u00a0485-530 h\u1ea1t<\/li>\n<li><strong>Xu\u1ea5t x\u1ee9:<\/strong>\u00a0B\u00ecnh Ph\u01b0\u1edbc, Vi\u1ec7t Nam<\/li>\n<li class=\"ddict_sentence\"><strong>\u0110\u1ed9 \u1ea9m:<\/strong>\u00a0t\u1ed1i \u0111a 5%<\/li>\n<li class=\"ddict_sentence\"><strong>B\u1ecb h\u1ecfng:<\/strong>\u00a0t\u1ed1i \u0111a 10%<\/li>\n<li class=\"ddict_sentence\"><strong>Lo\u1ea1i k\u00edch th\u01b0\u1edbc th\u1ea5p h\u01a1n:<\/strong>\u00a0t\u1ed1i \u0111a 10%<\/li>\n<li class=\"ddict_sentence\"><strong>Khi\u1ebfm khuy\u1ebft:\u00a0<\/strong>t\u1ed1i \u0111a 8%<\/li>\n<\/ul>\n","protected":false},"featured_media":9494,"template":"","meta":[],"product_brand":[],"product_cat":[26,68],"product_tag":[105,111,110,175],"class_list":{"0":"post-12641","1":"product","2":"type-product","3":"status-publish","4":"has-post-thumbnail","6":"product_cat-hat-dieu","7":"product_cat-nhan","8":"product_tag-hat-dieu","9":"product_tag-hat-dieu-nam","10":"product_tag-hat-dieu-nguyen-hat","11":"product_tag-lbw","13":"first","14":"instock","15":"shipping-taxable","16":"product-type-simple"},"_links":{"self":[{"href":"https:\/\/kimmyfarm.com\/de\/wp-json\/wp\/v2\/product\/12641","targetHints":{"allow":["GET"]}}],"collection":[{"href":"https:\/\/kimmyfarm.com\/de\/wp-json\/wp\/v2\/product"}],"about":[{"href":"https:\/\/kimmyfarm.com\/de\/wp-json\/wp\/v2\/types\/product"}],"version-history":[{"count":0,"href":"https:\/\/kimmyfarm.com\/de\/wp-json\/wp\/v2\/product\/12641\/revisions"}],"wp:featuredmedia":[{"embeddable":true,"href":"https:\/\/kimmyfarm.com\/de\/wp-json\/wp\/v2\/media\/9494"}],"wp:attachment":[{"href":"https:\/\/kimmyfarm.com\/de\/wp-json\/wp\/v2\/media?parent=12641"}],"wp:term":[{"taxonomy":"product_brand","embeddable":true,"href":"https:\/\/kimmyfarm.com\/de\/wp-json\/wp\/v2\/product_brand?post=12641"},{"taxonomy":"product_cat","embeddable":true,"href":"https:\/\/kimmyfarm.com\/de\/wp-json\/wp\/v2\/product_cat?post=12641"},{"taxonomy":"product_tag","embeddable":true,"href":"https:\/\/kimmyfarm.com\/de\/wp-json\/wp\/v2\/product_tag?post=12641"}],"curies":[{"name":"wp","href":"https:\/\/api.w.org\/{rel}","templated":true}]}}