{"id":12511,"date":"2021-01-02T15:16:58","date_gmt":"2021-01-02T08:16:58","guid":{"rendered":"https:\/\/kimmyfarm.com\/?post_type=product&#038;p=12511"},"modified":"2021-03-22T15:31:57","modified_gmt":"2021-03-22T08:31:57","slug":"hat-dieu-nhan-lbw450-nau-nam-nhat","status":"publish","type":"product","link":"https:\/\/kimmyfarm.com\/de\/produkt\/hat-dieu-nhan-lbw450-nau-nam-nhat","title":{"rendered":"H\u1ea1t \u0110i\u1ec1u Nh\u00e2n LBW450 N\u00e2u N\u00e1m Nh\u1ea1t"},"content":{"rendered":"","protected":false},"excerpt":{"rendered":"<p>H\u1ea1t \u0111i\u1ec1u r\u1ea5t b\u1ed5 d\u01b0\u1ee1ng v\u00e0 l\u00e0 ngu\u1ed3n cung c\u1ea5p protein v\u00e0 c\u00e1c kho\u00e1ng ch\u1ea5t thi\u1ebft y\u1ebfu, bao g\u1ed3m: \u0111\u1ed3ng, canxi, magi\u00ea, s\u1eaft, ph\u1ed1t pho, kali v\u00e0 k\u1ebdm. Ch\u1ee9a 0% Cholesterol t\u1ed1t cho tim m\u1ea1ch.<\/p>\n<div class=\"woocommerce-product-details__short-description\">\n<p><strong>Th\u00f4ng tin t\u00f3m t\u1eaft LBW450:<\/strong><\/p>\n<ul>\n<li class=\"ddict_sentence\"><strong>M\u00e0u s\u1eafc:<\/strong>\u00a0M\u00e0u N\u00e2u N\u00e1m Nh\u1ea1t<\/li>\n<li class=\"ddict_sentence\"><strong>S\u1ed1 l\u01b0\u1ee3ng h\u1ea1t\/pound:<\/strong> 400-450 h\u1ea1t<\/li>\n<li><strong>Xu\u1ea5t x\u1ee9:<\/strong>\u00a0B\u00ecnh Ph\u01b0\u1edbc, Vi\u1ec7t Nam<\/li>\n<li class=\"ddict_sentence\"><strong>\u0110\u1ed9 \u1ea9m:<\/strong>\u00a0t\u1ed1i \u0111a 5%<\/li>\n<li class=\"ddict_sentence\"><strong>B\u1ecb h\u1ecfng:<\/strong>\u00a0t\u1ed1i \u0111a 10%<\/li>\n<li class=\"ddict_sentence\"><strong>Lo\u1ea1i k\u00edch th\u01b0\u1edbc th\u1ea5p h\u01a1n:<\/strong>\u00a0t\u1ed1i \u0111a 10%<\/li>\n<li class=\"ddict_sentence\"><strong>Khi\u1ebfm khuy\u1ebft:\u00a0<\/strong>t\u1ed1i \u0111a 8%<\/li>\n<\/ul>\n<\/div>\n","protected":false},"featured_media":12602,"template":"","meta":[],"product_brand":[],"product_cat":[26,68],"product_tag":[105,111,110,175],"class_list":{"0":"post-12511","1":"product","2":"type-product","3":"status-publish","4":"has-post-thumbnail","6":"product_cat-hat-dieu","7":"product_cat-nhan","8":"product_tag-hat-dieu","9":"product_tag-hat-dieu-nam","10":"product_tag-hat-dieu-nguyen-hat","11":"product_tag-lbw","13":"first","14":"instock","15":"shipping-taxable","16":"product-type-simple"},"_links":{"self":[{"href":"https:\/\/kimmyfarm.com\/de\/wp-json\/wp\/v2\/product\/12511","targetHints":{"allow":["GET"]}}],"collection":[{"href":"https:\/\/kimmyfarm.com\/de\/wp-json\/wp\/v2\/product"}],"about":[{"href":"https:\/\/kimmyfarm.com\/de\/wp-json\/wp\/v2\/types\/product"}],"version-history":[{"count":0,"href":"https:\/\/kimmyfarm.com\/de\/wp-json\/wp\/v2\/product\/12511\/revisions"}],"wp:featuredmedia":[{"embeddable":true,"href":"https:\/\/kimmyfarm.com\/de\/wp-json\/wp\/v2\/media\/12602"}],"wp:attachment":[{"href":"https:\/\/kimmyfarm.com\/de\/wp-json\/wp\/v2\/media?parent=12511"}],"wp:term":[{"taxonomy":"product_brand","embeddable":true,"href":"https:\/\/kimmyfarm.com\/de\/wp-json\/wp\/v2\/product_brand?post=12511"},{"taxonomy":"product_cat","embeddable":true,"href":"https:\/\/kimmyfarm.com\/de\/wp-json\/wp\/v2\/product_cat?post=12511"},{"taxonomy":"product_tag","embeddable":true,"href":"https:\/\/kimmyfarm.com\/de\/wp-json\/wp\/v2\/product_tag?post=12511"}],"curies":[{"name":"wp","href":"https:\/\/api.w.org\/{rel}","templated":true}]}}