{"id":12077,"date":"2020-12-31T18:27:49","date_gmt":"2020-12-31T11:27:49","guid":{"rendered":"https:\/\/kimmyfarm.com\/?post_type=product&#038;p=12077"},"modified":"2021-11-09T12:21:08","modified_gmt":"2021-11-09T05:21:08","slug":"ca-tra-phi-le-dong-block","status":"publish","type":"product","link":"https:\/\/kimmyfarm.com\/de\/produkt\/ca-tra-phi-le-dong-block","title":{"rendered":"C\u00e1 Tra Phi L\u00ea \u0110\u00f4ng L\u1ea1nh Th\u00e0nh Block"},"content":{"rendered":"<h2>Th\u00f4ng Tin Chi Ti\u1ebft S\u1ea3n Ph\u1ea9m C\u00e1 Tra Phi L\u00ea \u0110\u00f4ng Block<\/h2>\n<p>Phi l\u00ea c\u00e1 tra l\u00e0 ph\u1ea7n th\u1ecbt c\u1ee7a c\u00e1 \u0111\u00e3 \u0111\u01b0\u1ee3c c\u1eaft theo chi\u1ec1u d\u1ecdc m\u1ed9t b\u00ean c\u1ee7a c\u00e1 song song v\u1edbi x\u01b0\u01a1ng s\u1ed1ng. <strong>Th\u1ecbt c\u00e1 tra phi l\u00ea l\u00e0 lo\u1ea1i th\u1ecbt c\u00e1 tra \u0111\u00e3 \u0111\u01b0\u1ee3c b\u1ecf th\u1ecbt \u0111\u1ecf, b\u1ecf d\u00e8, b\u1ecf m\u1ee1, b\u1ecf x\u01b0\u01a1ng<\/strong>.\u00a0C\u00e1 Tra c\u1ee7a ch\u00fang t\u00f4i l\u00e0 lo\u1ea1i c\u00e1 \u0111\u01b0\u1ee3c thu ho\u1ea1ch t\u1ea1i c\u00e1c b\u00e8 nu\u00f4i c\u00e1 tr\u00ean s\u00f4ng ho\u1eb7c trong c\u00e1c ao nu\u00f4i \u1edf khu v\u1ef1c t\u1ec9nh An Giang, \u0110\u1ed3ng Th\u00e1p, C\u1ea7n Th\u01a1. Khi nu\u00f4i \u00e1p d\u1ee5ng \u0111\u1ea7y d\u1ee7 quy tr\u00ecnh nu\u00f4i hi\u1ec7n \u0111\u1ea1i \u0111\u1ec3 l\u00e0m h\u00e0ng xu\u1ea5t kh\u1ea9u \u0111i nhi\u1ec1u n\u01b0\u1edbc tr\u00ean th\u1ebf gi\u1edbi. C\u00e1 Tra t\u1ea1i Vi\u1ec7t Nam \u0111ang \u0111\u01b0\u1ee3c nu\u00f4i b\u1eb1ng ng\u0169 c\u1ed1c \u0111\u1eadu n\u00e0nh \u0111\u1ec3 \u0111\u1ea3m b\u1ea3o ch\u1ea5t l\u01b0\u1ee3ng theo ti\u00eau chu\u1ea9n qu\u1ed1c t\u1ebf, k\u1ebft c\u1ea5u th\u1ecbt, v\u00e0 h\u01b0\u01a1ng v\u1ecb c\u1ee7a mi\u1ebfng c\u00e1.<\/p>\n<p><strong>=&gt;Xem th\u00eam:<\/strong> <a href=\"https:\/\/kimmyfarm.com\/phi-le-ca-tra-la-gi-va-cac-loai-ca-tra-phi-le-o-viet-nam\">Phi L\u00ea C\u00e1 Tra L\u00e0 G\u00ec? V\u00e0 C\u00e1c Lo\u1ea1i C\u00e1 Tra Phi L\u00ea \u1ede Vi\u1ec7t Nam<\/a><\/p>\n<p><img decoding=\"async\" class=\"size-full wp-image-12078 aligncenter\" src=\"https:\/\/kimmyfarm.com\/wp-content\/uploads\/2020\/12\/ca-tra-phi-le-dong-block.jpg\" alt=\"\" width=\"600\" height=\"400\" srcset=\"https:\/\/kimmyfarm.com\/wp-content\/uploads\/2020\/12\/ca-tra-phi-le-dong-block.jpg 600w, https:\/\/kimmyfarm.com\/wp-content\/uploads\/2020\/12\/ca-tra-phi-le-dong-block-150x100.jpg 150w\" sizes=\"(max-width: 600px) 100vw, 600px\" \/><\/p>\n<table style=\"border-collapse: collapse; width: 100%; height: 208px;\">\n<tbody>\n<tr style=\"height: 23px;\">\n<td style=\"height: 23px; width: 23.4469%;\"><strong>T\u00ean S\u1ea3n Ph\u1ea9m\u00a0<\/strong><\/td>\n<td style=\"height: 23px; width: 76.4529%;\">Phi L\u00ea C\u00e1 Tra \u0110\u00f4ng L\u1ea1nh Block<\/td>\n<\/tr>\n<tr style=\"height: 23px;\">\n<td style=\"height: 23px; width: 23.4469%;\"><strong>Xu\u1ea5t x\u1ee9<\/strong><\/td>\n<td style=\"height: 23px; width: 76.4529%;\">Vi\u1ec7t Nam<\/td>\n<\/tr>\n<tr style=\"height: 23px;\">\n<td style=\"height: 23px; width: 23.4469%;\"><strong>Th\u00e0nh Ph\u1ea7n<\/strong><\/td>\n<td style=\"height: 23px; width: 76.4529%;\">100% C\u00e1 Tra<\/td>\n<\/tr>\n<tr style=\"height: 23px;\">\n<td style=\"height: 23px; width: 23.4469%;\"><strong>T\u00ecnh Tr\u1ea1ng<\/strong><\/td>\n<td style=\"height: 23px; width: 76.4529%;\">phi l\u00ea, kh\u00f4ng da, kh\u00f4ng x\u01b0\u01a1ng, b\u1ecf th\u1ecbt \u0111\u1ecf, b\u1ecf d\u00e8, b\u1ecf m\u1ee1, \u0111\u1ed3ng l\u1ea1nh th\u00e0nh block<\/td>\n<\/tr>\n<tr style=\"height: 23px;\">\n<td style=\"height: 23px; width: 23.4469%;\"><strong>Ph\u01b0\u01a1ng Th\u1ee9c B\u1ea3o Qu\u1ea3n<\/strong><\/td>\n<td style=\"height: 23px; width: 76.4529%;\">Duy tr\u00ec nhi\u1ec7t \u0111\u1ed9 -18 \u0111\u1ed9 C<\/td>\n<\/tr>\n<tr style=\"height: 23px;\">\n<td style=\"height: 23px; width: 23.4469%;\"><strong>Ph\u01b0\u01a1ng Th\u1ee9c Giao H\u00e0ng<\/strong><\/td>\n<td style=\"height: 23px; width: 76.4529%;\">EXW, FOB, CFR, CIF, DAF,&#8230;. ho\u1eb7c th\u1ecfa thu\u1eadn<\/td>\n<\/tr>\n<tr style=\"height: 23px;\">\n<td style=\"height: 23px; width: 23.4469%;\"><strong>Ph\u01b0\u01a1ng Th\u1ee9c Thanh To\u00e1n<\/strong><\/td>\n<td style=\"height: 23px; width: 76.4529%;\">L\/C, T\/T,&#8230; ho\u1eb7c th\u1ecfa thu\u1eadn.<\/td>\n<\/tr>\n<\/tbody>\n<\/table>\n<h2>V\u1ec1 Xu\u1ea5t X\u1ee9 C\u1ee7a S\u1ea3n Ph\u1ea9m.<\/h2>\n<p>C\u00e1 tra ph\u00e2n b\u1ed1 ch\u1ee7 y\u1ebfu \u1edf l\u01b0u v\u1ef1c s\u00f4ng M\u00ea k\u00f4ng, ph\u1ea7n l\u1edbn c\u00e1c trang tr\u1ea1i nu\u00f4i c\u00e1 tra t\u1ea1i Vi\u1ec7t Nam \u0111\u01b0\u1ee3c \u0111\u1eb7t t\u1ea1i t\u1ec9nh<strong> An Giang, \u0110\u1ed3ng Th\u00e1p, C\u1ea7n Th\u01a1.<\/strong> C\u00e1 tra \u0111\u01b0\u1ee3c thu ho\u1ea1ch sau khi nu\u00f4i t\u1ea1i c\u00e1c b\u00e8 nu\u00f4i c\u00e1 tr\u00ean s\u00f4ng ho\u1eb7c trong c\u00e1c ao nu\u00f4i. Sau \u0111\u00f3 \u0111\u01b0\u1ee3c \u0111\u01b0a t\u1edbi c\u00e1c nh\u00e0 m\u00e1y ph\u00e2n lo\u1ea1i v\u00e0 ch\u1ebf bi\u1ebfn th\u00e0nh s\u1ea3n ph\u1ea9m \u0111\u1ec3 s\u1eed d\u1ee5ng trong n\u01b0\u1edbc v\u00e0 xu\u1ea5t kh\u1ea9u.<\/p>\n<h2>V\u1ec1 Vi\u1ec7c B\u1ea3o Qu\u1ea3n S\u1ea3n Ph\u1ea9m<\/h2>\n<p><strong>B\u1ea3o qu\u1ea3n s\u1ea3n ph\u1ea9m \u1edf nhi\u1ec7t \u0111\u1ed9 -18 \u0111\u1ed9 C<em> (ho\u1eb7c th\u1ea5p h\u01a1n)<\/em><\/strong> c\u00f3 th\u1ec3 gi\u1eef \u0111\u01b0\u1ee3c s\u1ea3n ph\u1ea9m <strong>t\u01b0\u01a1i ngon trong v\u00f2ng 24 th\u00e1ng.<\/strong><\/p>\n<h2><b>\u0110\u1ecba Ch\u1ec9 Mua C\u00e1 Tra Phi L\u00ea \u0110\u00f4ng Block<\/b><\/h2>\n<p><strong>Kimmy Farm<\/strong> \u2013 l\u00e0 th\u01b0\u01a1ng hi\u1ec7u chuy\u00ean s\u1ea3n xu\u1ea5t v\u00e0 xu\u1ea5t kh\u1ea9u c\u00e1c ng\u00e0nh h\u00e0ng v\u1ec1 n\u00f4ng nghi\u1ec7p t\u1ea1i Vi\u1ec7t Nam. C\u00e1c m\u1eb7t h\u00e0ng xu\u1ea5t kh\u1ea9u ch\u1ee7 l\u1ef1c c\u1ee7a c\u00f4ng ty l\u00e0: c\u00e1c s\u1ea3n ph\u1ea9m t\u1eeb ru\u1ed3i l\u00ednh \u0111en, c\u00e1c lo\u1ea1i h\u1ea1t \u0111i\u1ec1u nh\u00e2n, h\u1ea1t \u0111i\u1ec1u th\u00f4, c\u00e1c m\u1eb7t h\u00e0ng v\u1ec1 th\u1ee7y s\u1ea3n v\u00f9ng \u0111\u1ed3ng b\u1eb1ng s\u00f4ng C\u1eedu Long\u2026 Ch\u00fang t\u00f4i \u0111ang l\u00e0 \u0111\u1ed1i t\u00e1c cung c\u1ea5p h\u00e0ng cho 1 s\u1ed1 b\u1ea1n h\u00e0ng t\u1edbi t\u1eeb: T\u00e2y Ban Nha, Ph\u00e1p, \u0110\u1ee9c, H\u00e0 Lan, Ba Lan, Hy L\u1ea1p, Th\u1ed5 Nh\u0129 K\u1ef3, Nga, Th\u1ee5y S\u0129, M\u1ef9, \u00dac, Nam Phi, U.A.E, \u1ea4n \u0110\u1ed9, Singapore, Nh\u1eadt B\u1ea3n v\u00e0 nhi\u1ec1u n\u01b0\u1edbc kh\u00e1c. Ngo\u00e0i ra ch\u00fang t\u00f4i c\u00f2n c\u00f3 \u0111\u1ed9i ng\u0169 nh\u00e2n vi\u00ean \u0111\u00e3 c\u00f3 nhi\u1ec1u n\u0103m kinh nghi\u1ec7m l\u00e0m vi\u1ec7c trong c\u00e1c nh\u00e0 m\u00e1y ch\u1ebf bi\u1ebfn l\u1edbn c\u1ee7a Vi\u1ec7t Nam. H\u00e3y li\u00ean h\u1ec7 v\u1edbi ch\u00fang t\u00f4i n\u1ebfu c\u00e1c b\u1ea1n \u0111ang c\u1ea7n ngu\u1ed3n h\u00e0ng xu\u1ea5t kh\u1ea9u theo nhu c\u1ea7u.<\/p>\n<p><strong>&gt;&gt; Tham kh\u1ea3o c\u00e1c s\u1ea3n ph\u1ea9m v\u1ec1 C\u00e1 Tra c\u1ee7a Kimmy Farm:<\/strong> <a href=\"https:\/\/kimmyfarm.com\/thuy-san-dong-lanh\/ca-tra\">https:\/\/kimmyfarm.com\/thuy-san-dong-lanh\/ca-tra<\/a><br \/>\n<strong>&gt;&gt; Xem th\u00eam c\u00e1c s\u1ea3n ph\u1ea9m li\u00ean quan:\u00a0<\/strong><\/p>\n<blockquote class=\"wp-embedded-content\" data-secret=\"7BBh4qzDm0\"><p><a href=\"https:\/\/kimmyfarm.com\/san-pham\/ca-tra-dong-lanh-nguyen-con-bo-dau-bo-duoi-bo-noi-tang\">C\u00e1 Tra \u0110\u00f4ng L\u1ea1nh Nguy\u00ean Con B\u1ecf \u0110\u1ea7u B\u1ecf \u0110u\u00f4i B\u1ecf N\u1ed9i T\u1ea1ng<\/a><\/p><\/blockquote>\n<p><iframe class=\"wp-embedded-content\" sandbox=\"allow-scripts\" security=\"restricted\" style=\"position: absolute; clip: rect(1px, 1px, 1px, 1px);\" title=\"&#8220;C\u00e1 Tra \u0110\u00f4ng L\u1ea1nh Nguy\u00ean Con B\u1ecf \u0110\u1ea7u B\u1ecf \u0110u\u00f4i B\u1ecf N\u1ed9i T\u1ea1ng&#8221; &#8212; Kimmy Farm\" src=\"https:\/\/kimmyfarm.com\/san-pham\/ca-tra-dong-lanh-nguyen-con-bo-dau-bo-duoi-bo-noi-tang\/embed#?secret=0NWkuyprGY#?secret=7BBh4qzDm0\" data-secret=\"7BBh4qzDm0\" width=\"500\" height=\"282\" frameborder=\"0\" marginwidth=\"0\" marginheight=\"0\" scrolling=\"no\"><\/iframe><\/p>\n<blockquote class=\"wp-embedded-content\" data-secret=\"CseRlzpWFp\"><p><a href=\"https:\/\/kimmyfarm.com\/san-pham\/ca-tra-phi-le-trang-dong-lanh\">C\u00e1 Tra Phi L\u00ea Th\u1ecbt Tr\u1eafng \u0110\u00f4ng L\u1ea1nh<\/a><\/p><\/blockquote>\n<p><iframe class=\"wp-embedded-content\" sandbox=\"allow-scripts\" security=\"restricted\" style=\"position: absolute; clip: rect(1px, 1px, 1px, 1px);\" title=\"&#8220;C\u00e1 Tra Phi L\u00ea Th\u1ecbt Tr\u1eafng \u0110\u00f4ng L\u1ea1nh&#8221; &#8212; Kimmy Farm\" src=\"https:\/\/kimmyfarm.com\/san-pham\/ca-tra-phi-le-trang-dong-lanh\/embed#?secret=fy8u0kUXy9#?secret=CseRlzpWFp\" data-secret=\"CseRlzpWFp\" width=\"500\" height=\"282\" frameborder=\"0\" marginwidth=\"0\" marginheight=\"0\" scrolling=\"no\"><\/iframe><\/p>\n<blockquote class=\"wp-embedded-content\" data-secret=\"nJBKjAMTzL\"><p><a href=\"https:\/\/kimmyfarm.com\/san-pham\/ca-tra-phi-le-thit-do-dong-lanh\">C\u00e1 Tra Phi L\u00ea Th\u1ecbt \u0110\u1ecf \u0110\u00f4ng L\u1ea1nh<\/a><\/p><\/blockquote>\n<p><iframe class=\"wp-embedded-content\" sandbox=\"allow-scripts\" security=\"restricted\" style=\"position: absolute; clip: rect(1px, 1px, 1px, 1px);\" title=\"&#8220;C\u00e1 Tra Phi L\u00ea Th\u1ecbt \u0110\u1ecf \u0110\u00f4ng L\u1ea1nh&#8221; &#8212; Kimmy Farm\" src=\"https:\/\/kimmyfarm.com\/san-pham\/ca-tra-phi-le-thit-do-dong-lanh\/embed#?secret=KJ6KApIouq#?secret=nJBKjAMTzL\" data-secret=\"nJBKjAMTzL\" width=\"500\" height=\"282\" frameborder=\"0\" marginwidth=\"0\" marginheight=\"0\" scrolling=\"no\"><\/iframe><\/p>\n<blockquote class=\"wp-embedded-content\" data-secret=\"qf4CVCQTI8\"><p><a href=\"https:\/\/kimmyfarm.com\/san-pham\/ca-tra-phi-le-thit-hong-dong-lanh\">C\u00e1 Tra Phi L\u00ea \u0110\u00f4ng L\u1ea1nh Th\u1ecbt H\u1ed3ng<\/a><\/p><\/blockquote>\n<p><iframe class=\"wp-embedded-content\" sandbox=\"allow-scripts\" security=\"restricted\" style=\"position: absolute; clip: rect(1px, 1px, 1px, 1px);\" title=\"&#8220;C\u00e1 Tra Phi L\u00ea \u0110\u00f4ng L\u1ea1nh Th\u1ecbt H\u1ed3ng&#8221; &#8212; Kimmy Farm\" src=\"https:\/\/kimmyfarm.com\/san-pham\/ca-tra-phi-le-thit-hong-dong-lanh\/embed#?secret=fg5wPQY9dP#?secret=qf4CVCQTI8\" data-secret=\"qf4CVCQTI8\" width=\"500\" height=\"282\" frameborder=\"0\" marginwidth=\"0\" marginheight=\"0\" scrolling=\"no\"><\/iframe><\/p>\n","protected":false},"excerpt":{"rendered":"<p>Th\u00f4ng Tin Chi Ti\u1ebft S\u1ea3n Ph\u1ea9m C\u00e1 Tra Phi L\u00ea \u0110\u00f4ng Block Phi l\u00ea c\u00e1 tra l\u00e0 ph\u1ea7n th\u1ecbt c\u1ee7a<\/p>\n","protected":false},"featured_media":12078,"template":"","meta":[],"product_brand":[],"product_cat":[141,62],"product_tag":[142,143,148],"class_list":{"0":"post-12077","1":"product","2":"type-product","3":"status-publish","4":"has-post-thumbnail","6":"product_cat-ca-tra","7":"product_cat-thuy-san-dong-lanh","8":"product_tag-ca-tra","9":"product_tag-ca-tra-dong-lanh","10":"product_tag-dong-block","12":"first","13":"instock","14":"shipping-taxable","15":"product-type-simple"},"_links":{"self":[{"href":"https:\/\/kimmyfarm.com\/de\/wp-json\/wp\/v2\/product\/12077","targetHints":{"allow":["GET"]}}],"collection":[{"href":"https:\/\/kimmyfarm.com\/de\/wp-json\/wp\/v2\/product"}],"about":[{"href":"https:\/\/kimmyfarm.com\/de\/wp-json\/wp\/v2\/types\/product"}],"version-history":[{"count":0,"href":"https:\/\/kimmyfarm.com\/de\/wp-json\/wp\/v2\/product\/12077\/revisions"}],"wp:featuredmedia":[{"embeddable":true,"href":"https:\/\/kimmyfarm.com\/de\/wp-json\/wp\/v2\/media\/12078"}],"wp:attachment":[{"href":"https:\/\/kimmyfarm.com\/de\/wp-json\/wp\/v2\/media?parent=12077"}],"wp:term":[{"taxonomy":"product_brand","embeddable":true,"href":"https:\/\/kimmyfarm.com\/de\/wp-json\/wp\/v2\/product_brand?post=12077"},{"taxonomy":"product_cat","embeddable":true,"href":"https:\/\/kimmyfarm.com\/de\/wp-json\/wp\/v2\/product_cat?post=12077"},{"taxonomy":"product_tag","embeddable":true,"href":"https:\/\/kimmyfarm.com\/de\/wp-json\/wp\/v2\/product_tag?post=12077"}],"curies":[{"name":"wp","href":"https:\/\/api.w.org\/{rel}","templated":true}]}}