{"id":11995,"date":"2020-12-31T14:37:18","date_gmt":"2020-12-31T07:37:18","guid":{"rendered":"https:\/\/kimmyfarm.com\/?post_type=product&#038;p=11995"},"modified":"2021-09-10T19:37:46","modified_gmt":"2021-09-10T12:37:46","slug":"phe-pham-dau-tom-vo-tom-duoi-tom","status":"publish","type":"product","link":"https:\/\/kimmyfarm.com\/de\/produkt\/phe-pham-dau-tom-vo-tom-duoi-tom","title":{"rendered":"Ph\u1ebf Ph\u1ea9m T\u00f4m, \u0110\u1ea7u T\u00f4m, V\u1ecf T\u00f4m, \u0110u\u00f4i T\u00f4m"},"content":{"rendered":"<h2 id=\"thong-tin-chi-tiet-san-pham-ca-tra-phi-le-dong-block\" class=\"ftwp-heading\">Th\u00f4ng Tin Chi Ti\u1ebft S\u1ea3n Ph\u1ea9m Ph\u1ebf Ph\u1ea9m T\u00f4m<\/h2>\n<p>Ph\u1ebf ph\u1ea9m c\u1ee7a t\u00f4m l\u00e0 c\u00e1c ph\u1ea7n \u0111\u00e3 b\u1ecb b\u1ecf \u0111i trong qu\u00e1 tr\u00ecnh s\u01a1 ch\u1ebf c\u00e1 tra t\u1ea1i c\u00e1c nh\u00e0 m\u00e1y. S\u1ea3n ph\u1ea9m <b>ph\u1ebf ph\u1ea9m t\u00f4m<\/b> \u0111a ph\u00e2n \u0111\u01b0\u1ee3c d\u00f9ng \u0111\u1ec3 l\u00e0m th\u1ee9c \u0103n ch\u0103n nu\u00f4i, l\u00e0m b\u1ed9t c\u00e1, \u1ee7 l\u00e0m th\u1ee9c \u0103n cho \u1ea5u tr\u00f9ng ru\u1ed3i l\u00ednh \u0111en, \u1ee7 l\u00e0m ph\u00e2n b\u00f3n, chi\u1ebft xu\u1ea5t chitin, s\u1ea3n xu\u1ea5t chitosan\u2026\u2026 T\u00f4m c\u1ee7a ch\u00fang t\u00f4i l\u00e0 lo\u1ea1i t\u00f4m \u0111\u01b0\u1ee3c nu\u00f4i \u1edf khu v\u1ef1c t\u1ec9nh An Giang, \u0110\u1ed3ng Th\u00e1p, C\u1ea7n Th\u01a1. Khi nu\u00f4i \u00e1p d\u1ee5ng \u0111\u1ea7y d\u1ee7 quy tr\u00ecnh nu\u00f4i hi\u1ec7n \u0111\u1ea1i \u0111\u1ec3 l\u00e0m h\u00e0ng xu\u1ea5t kh\u1ea9u \u0111i nhi\u1ec1u n\u01b0\u1edbc tr\u00ean th\u1ebf gi\u1edbi.<\/p>\n<p><img decoding=\"async\" class=\" wp-image-17256 aligncenter\" src=\"https:\/\/kimmyfarm.com\/wp-content\/uploads\/2021\/05\/phe-pham-dau-tom-vo-tom-duoi-tom.jpg\" alt=\"\" width=\"795\" height=\"532\" srcset=\"https:\/\/kimmyfarm.com\/wp-content\/uploads\/2021\/05\/phe-pham-dau-tom-vo-tom-duoi-tom.jpg 600w, https:\/\/kimmyfarm.com\/wp-content\/uploads\/2021\/05\/phe-pham-dau-tom-vo-tom-duoi-tom-150x101.jpg 150w\" sizes=\"(max-width: 795px) 100vw, 795px\" \/><\/p>\n<div id=\"attachment_11996\" style=\"width: 810px\" class=\"wp-caption aligncenter\"><img decoding=\"async\" aria-describedby=\"caption-attachment-11996\" class=\"wp-image-11996 size-full\" src=\"https:\/\/kimmyfarm.com\/wp-content\/uploads\/2020\/12\/phe-pham-dau-tom-vo-tom-duoi-tom.jpg\" alt=\"Ph\u1ebf ph\u1ea9m t\u00f4m l\u00e0 ph\u1ea7n c\u00f2n l\u1ea1i c\u1ee7a T\u00f4m sau khi \u0111\u01b0\u1ee3c ch\u1ebf bi\u1ebfn nh\u01b0: v\u1ecf t\u00f4m, \u0111\u1ea7u t\u00f4m, \u0111u\u00f4i t\u00f4m....\" width=\"800\" height=\"800\" srcset=\"https:\/\/kimmyfarm.com\/wp-content\/uploads\/2020\/12\/phe-pham-dau-tom-vo-tom-duoi-tom.jpg 800w, https:\/\/kimmyfarm.com\/wp-content\/uploads\/2020\/12\/phe-pham-dau-tom-vo-tom-duoi-tom-600x600.jpg 600w, https:\/\/kimmyfarm.com\/wp-content\/uploads\/2020\/12\/phe-pham-dau-tom-vo-tom-duoi-tom-150x150.jpg 150w\" sizes=\"(max-width: 800px) 100vw, 800px\" \/><p id=\"caption-attachment-11996\" class=\"wp-caption-text\">Ph\u1ebf ph\u1ea9m t\u00f4m l\u00e0 ph\u1ea7n c\u00f2n l\u1ea1i c\u1ee7a T\u00f4m sau khi \u0111\u01b0\u1ee3c ch\u1ebf bi\u1ebfn nh\u01b0: v\u1ecf t\u00f4m, \u0111\u1ea7u t\u00f4m, \u0111u\u00f4i t\u00f4m&#8230;.<\/p><\/div>\n<p>&nbsp;<\/p>\n<table>\n<tbody>\n<tr>\n<td><strong>T\u00ean S\u1ea3n Ph\u1ea9m\u00a0<\/strong><\/td>\n<td>Ph\u1ebf ph\u1ea9m t\u00f4m<\/td>\n<\/tr>\n<tr>\n<td><strong>Xu\u1ea5t x\u1ee9<\/strong><\/td>\n<td>Vi\u1ec7t Nam<\/td>\n<\/tr>\n<tr>\n<td><strong>Th\u00e0nh Ph\u1ea7n<\/strong><\/td>\n<td>100% T\u00f4m<\/td>\n<\/tr>\n<tr>\n<td><strong>T\u00ecnh Tr\u1ea1ng<\/strong><\/td>\n<td>H\u00e0ng ph\u1ebf t\u1eeb ng\u00e0nh ch\u1ebf bi\u1ebfn T\u00f4m<\/td>\n<\/tr>\n<tr>\n<td><strong>Ph\u01b0\u01a1ng Th\u1ee9c B\u1ea3o Qu\u1ea3n<\/strong><\/td>\n<td>T\u00f9y theo hi\u00ean tr\u1ea1ng, xin li\u00ean h\u1ec7.<\/td>\n<\/tr>\n<tr>\n<td><strong>Ph\u01b0\u01a1ng Th\u1ee9c Giao H\u00e0ng<\/strong><\/td>\n<td>T\u00f9y theo th\u1ecfa thu\u1eadn<\/td>\n<\/tr>\n<tr>\n<td><strong>Ph\u01b0\u01a1ng Th\u1ee9c Thanh To\u00e1n<\/strong><\/td>\n<td>T\u00f9y theo th\u1ecfa thu\u1eadn<\/td>\n<\/tr>\n<\/tbody>\n<\/table>\n<h2 id=\"dia-chi-mua-phe-ca-tra\" class=\"ftwp-heading\"><b>\u0110\u1ecba Ch\u1ec9 Mua Ph\u1ebf T\u00f4m<\/b><\/h2>\n<p><strong>Kimmy Farm<\/strong> \u2013 l\u00e0 th\u01b0\u01a1ng hi\u1ec7u chuy\u00ean s\u1ea3n xu\u1ea5t v\u00e0 xu\u1ea5t kh\u1ea9u c\u00e1c ng\u00e0nh h\u00e0ng v\u1ec1 n\u00f4ng nghi\u1ec7p t\u1ea1i Vi\u1ec7t Nam. C\u00e1c m\u1eb7t h\u00e0ng xu\u1ea5t kh\u1ea9u ch\u1ee7 l\u1ef1c c\u1ee7a c\u00f4ng ty l\u00e0: c\u00e1c s\u1ea3n ph\u1ea9m t\u1eeb ru\u1ed3i l\u00ednh \u0111en, c\u00e1c lo\u1ea1i h\u1ea1t \u0111i\u1ec1u nh\u00e2n, h\u1ea1t \u0111i\u1ec1u th\u00f4, c\u00e1c m\u1eb7t h\u00e0ng v\u1ec1 th\u1ee7y s\u1ea3n v\u00f9ng \u0111\u1ed3ng b\u1eb1ng s\u00f4ng C\u1eedu Long\u2026 Ch\u00fang t\u00f4i \u0111ang l\u00e0 \u0111\u1ed1i t\u00e1c cung c\u1ea5p h\u00e0ng cho 1 s\u1ed1 b\u1ea1n h\u00e0ng t\u1edbi t\u1eeb: T\u00e2y Ban Nha, Ph\u00e1p, \u0110\u1ee9c, H\u00e0 Lan, Ba Lan, Hy L\u1ea1p, Th\u1ed5 Nh\u0129 K\u1ef3, Nga, Th\u1ee5y S\u0129, M\u1ef9, \u00dac, Nam Phi, U.A.E, \u1ea4n \u0110\u1ed9, Singapore, Nh\u1eadt B\u1ea3n v\u00e0 nhi\u1ec1u n\u01b0\u1edbc kh\u00e1c. Ngo\u00e0i ra ch\u00fang t\u00f4i c\u00f2n c\u00f3 \u0111\u1ed9i ng\u0169 nh\u00e2n vi\u00ean \u0111\u00e3 c\u00f3 nhi\u1ec1u n\u0103m kinh nghi\u1ec7m l\u00e0m vi\u1ec7c trong c\u00e1c nh\u00e0 m\u00e1y ch\u1ebf bi\u1ebfn l\u1edbn c\u1ee7a Vi\u1ec7t Nam. H\u00e3y li\u00ean h\u1ec7 v\u1edbi ch\u00fang t\u00f4i n\u1ebfu c\u00e1c b\u1ea1n \u0111ang c\u1ea7n ngu\u1ed3n h\u00e0ng xu\u1ea5t kh\u1ea9u theo nhu c\u1ea7u.<\/p>\n<p><strong>&gt;&gt;Tham kh\u1ea3o c\u00e1c s\u1ea3n ph\u1ea9m v\u1ec1 T\u00f4m Th\u1ebb c\u1ee7a Kimmy Farm: <\/strong><a href=\"https:\/\/kimmyfarm.com\/thuy-san-dong-lanh\/tom-the\">https:\/\/kimmyfarm.com\/thuy-san-dong-lanh\/tom-the<\/a><\/p>\n<p><strong>&gt;&gt;Tham kh\u1ea3o c\u00e1c s\u1ea3n ph\u1ea9m v\u1ec1 T\u00f4m S\u00fa c\u1ee7a Kimmy Farm: <\/strong><a href=\"https:\/\/kimmyfarm.com\/thuy-san-dong-lanh\/tom-su\">https:\/\/kimmyfarm.com\/thuy-san-dong-lanh\/tom-su<\/a><\/p>\n<blockquote class=\"wp-embedded-content\" data-secret=\"WXXfO1GE09\"><p><a href=\"https:\/\/kimmyfarm.com\/en\/san-pham\/phe-pham-ca-tra-ruot-ca-tra-phe-phu-pham-tu-ca\">Ph\u1ebf Ph\u1ea9m C\u00e1 Tra, Ru\u1ed9t C\u00e1 Tra Ph\u1ebf Ph\u1ee5 Ph\u1ea9m T\u1eeb C\u00e1<\/a><\/p><\/blockquote>\n<p><iframe class=\"wp-embedded-content\" sandbox=\"allow-scripts\" security=\"restricted\" style=\"position: absolute; clip: rect(1px, 1px, 1px, 1px);\" title=\"&#8220;Ph\u1ebf Ph\u1ea9m C\u00e1 Tra, Ru\u1ed9t C\u00e1 Tra Ph\u1ebf Ph\u1ee5 Ph\u1ea9m T\u1eeb C\u00e1&#8221; &#8212; Kimmy Farm\" src=\"https:\/\/kimmyfarm.com\/en\/san-pham\/phe-pham-ca-tra-ruot-ca-tra-phe-phu-pham-tu-ca\/embed#?secret=d97Qo1m7Dl#?secret=WXXfO1GE09\" data-secret=\"WXXfO1GE09\" width=\"500\" height=\"282\" frameborder=\"0\" marginwidth=\"0\" marginheight=\"0\" scrolling=\"no\"><\/iframe><\/p>\n<blockquote class=\"wp-embedded-content\" data-secret=\"h0VYHbY0Ez\"><p><a href=\"https:\/\/kimmyfarm.com\/san-pham\/tom-the-hap-boc-vo-con-duoi-dong-lanh\">T\u00f4m Th\u1ebb H\u1ea5p B\u00f3c V\u1ecf C\u00f2n \u0110u\u00f4i \u0110\u00f4ng L\u1ea1nh<\/a><\/p><\/blockquote>\n<p><iframe class=\"wp-embedded-content\" sandbox=\"allow-scripts\" security=\"restricted\" style=\"position: absolute; clip: rect(1px, 1px, 1px, 1px);\" title=\"&#8220;T\u00f4m Th\u1ebb H\u1ea5p B\u00f3c V\u1ecf C\u00f2n \u0110u\u00f4i \u0110\u00f4ng L\u1ea1nh&#8221; &#8212; Kimmy Farm\" src=\"https:\/\/kimmyfarm.com\/san-pham\/tom-the-hap-boc-vo-con-duoi-dong-lanh\/embed#?secret=tX2l9aTffi#?secret=h0VYHbY0Ez\" data-secret=\"h0VYHbY0Ez\" width=\"500\" height=\"282\" frameborder=\"0\" marginwidth=\"0\" marginheight=\"0\" scrolling=\"no\"><\/iframe><\/p>\n<blockquote class=\"wp-embedded-content\" data-secret=\"6drLuMwpv4\"><p><a href=\"https:\/\/kimmyfarm.com\/san-pham\/tom-su-hap-boc-vo-bo-duoi-dong-lanh\">T\u00f4m S\u00fa H\u1ea5p \u0110\u00f4ng L\u1ea1nh B\u00f3c V\u1ecf B\u1ecf \u0110u\u00f4i<\/a><\/p><\/blockquote>\n<p><iframe class=\"wp-embedded-content\" sandbox=\"allow-scripts\" security=\"restricted\" style=\"position: absolute; clip: rect(1px, 1px, 1px, 1px);\" title=\"&#8220;T\u00f4m S\u00fa H\u1ea5p \u0110\u00f4ng L\u1ea1nh B\u00f3c V\u1ecf B\u1ecf \u0110u\u00f4i&#8221; &#8212; Kimmy Farm\" src=\"https:\/\/kimmyfarm.com\/san-pham\/tom-su-hap-boc-vo-bo-duoi-dong-lanh\/embed#?secret=sCJjVCvaAX#?secret=6drLuMwpv4\" data-secret=\"6drLuMwpv4\" width=\"500\" height=\"282\" frameborder=\"0\" marginwidth=\"0\" marginheight=\"0\" scrolling=\"no\"><\/iframe><\/p>\n<blockquote class=\"wp-embedded-content\" data-secret=\"VE66eOouXo\"><p><a href=\"https:\/\/kimmyfarm.com\/san-pham\/tom-su-hap-boc-vo-con-duoi-dong-lanh\">T\u00f4m S\u00fa H\u1ea5p \u0110\u00f4ng L\u1ea1nh B\u00f3c V\u1ecf C\u00f2n \u0110u\u00f4i<\/a><\/p><\/blockquote>\n<p><iframe class=\"wp-embedded-content\" sandbox=\"allow-scripts\" security=\"restricted\" style=\"position: absolute; clip: rect(1px, 1px, 1px, 1px);\" title=\"&#8220;T\u00f4m S\u00fa H\u1ea5p \u0110\u00f4ng L\u1ea1nh B\u00f3c V\u1ecf C\u00f2n \u0110u\u00f4i&#8221; &#8212; Kimmy Farm\" src=\"https:\/\/kimmyfarm.com\/san-pham\/tom-su-hap-boc-vo-con-duoi-dong-lanh\/embed#?secret=UIpwXb05nz#?secret=VE66eOouXo\" data-secret=\"VE66eOouXo\" width=\"500\" height=\"282\" frameborder=\"0\" marginwidth=\"0\" marginheight=\"0\" scrolling=\"no\"><\/iframe><\/p>\n<blockquote class=\"wp-embedded-content\" data-secret=\"nGIpaZZvaK\"><p><a href=\"https:\/\/kimmyfarm.com\/san-pham\/tom-the-hap-con-dau-lot-vo-con-duoi-xep-duoi-thang-dong-lanh\">T\u00f4m Th\u1ebb H\u1ea5p C\u00f2n \u0110\u1ea7u L\u1ed9t V\u1ecf C\u00f2n \u0110u\u00f4i X\u1ebfp Du\u1ed7i Th\u1eb3ng \u0110\u00f4ng L\u1ea1nh<\/a><\/p><\/blockquote>\n<p><iframe class=\"wp-embedded-content\" sandbox=\"allow-scripts\" security=\"restricted\" style=\"position: absolute; clip: rect(1px, 1px, 1px, 1px);\" title=\"&#8220;T\u00f4m Th\u1ebb H\u1ea5p C\u00f2n \u0110\u1ea7u L\u1ed9t V\u1ecf C\u00f2n \u0110u\u00f4i X\u1ebfp Du\u1ed7i Th\u1eb3ng \u0110\u00f4ng L\u1ea1nh&#8221; &#8212; Kimmy Farm\" src=\"https:\/\/kimmyfarm.com\/san-pham\/tom-the-hap-con-dau-lot-vo-con-duoi-xep-duoi-thang-dong-lanh\/embed#?secret=4WjjLcilhz#?secret=nGIpaZZvaK\" data-secret=\"nGIpaZZvaK\" width=\"500\" height=\"282\" frameborder=\"0\" marginwidth=\"0\" marginheight=\"0\" scrolling=\"no\"><\/iframe><\/p>\n<blockquote class=\"wp-embedded-content\" data-secret=\"EV9ZVdudwc\"><p><a href=\"https:\/\/kimmyfarm.com\/san-pham\/tom-the-hap-lot-vo-dong-lanh-bo-dau-con-duoi\">T\u00f4m Th\u1ebb L\u1ed9t V\u1ecf \u0110\u00f4ng L\u1ea1nh H\u1ea5p B\u1ecf \u0110\u1ea7u C\u00f2n \u0110u\u00f4i<\/a><\/p><\/blockquote>\n<p><iframe class=\"wp-embedded-content\" sandbox=\"allow-scripts\" security=\"restricted\" style=\"position: absolute; clip: rect(1px, 1px, 1px, 1px);\" title=\"&#8220;T\u00f4m Th\u1ebb L\u1ed9t V\u1ecf \u0110\u00f4ng L\u1ea1nh H\u1ea5p B\u1ecf \u0110\u1ea7u C\u00f2n \u0110u\u00f4i&#8221; &#8212; Kimmy Farm\" src=\"https:\/\/kimmyfarm.com\/san-pham\/tom-the-hap-lot-vo-dong-lanh-bo-dau-con-duoi\/embed#?secret=9eljIAmcjb#?secret=EV9ZVdudwc\" data-secret=\"EV9ZVdudwc\" width=\"500\" height=\"282\" frameborder=\"0\" marginwidth=\"0\" marginheight=\"0\" scrolling=\"no\"><\/iframe><\/p>\n<blockquote class=\"wp-embedded-content\" data-secret=\"Y4pWAjzSpt\"><p><a href=\"https:\/\/kimmyfarm.com\/san-pham\/tom-the-hap-boc-vo-con-duoi-xe-buom\">T\u00f4m Th\u1ebb H\u1ea5p \u0110\u00f4ng L\u1ea1nh B\u00f3c V\u1ecf C\u00f2n \u0110u\u00f4i X\u1ebb B\u01b0\u1edbm<\/a><\/p><\/blockquote>\n<p><iframe class=\"wp-embedded-content\" sandbox=\"allow-scripts\" security=\"restricted\" style=\"position: absolute; clip: rect(1px, 1px, 1px, 1px);\" title=\"&#8220;T\u00f4m Th\u1ebb H\u1ea5p \u0110\u00f4ng L\u1ea1nh B\u00f3c V\u1ecf C\u00f2n \u0110u\u00f4i X\u1ebb B\u01b0\u1edbm&#8221; &#8212; Kimmy Farm\" src=\"https:\/\/kimmyfarm.com\/san-pham\/tom-the-hap-boc-vo-con-duoi-xe-buom\/embed#?secret=s3IEJlSnTu#?secret=Y4pWAjzSpt\" data-secret=\"Y4pWAjzSpt\" width=\"500\" height=\"282\" frameborder=\"0\" marginwidth=\"0\" marginheight=\"0\" scrolling=\"no\"><\/iframe><\/p>\n","protected":false},"excerpt":{"rendered":"<p>Th\u00f4ng tin t\u00f3m t\u1eaft s\u1ea3n ph\u1ea9m <strong>Ph\u1ebf Ph\u1ea9m \u0110\u1ea7u T\u00f4m, V\u1ecf T\u00f4m, \u0110u\u00f4i T\u00f4m<\/strong><b>\u00a0<\/b>l\u00e0 ph\u1ea7n c\u00f2n l\u1ea1i sau khi ch\u1ebf bi\u1ebfn t\u00f4m trong nh\u00e0 m\u00e1y s\u1ea3n xu\u1ea5t, \u0111\u01b0\u1ee3c d\u00f9ng \u0111\u00ea l\u00e0m l\u00e0m th\u1ee9c \u0103n ch\u0103n nu\u00f4i, l\u00e0m b\u1ed9t c\u00e1, \u1ee7 l\u00e0m th\u1ee9c \u0103n cho \u1ea5u tr\u00f9ng ru\u1ed3i l\u00ednh \u0111en, \u1ee7 l\u00e0m ph\u00e2n b\u00f3n, <a href=\"https:\/\/kimmyfarm.com\/5-buoc-quy-trinh-san-xuat-chitin-tu-vo-tom\">chi\u1ebft xu\u1ea5t chitin<\/a>, <a href=\"https:\/\/kimmyfarm.com\/quy-trinh-chiet-xuat-chitosan-tu-vo-tom-the\">s\u1ea3n xu\u1ea5t chitosan<\/a>\u2026\u2026<\/p>\n<ul>\n<li><strong>T\u00ean S\u1ea3n ph\u1ea9m:<\/strong> \u0111\u1ea7u, v\u1ecf t\u00f4m ph\u1ebf<\/li>\n<li><strong>Th\u00e0nh Ph\u1ea7n:<\/strong> T\u00f4m<\/li>\n<\/ul>\n","protected":false},"featured_media":11996,"template":"","meta":[],"product_brand":[],"product_cat":[62,181,133],"product_tag":[147,135,136],"class_list":{"0":"post-11995","1":"product","2":"type-product","3":"status-publish","4":"has-post-thumbnail","6":"product_cat-thuy-san-dong-lanh","7":"product_cat-tom-su","8":"product_cat-tom-the","9":"product_tag-phe-pham-thuy-san","10":"product_tag-tom","11":"product_tag-tom-the","13":"first","14":"instock","15":"shipping-taxable","16":"product-type-simple"},"_links":{"self":[{"href":"https:\/\/kimmyfarm.com\/de\/wp-json\/wp\/v2\/product\/11995","targetHints":{"allow":["GET"]}}],"collection":[{"href":"https:\/\/kimmyfarm.com\/de\/wp-json\/wp\/v2\/product"}],"about":[{"href":"https:\/\/kimmyfarm.com\/de\/wp-json\/wp\/v2\/types\/product"}],"version-history":[{"count":0,"href":"https:\/\/kimmyfarm.com\/de\/wp-json\/wp\/v2\/product\/11995\/revisions"}],"wp:featuredmedia":[{"embeddable":true,"href":"https:\/\/kimmyfarm.com\/de\/wp-json\/wp\/v2\/media\/11996"}],"wp:attachment":[{"href":"https:\/\/kimmyfarm.com\/de\/wp-json\/wp\/v2\/media?parent=11995"}],"wp:term":[{"taxonomy":"product_brand","embeddable":true,"href":"https:\/\/kimmyfarm.com\/de\/wp-json\/wp\/v2\/product_brand?post=11995"},{"taxonomy":"product_cat","embeddable":true,"href":"https:\/\/kimmyfarm.com\/de\/wp-json\/wp\/v2\/product_cat?post=11995"},{"taxonomy":"product_tag","embeddable":true,"href":"https:\/\/kimmyfarm.com\/de\/wp-json\/wp\/v2\/product_tag?post=11995"}],"curies":[{"name":"wp","href":"https:\/\/api.w.org\/{rel}","templated":true}]}}