{"id":11991,"date":"2020-12-31T14:16:30","date_gmt":"2020-12-31T07:16:30","guid":{"rendered":"https:\/\/kimmyfarm.com\/?post_type=product&#038;p=11991"},"modified":"2022-07-12T15:24:15","modified_gmt":"2022-07-12T08:24:15","slug":"phe-pham-ca-tra-ruot-ca-tra-phe-phu-pham-tu-ca","status":"publish","type":"product","link":"https:\/\/kimmyfarm.com\/de\/produkt\/phe-pham-ca-tra-ruot-ca-tra-phe-phu-pham-tu-ca","title":{"rendered":"Ph\u1ebf Ph\u1ea9m C\u00e1 Tra, Ru\u1ed9t C\u00e1 Tra Ph\u1ebf Ph\u1ee5 Ph\u1ea9m T\u1eeb C\u00e1"},"content":{"rendered":"<h2>Th\u00f4ng Tin Chi Ti\u1ebft S\u1ea3n Ph\u1ea9m Ph\u1ebf Ph\u1ea9m C\u00e1<\/h2>\n<p>\u0110\u1ec3 t\u1eadn d\u1ee5ng ph\u1ee5 ph\u1ea9m t\u1eeb ch\u1ebf bi\u1ebfn th\u1ee7y s\u1ea3n, c\u00e1c <strong>ph\u1ebf ph\u1ea9m c\u1ee7a c\u00e1<\/strong> <em>(hay c\u00f2n g\u1ecdi l\u00e0 ph\u1ee5 ph\u1ea9m th\u1ee7y s\u1ea3n)<\/em> l\u00e0 c\u00e1c ph\u1ea7n \u0111\u00e3 b\u1ecb b\u1ecf \u0111i trong qu\u00e1 tr\u00ecnh s\u01a1 ch\u1ebf c\u00e1 tra t\u1ea1i c\u00e1c nh\u00e0 m\u00e1y \u0111a ph\u00e2n \u0111\u01b0\u1ee3c d\u00f9ng \u0111\u1ec3<strong> l\u00e0m th\u1ee9c \u0103n ch\u0103n nu\u00f4i, l\u00e0m b\u1ed9t c\u00e1, \u1ee7 l\u00e0m th\u1ee9c \u0103n cho \u1ea5u tr\u00f9ng ru\u1ed3i l\u00ednh \u0111en, \u1ee7 l\u00e0m<a href=\"https:\/\/kimmyfarm.com\/san-pham\/phan-bon-tu-phan-au-trung\"> ph\u00e2n b\u00f3n h\u1eefu c\u01a1<\/a>&#8230;&#8230;<\/strong> C\u00e1 Tra c\u1ee7a ch\u00fang t\u00f4i l\u00e0 lo\u1ea1i c\u00e1 \u0111\u01b0\u1ee3c thu ho\u1ea1ch t\u1ea1i c\u00e1c b\u00e8 nu\u00f4i c\u00e1 tr\u00ean s\u00f4ng ho\u1eb7c trong c\u00e1c ao nu\u00f4i \u1edf khu v\u1ef1c t\u1ec9nh An Giang, \u0110\u1ed3ng Th\u00e1p, C\u1ea7n Th\u01a1. Khi nu\u00f4i \u00e1p d\u1ee5ng \u0111\u1ea7y d\u1ee7 quy tr\u00ecnh nu\u00f4i hi\u1ec7n \u0111\u1ea1i \u0111\u1ec3 l\u00e0m h\u00e0ng xu\u1ea5t kh\u1ea9u \u0111i nhi\u1ec1u n\u01b0\u1edbc tr\u00ean th\u1ebf gi\u1edbi. <strong>C\u00e1 t\u1ea1i Vi\u1ec7t Nam<\/strong> \u0111ang \u0111\u01b0\u1ee3c nu\u00f4i b\u1eb1ng ng\u0169 c\u1ed1c \u0111\u1eadu n\u00e0nh \u0111\u1ec3 \u0111\u1ea3m b\u1ea3o ch\u1ea5t l\u01b0\u1ee3ng theo ti\u00eau chu\u1ea9n qu\u1ed1c t\u1ebf, k\u1ebft c\u1ea5u th\u1ecbt, v\u00e0 h\u01b0\u01a1ng v\u1ecb c\u1ee7a mi\u1ebfng c\u00e1.<\/p>\n<h3>C\u00e1c lo\u1ea1i ph\u1ebf ph\u1ea9m c\u00e1 ch\u00fang t\u00f4i cung c\u1ea5p:<\/h3>\n<ul>\n<li>Ph\u1ebf ph\u1ea9m c\u00e1 tra <em>(ph\u1ee5 ph\u1ea9m c\u00e1 tra)<\/em><\/li>\n<li>Ph\u1ebf ph\u1ea9m c\u00e1 t\u1ea1p n\u01b0\u1edbc ng\u1ecdt.<\/li>\n<\/ul>\n<h3><strong>Trong s\u1ea3n ph\u1ea9m ph\u1ebf ph\u1ea9m c\u00e1 ch\u00fang t\u00f4i bao g\u1ed3m:\u00a0<\/strong><\/h3>\n<ul>\n<li>Ru\u1ed9t c\u00e1,<\/li>\n<li>\u0110\u1ea7u c\u00e1,<\/li>\n<li>B\u1ed9 x\u01b0\u01a1ng c\u00e1,<\/li>\n<li>N\u1ed9i t\u1ea1ng c\u00e1,<\/li>\n<li>Ph\u1ea7n th\u1ecbt c\u00e1 m\u00e0u s\u1eabm,<\/li>\n<li>Ph\u1ea7n m\u1ee1 b\u1ee5ng c\u00e1,<\/li>\n<li>V\u1ee5n th\u1ecbt c\u00e1<\/li>\n<li>&#8230;<\/li>\n<\/ul>\n<h3><strong>S\u1ea3n ph\u1ea9m ph\u1ebf ph\u1ea9m c\u00e1 \u0111\u01b0\u1ee3c d\u00f9ng \u0111\u1ec3 l\u00e0m:<\/strong><\/h3>\n<ul>\n<li>L\u00e0m th\u1ee9c \u0103n ch\u0103n nu\u00f4i<\/li>\n<li>L\u00e0m b\u1ed9t c\u00e1<\/li>\n<li>\u1ee6 l\u00e0m ph\u00e2n b\u00f3n<\/li>\n<li>L\u00e0m th\u1ee9c \u0103n cho \u1ea5u tr\u00f9ng ru\u1ed3i l\u00ednh \u0111en<\/li>\n<li>&#8230;.<\/li>\n<\/ul>\n<div id=\"attachment_11992\" style=\"width: 810px\" class=\"wp-caption aligncenter\"><img decoding=\"async\" aria-describedby=\"caption-attachment-11992\" class=\"wp-image-11992 size-full\" src=\"https:\/\/kimmyfarm.com\/wp-content\/uploads\/2020\/12\/phe-pham-ca-tra-ruot-ca-tra-phe-phu-pham-tu-ca.jpg\" alt=\"Ph\u1ebf ph\u1ea9m c\u00e1 tra bao g\u1ed3m: x\u01b0\u01a1ng, v\u00e2y, ru\u1ed9t c\u00e1, v\u1ea9y c\u00e1, th\u1ecbt v\u1ee5n nh\u1ecf......\" width=\"800\" height=\"800\" srcset=\"https:\/\/kimmyfarm.com\/wp-content\/uploads\/2020\/12\/phe-pham-ca-tra-ruot-ca-tra-phe-phu-pham-tu-ca.jpg 800w, https:\/\/kimmyfarm.com\/wp-content\/uploads\/2020\/12\/phe-pham-ca-tra-ruot-ca-tra-phe-phu-pham-tu-ca-600x600.jpg 600w, https:\/\/kimmyfarm.com\/wp-content\/uploads\/2020\/12\/phe-pham-ca-tra-ruot-ca-tra-phe-phu-pham-tu-ca-150x150.jpg 150w\" sizes=\"(max-width: 800px) 100vw, 800px\" \/><p id=\"caption-attachment-11992\" class=\"wp-caption-text\"><strong>Ph\u1ebf ph\u1ea9m c\u00e1 bao g\u1ed3m:<\/strong> x\u01b0\u01a1ng, v\u00e2y, ru\u1ed9t c\u00e1, n\u1ed9i t\u1ea1ng c\u00e1, v\u1ea9y c\u00e1, th\u1ecbt v\u1ee5n nh\u1ecf, \u0111\u1ea7u c\u00e1 ph\u1ebf, \u0111u\u00f4i c\u00e1 ph\u1ebf, ph\u1ea7n th\u1ecbt m\u00e0u s\u1eabm, m\u1ee1 b\u1ee5ng, v\u00e2y b\u1ee5ng&#8230;<\/p><\/div>\n<h2>T\u00f3m T\u1eaft S\u1ea3n Ph\u1ea9m Ph\u1ebf C\u00e1<\/h2>\n<table style=\"border-collapse: collapse; width: 100%; height: 208px;\">\n<tbody>\n<tr style=\"height: 23px;\">\n<td style=\"height: 23px; width: 23.4469%;\"><strong>T\u00ean S\u1ea3n Ph\u1ea9m\u00a0<\/strong><\/td>\n<td style=\"height: 23px; width: 76.4529%;\">Ph\u1ebf ph\u1ea9m c\u00e1<\/td>\n<\/tr>\n<tr style=\"height: 23px;\">\n<td style=\"height: 23px; width: 23.4469%;\"><strong>Xu\u1ea5t x\u1ee9<\/strong><\/td>\n<td style=\"height: 23px; width: 76.4529%;\">Vi\u1ec7t Nam<\/td>\n<\/tr>\n<tr style=\"height: 23px;\">\n<td style=\"height: 23px; width: 23.4469%;\"><strong>Th\u00e0nh Ph\u1ea7n<\/strong><\/td>\n<td style=\"height: 23px; width: 76.4529%;\">100% C\u00e1<\/td>\n<\/tr>\n<tr style=\"height: 23px;\">\n<td style=\"height: 23px; width: 23.4469%;\"><strong>T\u00ecnh Tr\u1ea1ng<\/strong><\/td>\n<td style=\"height: 23px; width: 76.4529%;\">H\u00e0ng ph\u1ebf t\u1eeb ng\u00e0nh ch\u1ebf bi\u1ebfn c\u00e1<\/td>\n<\/tr>\n<tr>\n<td style=\"width: 23.4469%;\"><strong>S\u1ea3n L\u01b0\u1ee3ng<\/strong><\/td>\n<td style=\"width: 76.4529%;\">10 &#8211; 25 T\u1ea5n \/ ng\u00e0y<\/td>\n<\/tr>\n<tr style=\"height: 23px;\">\n<td style=\"height: 23px; width: 23.4469%;\"><strong>Ph\u01b0\u01a1ng Th\u1ee9c B\u1ea3o Qu\u1ea3n<\/strong><\/td>\n<td style=\"height: 23px; width: 76.4529%;\">T\u00f9y theo hi\u00ean tr\u1ea1ng, xin li\u00ean h\u1ec7.<\/td>\n<\/tr>\n<tr style=\"height: 23px;\">\n<td style=\"height: 23px; width: 23.4469%;\"><strong>Ph\u01b0\u01a1ng Th\u1ee9c Giao H\u00e0ng<\/strong><\/td>\n<td style=\"height: 23px; width: 76.4529%;\">T\u00f9y theo th\u1ecfa thu\u1eadn<\/td>\n<\/tr>\n<tr style=\"height: 23px;\">\n<td style=\"height: 23px; width: 23.4469%;\"><strong>Ph\u01b0\u01a1ng Th\u1ee9c Thanh To\u00e1n<\/strong><\/td>\n<td style=\"height: 23px; width: 76.4529%;\">T\u00f9y theo th\u1ecfa thu\u1eadn<\/td>\n<\/tr>\n<\/tbody>\n<\/table>\n<h2><b>\u0110\u1ecba Ch\u1ec9 Mua Ph\u1ebf C\u00e1\u00a0<\/b><\/h2>\n<p><strong>Kimmy Farm<\/strong> \u2013 l\u00e0 th\u01b0\u01a1ng hi\u1ec7u chuy\u00ean s\u1ea3n xu\u1ea5t v\u00e0 xu\u1ea5t kh\u1ea9u c\u00e1c ng\u00e0nh h\u00e0ng v\u1ec1 n\u00f4ng nghi\u1ec7p t\u1ea1i Vi\u1ec7t Nam. C\u00e1c m\u1eb7t h\u00e0ng xu\u1ea5t kh\u1ea9u ch\u1ee7 l\u1ef1c c\u1ee7a c\u00f4ng ty l\u00e0: c\u00e1c s\u1ea3n ph\u1ea9m t\u1eeb ru\u1ed3i l\u00ednh \u0111en, c\u00e1c lo\u1ea1i h\u1ea1t \u0111i\u1ec1u nh\u00e2n, h\u1ea1t \u0111i\u1ec1u th\u00f4, c\u00e1c m\u1eb7t h\u00e0ng v\u1ec1 th\u1ee7y s\u1ea3n v\u00f9ng \u0111\u1ed3ng b\u1eb1ng s\u00f4ng C\u1eedu Long\u2026 Ch\u00fang t\u00f4i \u0111ang l\u00e0 \u0111\u1ed1i t\u00e1c cung c\u1ea5p h\u00e0ng cho 1 s\u1ed1 b\u1ea1n h\u00e0ng t\u1edbi t\u1eeb: T\u00e2y Ban Nha, Ph\u00e1p, \u0110\u1ee9c, H\u00e0 Lan, Ba Lan, Hy L\u1ea1p, Th\u1ed5 Nh\u0129 K\u1ef3, Nga, Th\u1ee5y S\u0129, M\u1ef9, \u00dac, Nam Phi, U.A.E, \u1ea4n \u0110\u1ed9, Singapore, Nh\u1eadt B\u1ea3n v\u00e0 nhi\u1ec1u n\u01b0\u1edbc kh\u00e1c. Ngo\u00e0i ra ch\u00fang t\u00f4i c\u00f2n c\u00f3 \u0111\u1ed9i ng\u0169 nh\u00e2n vi\u00ean \u0111\u00e3 c\u00f3 nhi\u1ec1u n\u0103m kinh nghi\u1ec7m l\u00e0m vi\u1ec7c trong c\u00e1c nh\u00e0 m\u00e1y ch\u1ebf bi\u1ebfn l\u1edbn c\u1ee7a Vi\u1ec7t Nam. H\u00e3y li\u00ean h\u1ec7 v\u1edbi ch\u00fang t\u00f4i n\u1ebfu c\u00e1c b\u1ea1n \u0111ang c\u1ea7n ngu\u1ed3n h\u00e0ng xu\u1ea5t kh\u1ea9u theo nhu c\u1ea7u.<\/p>\n<p><strong>Tham kh\u1ea3o c\u00e1c s\u1ea3n ph\u1ea9m v\u1ec1 C\u00e1 c\u1ee7a Kimmy Farm:<\/strong> <a href=\"https:\/\/kimmyfarm.com\/thuy-san-dong-lanh\/ca-tra\">https:\/\/kimmyfarm.com\/thuy-san-dong-lanh\/ca-tra<\/a><\/p>\n<p><strong>Xem th\u00eam c\u00e1c s\u1ea3n ph\u1ea9m li\u00ean quan:\u00a0<\/strong><\/p>\n<blockquote class=\"wp-embedded-content\" data-secret=\"Spb2e6V97f\"><p><a href=\"https:\/\/kimmyfarm.com\/san-pham\/vun-do-ca-tra-dung-de-lam-cha-ca\">V\u1ee5n Th\u1ecbt \u0110\u1ecf C\u00e1 Tra (Th\u1ecbt \u0110\u1ecf V\u1ee5n) D\u00f9ng \u0110\u1ec3 L\u00e0m Ch\u1ea3 L\u1ee5a C\u00e1<\/a><\/p><\/blockquote>\n<p><iframe class=\"wp-embedded-content\" sandbox=\"allow-scripts\" security=\"restricted\" style=\"position: absolute; clip: rect(1px, 1px, 1px, 1px);\" title=\"&#8220;V\u1ee5n Th\u1ecbt \u0110\u1ecf C\u00e1 Tra (Th\u1ecbt \u0110\u1ecf V\u1ee5n) D\u00f9ng \u0110\u1ec3 L\u00e0m Ch\u1ea3 L\u1ee5a C\u00e1&#8221; &#8212; Kimmy Farm\" src=\"https:\/\/kimmyfarm.com\/san-pham\/vun-do-ca-tra-dung-de-lam-cha-ca\/embed#?secret=v6JI59dgta#?secret=Spb2e6V97f\" data-secret=\"Spb2e6V97f\" width=\"500\" height=\"282\" frameborder=\"0\" marginwidth=\"0\" marginheight=\"0\" scrolling=\"no\"><\/iframe><\/p>\n<blockquote class=\"wp-embedded-content\" data-secret=\"MB4tlKXjDV\"><p><a href=\"https:\/\/kimmyfarm.com\/en\/san-pham\/de-nac-ca-tra-95-nac-dung-de-lam-cha-ca\">D\u00e8 N\u1ea1c C\u00e1 Tra (95% N\u1ea1c) D\u00f9ng \u0110\u1ec3 L\u00e0m Ch\u1ea3 C\u00e1<\/a><\/p><\/blockquote>\n<p><iframe class=\"wp-embedded-content\" sandbox=\"allow-scripts\" security=\"restricted\" style=\"position: absolute; clip: rect(1px, 1px, 1px, 1px);\" title=\"&#8220;D\u00e8 N\u1ea1c C\u00e1 Tra (95% N\u1ea1c) D\u00f9ng \u0110\u1ec3 L\u00e0m Ch\u1ea3 C\u00e1&#8221; &#8212; Kimmy Farm\" src=\"https:\/\/kimmyfarm.com\/en\/san-pham\/de-nac-ca-tra-95-nac-dung-de-lam-cha-ca\/embed#?secret=w3d2d03XM6#?secret=MB4tlKXjDV\" data-secret=\"MB4tlKXjDV\" width=\"500\" height=\"282\" frameborder=\"0\" marginwidth=\"0\" marginheight=\"0\" scrolling=\"no\"><\/iframe><\/p>\n<blockquote class=\"wp-embedded-content\" data-secret=\"ZN8kvNiYQb\"><p><a href=\"https:\/\/kimmyfarm.com\/san-pham\/phe-pham-dau-tom-vo-tom-duoi-tom\">Ph\u1ebf Ph\u1ea9m T\u00f4m, \u0110\u1ea7u T\u00f4m, V\u1ecf T\u00f4m, \u0110u\u00f4i T\u00f4m<\/a><\/p><\/blockquote>\n<p><iframe class=\"wp-embedded-content\" sandbox=\"allow-scripts\" security=\"restricted\" style=\"position: absolute; clip: rect(1px, 1px, 1px, 1px);\" title=\"&#8220;Ph\u1ebf Ph\u1ea9m T\u00f4m, \u0110\u1ea7u T\u00f4m, V\u1ecf T\u00f4m, \u0110u\u00f4i T\u00f4m&#8221; &#8212; Kimmy Farm\" src=\"https:\/\/kimmyfarm.com\/san-pham\/phe-pham-dau-tom-vo-tom-duoi-tom\/embed#?secret=nlgjrz0ZHp#?secret=ZN8kvNiYQb\" data-secret=\"ZN8kvNiYQb\" width=\"500\" height=\"282\" frameborder=\"0\" marginwidth=\"0\" marginheight=\"0\" scrolling=\"no\"><\/iframe><\/p>\n<blockquote class=\"wp-embedded-content\" data-secret=\"C6VJrbSVpO\"><p><a href=\"https:\/\/kimmyfarm.com\/san-pham\/bao-tu-ca-tra-dong-lanh\">Bao T\u1eed C\u00e1 Tra \u0110\u00f4ng L\u1ea1nh Ch\u1ea5t L\u01b0\u1ee3ng Cao Xu\u1ea5t Kh\u1ea9u<\/a><\/p><\/blockquote>\n<p><iframe class=\"wp-embedded-content\" sandbox=\"allow-scripts\" security=\"restricted\" style=\"position: absolute; clip: rect(1px, 1px, 1px, 1px);\" title=\"&#8220;Bao T\u1eed C\u00e1 Tra \u0110\u00f4ng L\u1ea1nh Ch\u1ea5t L\u01b0\u1ee3ng Cao Xu\u1ea5t Kh\u1ea9u&#8221; &#8212; Kimmy Farm\" src=\"https:\/\/kimmyfarm.com\/san-pham\/bao-tu-ca-tra-dong-lanh\/embed#?secret=oxccyjZKKP#?secret=C6VJrbSVpO\" data-secret=\"C6VJrbSVpO\" width=\"500\" height=\"282\" frameborder=\"0\" marginwidth=\"0\" marginheight=\"0\" scrolling=\"no\"><\/iframe><\/p>\n<blockquote class=\"wp-embedded-content\" data-secret=\"W1uPDntJ7C\"><p><a href=\"https:\/\/kimmyfarm.com\/san-pham\/vay-vi-ca-tra-dong-lanh\">V\u00e2y Vi C\u00e1 Tra \u0110\u00f4ng L\u1ea1nh<\/a><\/p><\/blockquote>\n<p><iframe class=\"wp-embedded-content\" sandbox=\"allow-scripts\" security=\"restricted\" style=\"position: absolute; clip: rect(1px, 1px, 1px, 1px);\" title=\"&#8220;V\u00e2y Vi C\u00e1 Tra \u0110\u00f4ng L\u1ea1nh&#8221; &#8212; Kimmy Farm\" src=\"https:\/\/kimmyfarm.com\/san-pham\/vay-vi-ca-tra-dong-lanh\/embed#?secret=miJ2foWrue#?secret=W1uPDntJ7C\" data-secret=\"W1uPDntJ7C\" width=\"500\" height=\"282\" frameborder=\"0\" marginwidth=\"0\" marginheight=\"0\" scrolling=\"no\"><\/iframe><\/p>\n<blockquote class=\"wp-embedded-content\" data-secret=\"EnmH9lmPKK\"><p><a href=\"https:\/\/kimmyfarm.com\/san-pham\/da-ca-tra-dong-lanh\">Da C\u00e1 Tra \u0110\u00f4ng L\u1ea1nh X\u1ebfp D\u1ecdc (Ho\u1eb7c Ko X\u1ebfp) Ch\u1ea5t L\u01b0\u1ee3ng Cao Xu\u1ea5t Kh\u1ea9u<\/a><\/p><\/blockquote>\n<p><iframe class=\"wp-embedded-content\" sandbox=\"allow-scripts\" security=\"restricted\" style=\"position: absolute; clip: rect(1px, 1px, 1px, 1px);\" title=\"&#8220;Da C\u00e1 Tra \u0110\u00f4ng L\u1ea1nh X\u1ebfp D\u1ecdc (Ho\u1eb7c Ko X\u1ebfp) Ch\u1ea5t L\u01b0\u1ee3ng Cao Xu\u1ea5t Kh\u1ea9u&#8221; &#8212; Kimmy Farm\" src=\"https:\/\/kimmyfarm.com\/san-pham\/da-ca-tra-dong-lanh\/embed#?secret=Kb6sa8L65c#?secret=EnmH9lmPKK\" data-secret=\"EnmH9lmPKK\" width=\"500\" height=\"282\" frameborder=\"0\" marginwidth=\"0\" marginheight=\"0\" scrolling=\"no\"><\/iframe><\/p>\n","protected":false},"excerpt":{"rendered":"<p>Th\u00f4ng tin t\u00f3m t\u1eaft s\u1ea3n ph\u1ea9m <b>ph\u1ebf ph\u1ea9m c\u00e1 tra ph\u1ee5 ph\u1ea9m th\u1ee7y s\u1ea3n <\/b>l\u00e0 ph\u1ea7n c\u00f2n l\u1ea1i sau khi ch\u1ebf bi\u1ebfn c\u00e1, \u0111\u01b0\u1ee3c d\u00f9ng \u0111\u1ec3 l\u00e0m th\u1ee9c \u0103n ch\u0103n nu\u00f4i, l\u00e0m b\u1ed9t c\u00e1, \u1ee7 l\u00e0m th\u1ee9c \u0103n cho \u1ea5u tr\u00f9ng ru\u1ed3i l\u00ednh \u0111en, \u1ee7 l\u00e0m ph\u00e2n b\u00f3n&#8230;<\/p>\n<ul>\n<li><strong>T\u00ean S\u1ea3n ph\u1ea9m:<\/strong> ru\u1ed9t c\u00e1, \u0111\u1ea7u, b\u1ed9 x\u01b0\u01a1ng, n\u1ed9i t\u1ea1ng, mang, ph\u1ea7n th\u1ecbt m\u00e0u s\u1eabm, m\u1ee1 b\u1ee5ng, v\u1ee5n th\u1ecbt c\u00e1&#8230;&#8230;.<\/li>\n<li><strong>Th\u00e0nh Ph\u1ea7n:<\/strong> 100% t\u1eeb nhi\u1ec1u lo\u1ea1i c\u00e1.<\/li>\n<li><strong>S\u1ea3n L\u01b0\u1ee3ng: <\/strong>10 &#8211; 25 t\u1ea5n \/ ng\u00e0y.<\/li>\n<\/ul>\n","protected":false},"featured_media":11992,"template":"","meta":[],"product_brand":[],"product_cat":[141,62],"product_tag":[142,143,147],"class_list":{"0":"post-11991","1":"product","2":"type-product","3":"status-publish","4":"has-post-thumbnail","6":"product_cat-ca-tra","7":"product_cat-thuy-san-dong-lanh","8":"product_tag-ca-tra","9":"product_tag-ca-tra-dong-lanh","10":"product_tag-phe-pham-thuy-san","12":"first","13":"instock","14":"shipping-taxable","15":"product-type-simple"},"_links":{"self":[{"href":"https:\/\/kimmyfarm.com\/de\/wp-json\/wp\/v2\/product\/11991","targetHints":{"allow":["GET"]}}],"collection":[{"href":"https:\/\/kimmyfarm.com\/de\/wp-json\/wp\/v2\/product"}],"about":[{"href":"https:\/\/kimmyfarm.com\/de\/wp-json\/wp\/v2\/types\/product"}],"version-history":[{"count":0,"href":"https:\/\/kimmyfarm.com\/de\/wp-json\/wp\/v2\/product\/11991\/revisions"}],"wp:featuredmedia":[{"embeddable":true,"href":"https:\/\/kimmyfarm.com\/de\/wp-json\/wp\/v2\/media\/11992"}],"wp:attachment":[{"href":"https:\/\/kimmyfarm.com\/de\/wp-json\/wp\/v2\/media?parent=11991"}],"wp:term":[{"taxonomy":"product_brand","embeddable":true,"href":"https:\/\/kimmyfarm.com\/de\/wp-json\/wp\/v2\/product_brand?post=11991"},{"taxonomy":"product_cat","embeddable":true,"href":"https:\/\/kimmyfarm.com\/de\/wp-json\/wp\/v2\/product_cat?post=11991"},{"taxonomy":"product_tag","embeddable":true,"href":"https:\/\/kimmyfarm.com\/de\/wp-json\/wp\/v2\/product_tag?post=11991"}],"curies":[{"name":"wp","href":"https:\/\/api.w.org\/{rel}","templated":true}]}}