{"id":11983,"date":"2020-12-31T14:01:34","date_gmt":"2020-12-31T07:01:34","guid":{"rendered":"https:\/\/kimmyfarm.com\/?post_type=product&#038;p=11983"},"modified":"2021-10-21T15:56:47","modified_gmt":"2021-10-21T08:56:47","slug":"vay-vi-ca-tra-dong-lanh","status":"publish","type":"product","link":"https:\/\/kimmyfarm.com\/de\/produkt\/vay-vi-ca-tra-dong-lanh","title":{"rendered":"V\u00e2y Vi C\u00e1 Tra \u0110\u00f4ng L\u1ea1nh"},"content":{"rendered":"<h2>Th\u00f4ng Tin Chi Ti\u1ebft S\u1ea3n Ph\u1ea9m V\u00e2y Vi C\u00e1 Tra \u0110\u00f4ng L\u1ea1nh<\/h2>\n<p>Vi c\u00e1 tra, v\u00e2y c\u00e1 tra l\u00f3c ra kh\u1ecfi c\u00e1 d\u00e0nh cho kh\u00e1c h\u00e0ng mua theo y\u00eau c\u1ea7u. S\u1ea3n ph\u1ea9m n\u00e0y<strong> 100% l\u00e0 t\u1eeb v\u00e2y c\u00e1 tra, vi c\u00e1 tra. <\/strong>C\u00e1 Tra c\u1ee7a ch\u00fang t\u00f4i l\u00e0 lo\u1ea1i c\u00e1 \u0111\u01b0\u1ee3c thu ho\u1ea1ch t\u1ea1i c\u00e1c b\u00e8 nu\u00f4i c\u00e1 tr\u00ean s\u00f4ng ho\u1eb7c trong c\u00e1c ao nu\u00f4i \u1edf khu v\u1ef1c t\u1ec9nh An Giang, \u0110\u1ed3ng Th\u00e1p, C\u1ea7n Th\u01a1. Khi nu\u00f4i \u00e1p d\u1ee5ng \u0111\u1ea7y d\u1ee7 quy tr\u00ecnh nu\u00f4i hi\u1ec7n \u0111\u1ea1i \u0111\u1ec3 l\u00e0m h\u00e0ng xu\u1ea5t kh\u1ea9u \u0111i nhi\u1ec1u n\u01b0\u1edbc tr\u00ean th\u1ebf gi\u1edbi. C\u00e1 Tra t\u1ea1i Vi\u1ec7t Nam \u0111ang \u0111\u01b0\u1ee3c nu\u00f4i b\u1eb1ng ng\u0169 c\u1ed1c \u0111\u1eadu n\u00e0nh \u0111\u1ec3 \u0111\u1ea3m b\u1ea3o ch\u1ea5t l\u01b0\u1ee3ng theo ti\u00eau chu\u1ea9n qu\u1ed1c t\u1ebf, k\u1ebft c\u1ea5u th\u1ecbt, v\u00e0 h\u01b0\u01a1ng v\u1ecb c\u1ee7a mi\u1ebfng c\u00e1. C\u00e1 tra Vi\u1ec7t Nam c\u00f2n ngu\u1ed3n cung c\u1ea5p l\u01b0\u1ee3ng omega-3 d\u1ed3i d\u00e0o, d\u01b0\u1ee1ng ch\u1ea5t c\u00f3 \u00edch cho s\u1ee9c kh\u1ecfe gi\u00fap gi\u1ea3m nguy c\u01a1 tr\u1ea7m c\u1ea3m, \u0111au tim v\u00e0 suy gi\u1ea3m tr\u00ed nh\u1edb.<\/p>\n<p><img decoding=\"async\" class=\"size-full wp-image-11986 aligncenter\" src=\"https:\/\/kimmyfarm.com\/wp-content\/uploads\/2020\/12\/vay-vi-ca-tra-3.jpg\" alt=\"\" width=\"840\" height=\"500\" srcset=\"https:\/\/kimmyfarm.com\/wp-content\/uploads\/2020\/12\/vay-vi-ca-tra-3.jpg 840w, https:\/\/kimmyfarm.com\/wp-content\/uploads\/2020\/12\/vay-vi-ca-tra-3-150x89.jpg 150w\" sizes=\"(max-width: 840px) 100vw, 840px\" \/><\/p>\n<table style=\"border-collapse: collapse; width: 100%; height: 208px;\">\n<tbody>\n<tr style=\"height: 23px;\">\n<td style=\"height: 23px; width: 23.4469%;\"><strong>T\u00ean S\u1ea3n Ph\u1ea9m\u00a0<\/strong><\/td>\n<td style=\"height: 23px; width: 76.4529%;\">V\u00e2y c\u00e1 tra, Vi c\u00e1 tra \u0111\u00f4ng l\u1ea1nh<\/td>\n<\/tr>\n<tr style=\"height: 23px;\">\n<td style=\"height: 23px; width: 23.4469%;\"><strong>Xu\u1ea5t x\u1ee9<\/strong><\/td>\n<td style=\"height: 23px; width: 76.4529%;\">Vi\u1ec7t Nam<\/td>\n<\/tr>\n<tr style=\"height: 23px;\">\n<td style=\"height: 23px; width: 23.4469%;\"><strong>Th\u00e0nh Ph\u1ea7n<\/strong><\/td>\n<td style=\"height: 23px; width: 76.4529%;\">100% v\u00e2y, vi c\u00e1 tra<\/td>\n<\/tr>\n<tr style=\"height: 23px;\">\n<td style=\"height: 23px; width: 23.4469%;\"><strong>T\u00ecnh Tr\u1ea1ng<\/strong><\/td>\n<td style=\"height: 23px; width: 76.4529%;\">\u0110\u00f4ng l\u1ea1nh<\/td>\n<\/tr>\n<tr style=\"height: 23px;\">\n<td style=\"height: 23px; width: 23.4469%;\"><strong>K\u00edch C\u1ee1<\/strong><\/td>\n<td style=\"height: 23px; width: 76.4529%;\">T\u00f9y theo y\u00eau c\u1ea7u c\u1ee5 th\u1ec3<\/td>\n<\/tr>\n<tr style=\"height: 24px;\">\n<td style=\"height: 24px; width: 23.4469%;\"><strong>M\u1ea1 B\u0103ng S\u1ea3n Ph\u1ea9m<\/strong><\/td>\n<td style=\"height: 24px; width: 76.4529%;\">T\u00f9y theo y\u00eau c\u1ea7u c\u1ee5 th\u1ec3<\/td>\n<\/tr>\n<tr style=\"height: 23px;\">\n<td style=\"height: 23px; width: 23.4469%;\"><strong>Ph\u01b0\u01a1ng Th\u1ee9c B\u1ea3o Qu\u1ea3n<\/strong><\/td>\n<td style=\"height: 23px; width: 76.4529%;\">Duy tr\u00ec nhi\u1ec7t \u0111\u1ed9 -18 \u0111\u1ed9 C<\/td>\n<\/tr>\n<tr style=\"height: 23px;\">\n<td style=\"height: 23px; width: 23.4469%;\"><strong>Ph\u01b0\u01a1ng Th\u1ee9c Giao H\u00e0ng<\/strong><\/td>\n<td style=\"height: 23px; width: 76.4529%;\">EXW, FOB, CFR, CIF, DAF,&#8230;. ho\u1eb7c th\u1ecfa thu\u1eadn<\/td>\n<\/tr>\n<tr style=\"height: 23px;\">\n<td style=\"height: 23px; width: 23.4469%;\"><strong>Ph\u01b0\u01a1ng Th\u1ee9c Thanh To\u00e1n<\/strong><\/td>\n<td style=\"height: 23px; width: 76.4529%;\">L\/C, T\/T,&#8230; ho\u1eb7c th\u1ecfa thu\u1eadn.<\/td>\n<\/tr>\n<\/tbody>\n<\/table>\n<h2>V\u1ec1 Xu\u1ea5t X\u1ee9 C\u1ee7a S\u1ea3n Ph\u1ea9m.<\/h2>\n<p>C\u00e1 tra ph\u00e2n b\u1ed1 ch\u1ee7 y\u1ebfu \u1edf l\u01b0u v\u1ef1c s\u00f4ng M\u00ea k\u00f4ng, ph\u1ea7n l\u1edbn c\u00e1c trang tr\u1ea1i nu\u00f4i c\u00e1 tra t\u1ea1i Vi\u1ec7t Nam \u0111\u01b0\u1ee3c \u0111\u1eb7t t\u1ea1i t\u1ec9nh<strong> An Giang, \u0110\u1ed3ng Th\u00e1p, C\u1ea7n Th\u01a1.<\/strong> C\u00e1 tra \u0111\u01b0\u1ee3c thu ho\u1ea1ch sau khi nu\u00f4i t\u1ea1i c\u00e1c b\u00e8 nu\u00f4i c\u00e1 tr\u00ean s\u00f4ng ho\u1eb7c trong c\u00e1c ao nu\u00f4i. Sau \u0111\u00f3 \u0111\u01b0\u1ee3c \u0111\u01b0a t\u1edbi c\u00e1c nh\u00e0 m\u00e1y ph\u00e2n lo\u1ea1i v\u00e0 ch\u1ebf bi\u1ebfn th\u00e0nh s\u1ea3n ph\u1ea9m \u0111\u1ec3 s\u1eed d\u1ee5ng trong n\u01b0\u1edbc v\u00e0 xu\u1ea5t kh\u1ea9u.<\/p>\n<p><img decoding=\"async\" class=\"size-full wp-image-11957 aligncenter\" src=\"https:\/\/kimmyfarm.com\/wp-content\/uploads\/2020\/12\/ca-tra-dong-lanh-cat-khuc-theo-yeu-cau-2.jpg\" alt=\"\" width=\"800\" height=\"800\" srcset=\"https:\/\/kimmyfarm.com\/wp-content\/uploads\/2020\/12\/ca-tra-dong-lanh-cat-khuc-theo-yeu-cau-2.jpg 800w, https:\/\/kimmyfarm.com\/wp-content\/uploads\/2020\/12\/ca-tra-dong-lanh-cat-khuc-theo-yeu-cau-2-600x600.jpg 600w, https:\/\/kimmyfarm.com\/wp-content\/uploads\/2020\/12\/ca-tra-dong-lanh-cat-khuc-theo-yeu-cau-2-150x150.jpg 150w, https:\/\/kimmyfarm.com\/wp-content\/uploads\/2020\/12\/ca-tra-dong-lanh-cat-khuc-theo-yeu-cau-2-45x45.jpg 45w\" sizes=\"(max-width: 800px) 100vw, 800px\" \/><\/p>\n<h2>V\u1ea5n \u0110\u1ec1 M\u1ea1 B\u0103ng B\u1ea3o V\u1ec7 S\u1ea3n Ph\u1ea9m<\/h2>\n<p>M\u1ea1 b\u0103ng l\u00e0 qu\u00e1 tr\u00ecnh l\u00e0m \u0111\u00f3ng b\u0103ng m\u1ed9t l\u1edbp n\u01b0\u1edbc tr\u00ean b\u1ec1 m\u1eb7t s\u1ea3n ph\u1ea9m. M\u1ee5c \u0111\u00edch c\u1ee7a vi\u1ec7c m\u1ea1 b\u0103ng l\u00e0 \u0111\u1ec3 b\u1ea3o v\u1ec7 s\u1ea3n ph\u1ea9m, ng\u0103n c\u00e1ch s\u1ea3n ph\u1ea9m v\u1edbi kh\u00f4ng kh\u00ed \u0111\u1ec3 ch\u1ed1ng vi\u1ec7c b\u1ecb oxy h\u00f3a c\u00e1c th\u00e0nh ph\u1ea7n dinh d\u01b0\u1ee1ng do ti\u1ebfp x\u00fac v\u1edbi kh\u00f4ng kh\u00ed. B\u00ean c\u1ea1nh \u0111\u00f3, l\u1edbp b\u0103ng m\u1ea1 gi\u00fap s\u1ea3n ph\u1ea9m kh\u00f4ng b\u1ecb ch\u00e1y l\u1ea1nh do protein b\u1ecb m\u1ea5t h\u1ebft n\u01b0\u1edbc. Vi\u1ec7c m\u1ea1 b\u0103ng \u1edf phi l\u00ea c\u00e1 tra kh\u00f4ng quy \u0111\u1ecbnh t\u1ef7 l\u1ec7 m\u1ea1 b\u0103ng v\u00e0 h\u00e0m l\u01b0\u1ee3ng n\u01b0\u1edbc v\u1edbi c\u00e1 tra xu\u1ea5t kh\u1ea9u. V\u00ec v\u1eady t\u1ef7 l\u1ec7 m\u1ea1 b\u0103ng b\u1ea3o v\u1ec7 s\u1ea3n ph\u1ea9m l\u00e0 t\u1eeb: \u00a05%, 10%, 15% ho\u1eb7c t\u00f9y theo y\u00eau c\u1ea7u c\u1ee7a kh\u00e1ch h\u00e0ng. Vi\u1ec7c m\u1ea1 b\u0103ng b\u1ea3o v\u1ec7 s\u1ea3n ph\u1ea9m gi\u00fap cho: gi\u1eef s\u1ea3n ph\u1ea9m phi l\u00ea c\u00e1 tra \u0111\u01b0\u1ee3c t\u01b0\u01a1i ngon, kh\u00f4ng m\u1ea5t ch\u1ea5t b\u1ed5 d\u01b0\u1ee1ng, an to\u00e0n th\u1ef1c ph\u1ea9m, th\u01a1i gian b\u1ea3o qu\u1ea3n \u0111\u01b0\u1ee3c l\u00e2u, linh ho\u1ea1t trong kh\u00e2u v\u1eadn chuy\u1ec3n.<\/p>\n<h2>V\u1ec1 Vi\u1ec7c B\u1ea3o Qu\u1ea3n S\u1ea3n Ph\u1ea9m<\/h2>\n<p><strong>C\u00e1ch B\u1ea3o qu\u1ea3n s\u1ea3n ph\u1ea9m vi c\u00e1 tra l\u00e0 gi\u1eef ch\u00fang \u1edf nhi\u1ec7t \u0111\u1ed9 -18 \u0111\u1ed9 C<em> (ho\u1eb7c th\u1ea5p h\u01a1n),<\/em><\/strong> c\u00f3 th\u1ec3 gi\u1eef \u0111\u01b0\u1ee3c s\u1ea3n ph\u1ea9m <strong>t\u01b0\u01a1i ngon trong v\u00f2ng 24 th\u00e1ng.<\/strong> Ch\u00fang t\u00f4i b\u1ea3o qu\u1ea3n ch\u1ea5t l\u01b0\u1ee3ng C\u00e1 tra \u0111\u00f4ng l\u1ea1nh theo ph\u01b0\u01a1ng <strong>c\u1ea5p \u0111\u00f4ng IQF,\u00a0 m\u1ea1 b\u0103ng theo y\u00eau c\u1ea7u<\/strong>\u00a0s\u1ebd \u0111\u1ea3m b\u1ea3o ch\u1ea5t l\u01b0\u1ee3ng t\u01b0\u01a1i ngon c\u1ee7a mi\u1ebfng th\u1ecbt c\u00e1 tra trong th\u1eddi gian r\u1ea5t l\u00e2u.<\/p>\n<h2><b>\u0110\u1ecba Ch\u1ec9 Mua Vi C\u00e1 Tra<\/b><\/h2>\n<p><strong>Kimmy Farm<\/strong> \u2013 l\u00e0 th\u01b0\u01a1ng hi\u1ec7u chuy\u00ean s\u1ea3n xu\u1ea5t v\u00e0 xu\u1ea5t kh\u1ea9u c\u00e1c ng\u00e0nh h\u00e0ng v\u1ec1 n\u00f4ng nghi\u1ec7p t\u1ea1i Vi\u1ec7t Nam. C\u00e1c m\u1eb7t h\u00e0ng xu\u1ea5t kh\u1ea9u ch\u1ee7 l\u1ef1c c\u1ee7a c\u00f4ng ty l\u00e0: c\u00e1c s\u1ea3n ph\u1ea9m t\u1eeb ru\u1ed3i l\u00ednh \u0111en, c\u00e1c lo\u1ea1i h\u1ea1t \u0111i\u1ec1u nh\u00e2n, h\u1ea1t \u0111i\u1ec1u th\u00f4, c\u00e1c m\u1eb7t h\u00e0ng v\u1ec1 th\u1ee7y s\u1ea3n v\u00f9ng \u0111\u1ed3ng b\u1eb1ng s\u00f4ng C\u1eedu Long\u2026 Ch\u00fang t\u00f4i \u0111ang l\u00e0 \u0111\u1ed1i t\u00e1c cung c\u1ea5p h\u00e0ng cho 1 s\u1ed1 b\u1ea1n h\u00e0ng t\u1edbi t\u1eeb: T\u00e2y Ban Nha, Ph\u00e1p, \u0110\u1ee9c, H\u00e0 Lan, Ba Lan, Hy L\u1ea1p, Th\u1ed5 Nh\u0129 K\u1ef3, Nga, Th\u1ee5y S\u0129, M\u1ef9, \u00dac, Nam Phi, U.A.E, \u1ea4n \u0110\u1ed9, Singapore, Nh\u1eadt B\u1ea3n v\u00e0 nhi\u1ec1u n\u01b0\u1edbc kh\u00e1c. Ngo\u00e0i ra ch\u00fang t\u00f4i c\u00f2n c\u00f3 \u0111\u1ed9i ng\u0169 nh\u00e2n vi\u00ean \u0111\u00e3 c\u00f3 nhi\u1ec1u n\u0103m kinh nghi\u1ec7m l\u00e0m vi\u1ec7c trong c\u00e1c nh\u00e0 m\u00e1y ch\u1ebf bi\u1ebfn l\u1edbn c\u1ee7a Vi\u1ec7t Nam. H\u00e3y li\u00ean h\u1ec7 v\u1edbi ch\u00fang t\u00f4i n\u1ebfu c\u00e1c b\u1ea1n \u0111ang c\u1ea7n ngu\u1ed3n h\u00e0ng xu\u1ea5t kh\u1ea9u theo nhu c\u1ea7u.<\/p>\n<p><strong>&gt; Tham kh\u1ea3o c\u00e1c s\u1ea3n ph\u1ea9m v\u1ec1 C\u00e1 Tra c\u1ee7a Kimmy Farm:<\/strong> <a href=\"https:\/\/kimmyfarm.com\/thuy-san-dong-lanh\/ca-tra\">https:\/\/kimmyfarm.com\/thuy-san-dong-lanh\/ca-tra<\/a><\/p>\n<p><strong>&gt;&gt; Xem th\u00eam c\u00e1c s\u1ea3n ph\u1ea9m li\u00ean quan:<\/strong><\/p>\n<blockquote class=\"wp-embedded-content\" data-secret=\"7qEyxtgOlP\"><p><a href=\"https:\/\/kimmyfarm.com\/san-pham\/de-nac-ca-tra-95-nac-dung-de-lam-cha-ca\">D\u00e8 N\u1ea1c C\u00e1 Tra (95% N\u1ea1c) D\u00f9ng \u0110\u1ec3 L\u00e0m Ch\u1ea3 C\u00e1<\/a><\/p><\/blockquote>\n<p><iframe class=\"wp-embedded-content\" sandbox=\"allow-scripts\" security=\"restricted\" style=\"position: absolute; clip: rect(1px, 1px, 1px, 1px);\" title=\"&#8220;D\u00e8 N\u1ea1c C\u00e1 Tra (95% N\u1ea1c) D\u00f9ng \u0110\u1ec3 L\u00e0m Ch\u1ea3 C\u00e1&#8221; &#8212; Kimmy Farm\" src=\"https:\/\/kimmyfarm.com\/san-pham\/de-nac-ca-tra-95-nac-dung-de-lam-cha-ca\/embed#?secret=xKtA1JrEMY#?secret=7qEyxtgOlP\" data-secret=\"7qEyxtgOlP\" width=\"500\" height=\"282\" frameborder=\"0\" marginwidth=\"0\" marginheight=\"0\" scrolling=\"no\"><\/iframe><\/p>\n<blockquote class=\"wp-embedded-content\" data-secret=\"6OGZKRjH9A\"><p><a href=\"https:\/\/kimmyfarm.com\/san-pham\/bao-tu-ca-tra-dong-lanh\">Bao T\u1eed C\u00e1 Tra \u0110\u00f4ng L\u1ea1nh Ch\u1ea5t L\u01b0\u1ee3ng Cao Xu\u1ea5t Kh\u1ea9u<\/a><\/p><\/blockquote>\n<p><iframe class=\"wp-embedded-content\" sandbox=\"allow-scripts\" security=\"restricted\" style=\"position: absolute; clip: rect(1px, 1px, 1px, 1px);\" title=\"&#8220;Bao T\u1eed C\u00e1 Tra \u0110\u00f4ng L\u1ea1nh Ch\u1ea5t L\u01b0\u1ee3ng Cao Xu\u1ea5t Kh\u1ea9u&#8221; &#8212; Kimmy Farm\" src=\"https:\/\/kimmyfarm.com\/san-pham\/bao-tu-ca-tra-dong-lanh\/embed#?secret=RoPp6DWYfr#?secret=6OGZKRjH9A\" data-secret=\"6OGZKRjH9A\" width=\"500\" height=\"282\" frameborder=\"0\" marginwidth=\"0\" marginheight=\"0\" scrolling=\"no\"><\/iframe><\/p>\n<blockquote class=\"wp-embedded-content\" data-secret=\"WhmRv0tRFg\"><p><a href=\"https:\/\/kimmyfarm.com\/san-pham\/ca-tra-dong-lanh-nguyen-con-bo-dau-bo-duoi-bo-noi-tang\">C\u00e1 Tra \u0110\u00f4ng L\u1ea1nh Nguy\u00ean Con B\u1ecf \u0110\u1ea7u B\u1ecf \u0110u\u00f4i B\u1ecf N\u1ed9i T\u1ea1ng<\/a><\/p><\/blockquote>\n<p><iframe class=\"wp-embedded-content\" sandbox=\"allow-scripts\" security=\"restricted\" style=\"position: absolute; clip: rect(1px, 1px, 1px, 1px);\" title=\"&#8220;C\u00e1 Tra \u0110\u00f4ng L\u1ea1nh Nguy\u00ean Con B\u1ecf \u0110\u1ea7u B\u1ecf \u0110u\u00f4i B\u1ecf N\u1ed9i T\u1ea1ng&#8221; &#8212; Kimmy Farm\" src=\"https:\/\/kimmyfarm.com\/san-pham\/ca-tra-dong-lanh-nguyen-con-bo-dau-bo-duoi-bo-noi-tang\/embed#?secret=GmQtDoInaJ#?secret=WhmRv0tRFg\" data-secret=\"WhmRv0tRFg\" width=\"500\" height=\"282\" frameborder=\"0\" marginwidth=\"0\" marginheight=\"0\" scrolling=\"no\"><\/iframe><\/p>\n<blockquote class=\"wp-embedded-content\" data-secret=\"nFkQI6RLTB\"><p><a href=\"https:\/\/kimmyfarm.com\/san-pham\/ca-tra-nguyen-con-xe-buom-dong-lanh\">C\u00e1 Tra \u0110\u00f4ng L\u1ea1nh Nguy\u00ean Con X\u1ebb B\u01b0\u1edbm C\u00f2n \u0110\u1ea7u<\/a><\/p><\/blockquote>\n<p><iframe class=\"wp-embedded-content\" sandbox=\"allow-scripts\" security=\"restricted\" style=\"position: absolute; clip: rect(1px, 1px, 1px, 1px);\" title=\"&#8220;C\u00e1 Tra \u0110\u00f4ng L\u1ea1nh Nguy\u00ean Con X\u1ebb B\u01b0\u1edbm C\u00f2n \u0110\u1ea7u&#8221; &#8212; Kimmy Farm\" src=\"https:\/\/kimmyfarm.com\/san-pham\/ca-tra-nguyen-con-xe-buom-dong-lanh\/embed#?secret=qCD7w7eN9L#?secret=nFkQI6RLTB\" data-secret=\"nFkQI6RLTB\" width=\"500\" height=\"282\" frameborder=\"0\" marginwidth=\"0\" marginheight=\"0\" scrolling=\"no\"><\/iframe><\/p>\n<blockquote class=\"wp-embedded-content\" data-secret=\"iMWTDCCEIz\"><p><a href=\"https:\/\/kimmyfarm.com\/san-pham\/ca-tra-phi-le-trang-dong-lanh\">C\u00e1 Tra Phi L\u00ea Th\u1ecbt Tr\u1eafng \u0110\u00f4ng L\u1ea1nh<\/a><\/p><\/blockquote>\n<p><iframe class=\"wp-embedded-content\" sandbox=\"allow-scripts\" security=\"restricted\" style=\"position: absolute; clip: rect(1px, 1px, 1px, 1px);\" title=\"&#8220;C\u00e1 Tra Phi L\u00ea Th\u1ecbt Tr\u1eafng \u0110\u00f4ng L\u1ea1nh&#8221; &#8212; Kimmy Farm\" src=\"https:\/\/kimmyfarm.com\/san-pham\/ca-tra-phi-le-trang-dong-lanh\/embed#?secret=RRoySHJpKI#?secret=iMWTDCCEIz\" data-secret=\"iMWTDCCEIz\" width=\"500\" height=\"282\" frameborder=\"0\" marginwidth=\"0\" marginheight=\"0\" scrolling=\"no\"><\/iframe><\/p>\n","protected":false},"excerpt":{"rendered":"<p>Th\u00f4ng tin t\u00f3m t\u1eaft s\u1ea3n ph\u1ea9m <strong>V\u00e2y C\u00e1 Tra, Vi C\u00e1 Tra \u0110\u00f4ng L\u1ea1nh<\/strong>\u00a0xu\u1ea5t kh\u1ea9u ho\u1eb7c ti\u00eau th\u1ee5 trong n\u01b0\u1edbc.<\/p>\n<ul>\n<li><strong>T\u00ean S\u1ea3n ph\u1ea9m:<\/strong> V\u00e2y, vi c\u00e1 tra<\/li>\n<li><strong>Th\u00e0nh Ph\u1ea7n:<\/strong>\u00a0C\u00e1 Tra<\/li>\n<li><strong>B\u1ea3o Qu\u1ea3n:<\/strong>\u00a0Nhi\u1ec7t \u0111\u1ed9 d\u01b0\u1edbi -18 \u0111\u1ed9 C<\/li>\n<li><strong>Xu\u1ea5t x\u1ee9:<\/strong>\u00a0\u0110\u1ed3ng Th\u00e1p, Vi\u1ec7t Nam<\/li>\n<li><strong>Ch\u1ee9ng Ch\u1ec9:<\/strong> ISO 9001:2000, ISO 17025, ASC, GLOBAL GAP, HACCP, IFS, BRC, GMP, HALAL&#8230;<\/li>\n<\/ul>\n","protected":false},"featured_media":11984,"template":"","meta":[],"product_brand":[],"product_cat":[141,62],"product_tag":[142,143],"class_list":{"0":"post-11983","1":"product","2":"type-product","3":"status-publish","4":"has-post-thumbnail","6":"product_cat-ca-tra","7":"product_cat-thuy-san-dong-lanh","8":"product_tag-ca-tra","9":"product_tag-ca-tra-dong-lanh","11":"first","12":"instock","13":"shipping-taxable","14":"product-type-simple"},"_links":{"self":[{"href":"https:\/\/kimmyfarm.com\/de\/wp-json\/wp\/v2\/product\/11983","targetHints":{"allow":["GET"]}}],"collection":[{"href":"https:\/\/kimmyfarm.com\/de\/wp-json\/wp\/v2\/product"}],"about":[{"href":"https:\/\/kimmyfarm.com\/de\/wp-json\/wp\/v2\/types\/product"}],"version-history":[{"count":0,"href":"https:\/\/kimmyfarm.com\/de\/wp-json\/wp\/v2\/product\/11983\/revisions"}],"wp:featuredmedia":[{"embeddable":true,"href":"https:\/\/kimmyfarm.com\/de\/wp-json\/wp\/v2\/media\/11984"}],"wp:attachment":[{"href":"https:\/\/kimmyfarm.com\/de\/wp-json\/wp\/v2\/media?parent=11983"}],"wp:term":[{"taxonomy":"product_brand","embeddable":true,"href":"https:\/\/kimmyfarm.com\/de\/wp-json\/wp\/v2\/product_brand?post=11983"},{"taxonomy":"product_cat","embeddable":true,"href":"https:\/\/kimmyfarm.com\/de\/wp-json\/wp\/v2\/product_cat?post=11983"},{"taxonomy":"product_tag","embeddable":true,"href":"https:\/\/kimmyfarm.com\/de\/wp-json\/wp\/v2\/product_tag?post=11983"}],"curies":[{"name":"wp","href":"https:\/\/api.w.org\/{rel}","templated":true}]}}