{"id":11856,"date":"2020-12-30T13:24:55","date_gmt":"2020-12-30T06:24:55","guid":{"rendered":"https:\/\/kimmyfarm.com\/?post_type=product&#038;p=11856"},"modified":"2020-12-30T17:03:39","modified_gmt":"2020-12-30T10:03:39","slug":"tom-the-dong-lanh-boc-vo-con-duoi-xep-duoi-thang","status":"publish","type":"product","link":"https:\/\/kimmyfarm.com\/de\/produkt\/tom-the-dong-lanh-boc-vo-con-duoi-xep-duoi-thang","title":{"rendered":"T\u00f4m Th\u1ebb \u0110\u00f4ng L\u1ea1nh B\u00f3c V\u1ecf C\u00f2n \u0110u\u00f4i X\u1ebfp Du\u1ed7i Th\u1eb3ng"},"content":{"rendered":"","protected":false},"excerpt":{"rendered":"<p>Th\u00f4ng tin t\u00f3m t\u1eaft s\u1ea3n ph\u1ea9m <strong>T\u00f4m Th\u1ebb B\u00f3c V\u1ecf C\u00f2n \u0110u\u00f4i \u0110\u00f4ng L\u1ea1nh \u0110\u01b0\u1ee3c X\u1ebfp Du\u1ed7i Th\u1eb3ng<\/strong>\u00a0xu\u1ea5t kh\u1ea9u ho\u1eb7c ti\u00eau th\u1ee5 trong n\u01b0\u1edbc.<\/p>\n<ul>\n<li><strong>T\u00ean S\u1ea3n ph\u1ea9m:<\/strong> T\u00f4m th\u1ebb b\u00f3c v\u1ecf c\u00f2n \u0111u\u00f4i x\u1ebfp du\u1ed7i th\u1eb3ng \u0111\u00f4ng l\u1ea1nh<\/li>\n<li><strong>Th\u00e0nh Ph\u1ea7n:<\/strong> T\u00f4m th\u1ebb 100%<\/li>\n<li><strong>T\u00ecnh Tr\u1ea1ng: <\/strong>\u0111\u00f4ng l\u1ea1nh, b\u00f3c v\u1ecf, c\u00f2n v\u1ecf \u0111u\u00f4i, x\u1ebfp du\u1ed7i th\u1eb3ng<\/li>\n<li><strong>B\u1ea3o Qu\u1ea3n:<\/strong> Nhi\u1ec7t \u0111\u1ed9 d\u01b0\u1edbi -18 \u0111\u1ed9 C<\/li>\n<li><strong>Xu\u1ea5t x\u1ee9:<\/strong> C\u1ea7n Th\u01a1, Vi\u1ec7t Nam<\/li>\n<li><strong>Ch\u1ee9ng Ch\u1ec9:<\/strong> HACCP, ISO 2200<\/li>\n<\/ul>\n","protected":false},"featured_media":11862,"template":"","meta":[],"product_brand":[],"product_cat":[62,133],"product_tag":[135,140,138,136],"class_list":{"0":"post-11856","1":"product","2":"type-product","3":"status-publish","4":"has-post-thumbnail","6":"product_cat-thuy-san-dong-lanh","7":"product_cat-tom-the","8":"product_tag-tom","9":"product_tag-tom-dong-lanh","10":"product_tag-tom-lot-vo","11":"product_tag-tom-the","13":"first","14":"instock","15":"shipping-taxable","16":"product-type-simple"},"_links":{"self":[{"href":"https:\/\/kimmyfarm.com\/de\/wp-json\/wp\/v2\/product\/11856","targetHints":{"allow":["GET"]}}],"collection":[{"href":"https:\/\/kimmyfarm.com\/de\/wp-json\/wp\/v2\/product"}],"about":[{"href":"https:\/\/kimmyfarm.com\/de\/wp-json\/wp\/v2\/types\/product"}],"version-history":[{"count":0,"href":"https:\/\/kimmyfarm.com\/de\/wp-json\/wp\/v2\/product\/11856\/revisions"}],"wp:featuredmedia":[{"embeddable":true,"href":"https:\/\/kimmyfarm.com\/de\/wp-json\/wp\/v2\/media\/11862"}],"wp:attachment":[{"href":"https:\/\/kimmyfarm.com\/de\/wp-json\/wp\/v2\/media?parent=11856"}],"wp:term":[{"taxonomy":"product_brand","embeddable":true,"href":"https:\/\/kimmyfarm.com\/de\/wp-json\/wp\/v2\/product_brand?post=11856"},{"taxonomy":"product_cat","embeddable":true,"href":"https:\/\/kimmyfarm.com\/de\/wp-json\/wp\/v2\/product_cat?post=11856"},{"taxonomy":"product_tag","embeddable":true,"href":"https:\/\/kimmyfarm.com\/de\/wp-json\/wp\/v2\/product_tag?post=11856"}],"curies":[{"name":"wp","href":"https:\/\/api.w.org\/{rel}","templated":true}]}}