{"id":20828,"date":"2020-12-29T16:37:19","date_gmt":"2020-12-29T09:37:19","guid":{"rendered":"https:\/\/kimmyfarm.com\/vorstellung-von-kimmy-farm"},"modified":"2021-10-24T17:35:35","modified_gmt":"2021-10-24T10:35:35","slug":"vorstellung-von-kimmy-farm","status":"publish","type":"page","link":"https:\/\/kimmyfarm.com\/de\/vorstellung-von-kimmy-farm","title":{"rendered":"Vorstellung von Kimmy Farm"},"content":{"rendered":"\t\t<div data-elementor-type=\"wp-page\" data-elementor-id=\"20828\" class=\"elementor elementor-20828 elementor-11787\" data-elementor-post-type=\"page\">\n\t\t\t\t\t\t<section class=\"wd-negative-gap elementor-section elementor-top-section elementor-element elementor-element-2db780de wd-section-stretch-content elementor-section-full_width elementor-section-height-default elementor-section-height-default\" data-id=\"2db780de\" data-element_type=\"section\" data-e-type=\"section\">\n\t\t\t\t\t\t<div class=\"elementor-container elementor-column-gap-no\">\n\t\t\t\t\t<div class=\"elementor-column elementor-col-50 elementor-top-column elementor-element elementor-element-2d008e2b\" data-id=\"2d008e2b\" data-element_type=\"column\" data-e-type=\"column\">\n\t\t\t<div class=\"elementor-widget-wrap elementor-element-populated\">\n\t\t\t\t\t\t<div class=\"elementor-element elementor-element-47ae2198 color-scheme-inherit text-left elementor-widget elementor-widget-text-editor\" data-id=\"47ae2198\" data-element_type=\"widget\" data-e-type=\"widget\" data-widget_type=\"text-editor.default\">\n\t\t\t\t<div class=\"elementor-widget-container\">\n\t\t\t\t\t\t\t\t\t<div id=\"messageView\" class=\"message-view \" tabindex=\"21\">\n<div id=\"messageViewContainer\" class=\" message-view__scroll \">\n<div id=\"messageViewScroll\" class=\"message-view__scroll__inner fadeInAndOut \">\n<div class=\"chat-item flx me\">\n<div class=\"chat-content flx flx-col flx-cell me\">\n<div id=\"bb_msg_id_1635058328877\" class=\"chat-message wrap-message rotate-container me \" data-node-type=\"bubble-message\">\n<div class=\"\">\n<div class=\"card me last-msg has-status card--text\" data-id=\"div_LastSentMsg_Text\">\n<div><span id=\"mtc-2872945599517\"><span class=\"text\">KIMMY FARM war fr\u00fcher eine Cashewfarm in der Provinz Binh Phuoc, VietNam. Binh Phuoc ist ein ber\u00fchmter Ort daf\u00fcr und tr\u00e4gt dazu bei, VietNam zum f\u00fchrenden Exporteur der Cashew-Industrie zu machen.<\/span><\/span><\/div>\n<div>Zurzeit mit langj\u00e4hriger Erfahrung in diesem Beruf, haben wir uns zu einem Unternehmen entwickelt, das sich auf den Export von Cashewn\u00fcssen wie \u00a0W240, W320, W450, SW240, SW320, SW450, WS, WB, LP, SB, BB,&#8230; Au\u00dferdem haben wir ein Team von Mitarbeitern mit langj\u00e4hriger Erfahrung in gro\u00dfe Verarbeitungsbetrieben in VietNam.<\/div>\n<div>Kimmy Farm Cashew-Produkte wurden in wichtige M\u00e4rkte wie die USA, England, EU, Russland, Kanada, Australien, Mittlerer Osten, China, T\u00fcrkei, S\u00fcdafrika, UAE, Indien, Singapur, Japan und viele andere L\u00e4nder exportiert.<\/div>\n<\/div>\n<\/div>\n<\/div>\n<\/div>\n<\/div>\n<\/div>\n<\/div>\n<\/div>\n\t\t\t\t\t\t\t\t<\/div>\n\t\t\t\t<\/div>\n\t\t\t\t\t<\/div>\n\t\t<\/div>\n\t\t\t\t<div class=\"elementor-column elementor-col-50 elementor-top-column elementor-element elementor-element-2ebe983a\" data-id=\"2ebe983a\" data-element_type=\"column\" data-e-type=\"column\">\n\t\t\t<div class=\"elementor-widget-wrap elementor-element-populated\">\n\t\t\t\t\t\t<div class=\"elementor-element elementor-element-9110a3b elementor-widget elementor-widget-image\" data-id=\"9110a3b\" data-element_type=\"widget\" data-e-type=\"widget\" data-widget_type=\"image.default\">\n\t\t\t\t<div class=\"elementor-widget-container\">\n\t\t\t\t\t\t\t\t\t\t\t\t\t\t\t<img decoding=\"async\" width=\"800\" height=\"520\" src=\"https:\/\/kimmyfarm.com\/wp-content\/uploads\/2021\/01\/cashew-nut-in-viet-nam-about.jpg\" class=\"attachment-full size-full wp-image-20208\" alt=\"Cashewnuss in Vietnam ungef\u00e4hr\" srcset=\"https:\/\/kimmyfarm.com\/wp-content\/uploads\/2021\/01\/cashew-nut-in-viet-nam-about.jpg 800w, https:\/\/kimmyfarm.com\/wp-content\/uploads\/2021\/01\/cashew-nut-in-viet-nam-about-150x98.jpg 150w\" sizes=\"(max-width: 800px) 100vw, 800px\" \/>\t\t\t\t\t\t\t\t\t\t\t\t\t\t\t<\/div>\n\t\t\t\t<\/div>\n\t\t\t\t\t<\/div>\n\t\t<\/div>\n\t\t\t\t\t<\/div>\n\t\t<\/section>\n\t\t\t\t<section class=\"wd-negative-gap elementor-section elementor-top-section elementor-element elementor-element-f31eb45 wd-section-stretch-content elementor-section-full_width elementor-reverse-tablet elementor-reverse-mobile elementor-section-height-default elementor-section-height-default\" data-id=\"f31eb45\" data-element_type=\"section\" data-e-type=\"section\">\n\t\t\t\t\t\t<div class=\"elementor-container elementor-column-gap-no\">\n\t\t\t\t\t<div class=\"elementor-column elementor-col-50 elementor-top-column elementor-element elementor-element-6bc8a80\" data-id=\"6bc8a80\" data-element_type=\"column\" data-e-type=\"column\">\n\t\t\t<div class=\"elementor-widget-wrap elementor-element-populated\">\n\t\t\t\t\t\t<div class=\"elementor-element elementor-element-7d08e98 elementor-widget elementor-widget-image\" data-id=\"7d08e98\" data-element_type=\"widget\" data-e-type=\"widget\" data-widget_type=\"image.default\">\n\t\t\t\t<div class=\"elementor-widget-container\">\n\t\t\t\t\t\t\t\t\t\t\t\t\t\t\t<img decoding=\"async\" width=\"800\" height=\"533\" src=\"https:\/\/kimmyfarm.com\/wp-content\/uploads\/2020\/12\/ruoi-linh-den-la-loai-ruoi-rat-pho-bien-trong-tu-nhien.jpg\" class=\"attachment-full size-full wp-image-20035\" alt=\"Die Schwarze Soldatenfliege ist eine in Europa heimische Fliegenart, die in freier Wildbahn sehr h\u00e4ufig vorkommt\" srcset=\"https:\/\/kimmyfarm.com\/wp-content\/uploads\/2020\/12\/ruoi-linh-den-la-loai-ruoi-rat-pho-bien-trong-tu-nhien.jpg 800w, https:\/\/kimmyfarm.com\/wp-content\/uploads\/2020\/12\/ruoi-linh-den-la-loai-ruoi-rat-pho-bien-trong-tu-nhien-150x100.jpg 150w, https:\/\/kimmyfarm.com\/wp-content\/uploads\/2020\/12\/ruoi-linh-den-la-loai-ruoi-rat-pho-bien-trong-tu-nhien-1200x800.jpg 1200w\" sizes=\"(max-width: 800px) 100vw, 800px\" \/>\t\t\t\t\t\t\t\t\t\t\t\t\t\t\t<\/div>\n\t\t\t\t<\/div>\n\t\t\t\t\t<\/div>\n\t\t<\/div>\n\t\t\t\t<div class=\"elementor-column elementor-col-50 elementor-top-column elementor-element elementor-element-299a456 wd-elementor-sticky-column wd_sticky_offset_150\" data-id=\"299a456\" data-element_type=\"column\" data-e-type=\"column\">\n\t\t\t<div class=\"elementor-widget-wrap elementor-element-populated\">\n\t\t\t\t\t\t<div class=\"elementor-element elementor-element-75b98482 elementor-widget elementor-widget-heading\" data-id=\"75b98482\" data-element_type=\"widget\" data-e-type=\"widget\" data-widget_type=\"heading.default\">\n\t\t\t\t<div class=\"elementor-widget-container\">\n\t\t\t\t\t<h2 class=\"elementor-heading-title elementor-size-default\">SCHWARZE SOLDATENFLIEGEN<\/h2>\t\t\t\t<\/div>\n\t\t\t\t<\/div>\n\t\t\t\t<div class=\"elementor-element elementor-element-e8691c4 color-scheme-inherit text-left elementor-widget elementor-widget-text-editor\" data-id=\"e8691c4\" data-element_type=\"widget\" data-e-type=\"widget\" data-widget_type=\"text-editor.default\">\n\t\t\t\t<div class=\"elementor-widget-container\">\n\t\t\t\t\t\t\t\t\t<p>Zusammen mit unserer Leidenschaft f\u00fcr die Landwirtschaft haben wir unser Landwirtschaftmodell auf Gebiet ausgeweitet, die das Produkt von Schwarze Soldatenfliegen sind. VietNam mit einem freucht-tropischen Klima ist f\u00fcr uns sehr gut geeignet, um dieses Tier aufzuziehen und zu entwickeln.<\/p>\n<p>Heutzutage\u00a0 investiert Kimmy Farm immer noch in ein Modell der Schwarze Soldatenfliegenfarm in Tay Ninh. Wir versuchen immer, die Qualit\u00e4t der Produkte jeden Tag zu verbessern, um den Export in andere L\u00e4nder zu erm\u00f6gkichen.<\/p>\n<p>Produkte der Schwarzen Soldatenfliege wie Fliegeneier, Fliegenlarven, gepresstes \u00d6lpulver der schwarzer Soldatenfliege sind eine proteinreiche und nachhaltige Nahrungsalternative\u00a0 f\u00fcr Haustiere. Auf der Kimmy Farm werden Fliegen in einer Low-Impact-Methode aufgezogen, so dass sie immer ein hohes Ma\u00df an Nahrung liefern. Schwarze Soldatenfliegenprodukte sind derzeit eine neue L\u00f6sung f\u00fcr die Viehwirtschaft, die von den USA und der EU zugelassen wurde und in naher Zukunft Weltweit weit verbreitet sein k\u00f6nnte.<\/p>\n\t\t\t\t\t\t\t\t<\/div>\n\t\t\t\t<\/div>\n\t\t\t\t\t<\/div>\n\t\t<\/div>\n\t\t\t\t\t<\/div>\n\t\t<\/section>\n\t\t\t\t<section class=\"wd-negative-gap elementor-section elementor-top-section elementor-element elementor-element-55b4858 wd-section-stretch-content elementor-section-full_width elementor-section-height-default elementor-section-height-default\" data-id=\"55b4858\" data-element_type=\"section\" data-e-type=\"section\">\n\t\t\t\t\t\t<div class=\"elementor-container elementor-column-gap-no\">\n\t\t\t\t\t<div class=\"elementor-column elementor-col-50 elementor-top-column elementor-element elementor-element-6128cfa wd-elementor-sticky-column wd_sticky_offset_150\" data-id=\"6128cfa\" data-element_type=\"column\" data-e-type=\"column\">\n\t\t\t<div class=\"elementor-widget-wrap elementor-element-populated\">\n\t\t\t\t\t\t<div class=\"elementor-element elementor-element-2a1e773 elementor-widget elementor-widget-heading\" data-id=\"2a1e773\" data-element_type=\"widget\" data-e-type=\"widget\" data-widget_type=\"heading.default\">\n\t\t\t\t<div class=\"elementor-widget-container\">\n\t\t\t\t\t<h2 class=\"elementor-heading-title elementor-size-default\">FISCHERIES<\/h2>\t\t\t\t<\/div>\n\t\t\t\t<\/div>\n\t\t\t\t<div class=\"elementor-element elementor-element-96e0e74 color-scheme-inherit text-left elementor-widget elementor-widget-text-editor\" data-id=\"96e0e74\" data-element_type=\"widget\" data-e-type=\"widget\" data-widget_type=\"text-editor.default\">\n\t\t\t\t<div class=\"elementor-widget-container\">\n\t\t\t\t\t\t\t\t\t<p>Fischeries gelten als gute und n\u00e4hrstoffreiche Nahrungsquelle, Pangasius gilt seit langem als der Stolz des Mekong und der Menschen in Vietnam. Auf der Kimmy Farm bieten wir Produkte, die den h\u00f6chsten Exportqualit\u00e4tsstandards entsprechen, wie zum Beispiel: wei\u00dfes Fleischfilet Pangasius, rotes Fleischfilet Pangasius, gelbes Fleischfilet Pangasius, nach Bedarf gehackt, Pangasius Magen &#8230;<\/p>\n<div id=\"messageView\" class=\"message-view  \" tabindex=\"21\">\n<div id=\"messageViewContainer\" class=\" message-view__scroll \">\n<div>\n<div id=\"messageViewScroll\" class=\"message-view__scroll__inner fadeInAndOut \">\n<div class=\"chat-item flx \">\n<div class=\"chat-content flx flx-col flx-cell \">\n<div id=\"bb_msg_id_1635070395000\" class=\"chat-message wrap-message rotate-container \" data-node-type=\"bubble-message\">\n<div class=\"\">\n<div class=\"card  pin-react  last-msg card--text\" data-id=\"div_LastReceivedMsg_Text\">\n<div><span id=\"mtc-2873334248862\"><span class=\"text\">Au\u00dferdem enthalten die Artikel von gefrorenen Garnelen, die zur Gew\u00e4hrleistung von Hygiene und Hygienesicherheit exportiert werden, keine Konservierungsstoffe .Wir exportieren sowohl auf dem See- als auch auf dem Luftweg in wichtige M\u00e4rkte wie Europa, den Nahen Osten &#8230;<\/span><\/span><\/div>\n<\/div>\n<\/div>\n<\/div>\n<\/div>\n<\/div>\n<\/div>\n<\/div>\n<\/div>\n<\/div>\n\t\t\t\t\t\t\t\t<\/div>\n\t\t\t\t<\/div>\n\t\t\t\t\t<\/div>\n\t\t<\/div>\n\t\t\t\t<div class=\"elementor-column elementor-col-50 elementor-top-column elementor-element elementor-element-4a07dbd\" data-id=\"4a07dbd\" data-element_type=\"column\" data-e-type=\"column\">\n\t\t\t<div class=\"elementor-widget-wrap elementor-element-populated\">\n\t\t\t\t\t\t<div class=\"elementor-element elementor-element-b825b6a elementor-widget elementor-widget-image\" data-id=\"b825b6a\" data-element_type=\"widget\" data-e-type=\"widget\" data-widget_type=\"image.default\">\n\t\t\t\t<div class=\"elementor-widget-container\">\n\t\t\t\t\t\t\t\t\t\t\t\t\t\t\t<img decoding=\"async\" width=\"800\" height=\"533\" src=\"https:\/\/kimmyfarm.com\/wp-content\/uploads\/2021\/01\/catfish-about.jpg\" class=\"attachment-full size-full wp-image-20209\" alt=\"\" srcset=\"https:\/\/kimmyfarm.com\/wp-content\/uploads\/2021\/01\/catfish-about.jpg 800w, https:\/\/kimmyfarm.com\/wp-content\/uploads\/2021\/01\/catfish-about-150x100.jpg 150w\" sizes=\"(max-width: 800px) 100vw, 800px\" \/>\t\t\t\t\t\t\t\t\t\t\t\t\t\t\t<\/div>\n\t\t\t\t<\/div>\n\t\t\t\t\t<\/div>\n\t\t<\/div>\n\t\t\t\t\t<\/div>\n\t\t<\/section>\n\t\t\t\t<section class=\"wd-negative-gap elementor-section elementor-top-section elementor-element elementor-element-e89ee3d elementor-section-boxed elementor-section-height-default elementor-section-height-default\" data-id=\"e89ee3d\" data-element_type=\"section\" data-e-type=\"section\">\n\t\t\t\t\t\t<div class=\"elementor-container elementor-column-gap-default\">\n\t\t\t\t\t<div class=\"elementor-column elementor-col-100 elementor-top-column elementor-element elementor-element-b063aca\" data-id=\"b063aca\" data-element_type=\"column\" data-e-type=\"column\">\n\t\t\t<div class=\"elementor-widget-wrap elementor-element-populated\">\n\t\t\t\t\t\t<div class=\"elementor-element elementor-element-a097131 elementor-widget-divider--view-line elementor-widget elementor-widget-divider\" data-id=\"a097131\" data-element_type=\"widget\" data-e-type=\"widget\" data-widget_type=\"divider.default\">\n\t\t\t\t<div class=\"elementor-widget-container\">\n\t\t\t\t\t\t\t<div class=\"elementor-divider\">\n\t\t\t<span class=\"elementor-divider-separator\">\n\t\t\t\t\t\t<\/span>\n\t\t<\/div>\n\t\t\t\t\t\t<\/div>\n\t\t\t\t<\/div>\n\t\t\t\t\t<\/div>\n\t\t<\/div>\n\t\t\t\t\t<\/div>\n\t\t<\/section>\n\t\t\t\t<section class=\"wd-negative-gap elementor-section elementor-top-section elementor-element elementor-element-0a3fc4c elementor-section-boxed elementor-section-height-default elementor-section-height-default\" data-id=\"0a3fc4c\" data-element_type=\"section\" data-e-type=\"section\">\n\t\t\t\t\t\t<div class=\"elementor-container elementor-column-gap-default\">\n\t\t\t\t\t<div class=\"elementor-column elementor-col-50 elementor-top-column elementor-element elementor-element-0d98aa3\" data-id=\"0d98aa3\" data-element_type=\"column\" data-e-type=\"column\">\n\t\t\t<div class=\"elementor-widget-wrap elementor-element-populated\">\n\t\t\t\t\t\t<div class=\"elementor-element elementor-element-34cedcf color-scheme-inherit text-left elementor-widget elementor-widget-text-editor\" data-id=\"34cedcf\" data-element_type=\"widget\" data-e-type=\"widget\" data-widget_type=\"text-editor.default\">\n\t\t\t\t<div class=\"elementor-widget-container\">\n\t\t\t\t\t\t\t\t\t<h4 class=\"elementor-heading-title elementor-size-default\">Schnelle Kontaktinformationen<\/h4>\n<p><span style=\"font-size: 14px;\"><strong>B\u00fcroadresse:<\/strong> 244\/20A, Le Van Khuong, Gemeinde Thoi An, Distrikt 12, Ho Chi Minh Stadt 700000<\/span><\/p>\n<p><strong>Viber\/Whatapps:<\/strong> +84947729829 &#8211;\u00a0 HOTLINE<\/p>\n<p><strong>Email:<\/strong> contact@kimmyfarm.com<\/p>\n<p><strong>Soldatenfliegenfarm:<\/strong> Ben Kinh Weiler, Gemeinde Don Thuan, Bezirk Trang Bang, Provinz Tay Ninh<\/p>\n<p><strong>Cashew-Aubaugebiet:<\/strong> Gemeinde Nghia Binh, Bezirk Bu Dang, Provinz Binh Phuoc<\/p>\n\t\t\t\t\t\t\t\t<\/div>\n\t\t\t\t<\/div>\n\t\t\t\t\t<\/div>\n\t\t<\/div>\n\t\t\t\t<div class=\"elementor-column elementor-col-50 elementor-top-column elementor-element elementor-element-eadbcf5\" data-id=\"eadbcf5\" data-element_type=\"column\" data-e-type=\"column\">\n\t\t\t<div class=\"elementor-widget-wrap elementor-element-populated\">\n\t\t\t\t\t\t<div class=\"elementor-element elementor-element-ae36e1d color-scheme-inherit text-left elementor-widget elementor-widget-text-editor\" data-id=\"ae36e1d\" data-element_type=\"widget\" data-e-type=\"widget\" data-widget_type=\"text-editor.default\">\n\t\t\t\t<div class=\"elementor-widget-container\">\n\t\t\t\t\t\t\t\t\t<p><iframe style=\"border: 0;\" src=\"https:\/\/www.google.com\/maps\/embed?pb=!1m14!1m8!1m3!1d15672.893238683037!2d106.6501757!3d10.8706128!3m2!1i1024!2i768!4f13.1!3m3!1m2!1s0x0%3A0xa2570a9211c519cf!2sKimmy%20Farm%20-%20Vietnam%20Cashew%20Nuts%20%26%20BSF%20Farm!5e0!3m2!1sen!2s!4v1621999774008!5m2!1sen!2s\" width=\"600\" height=\"450\" allowfullscreen=\"allowfullscreen\"><\/iframe><\/p>\n\t\t\t\t\t\t\t\t<\/div>\n\t\t\t\t<\/div>\n\t\t\t\t\t<\/div>\n\t\t<\/div>\n\t\t\t\t\t<\/div>\n\t\t<\/section>\n\t\t\t\t<\/div>\n\t\t","protected":false},"excerpt":{"rendered":"<p>KIMMY FARM war fr\u00fcher eine Cashewfarm in der Provinz Binh Phuoc, VietNam. Binh Phuoc ist ein ber\u00fchmter Ort daf\u00fcr und<\/p>\n","protected":false},"author":1,"featured_media":0,"parent":0,"menu_order":0,"comment_status":"closed","ping_status":"closed","template":"elementor_header_footer","meta":{"footnotes":""},"class_list":["post-20828","page","type-page","status-publish","hentry"],"_links":{"self":[{"href":"https:\/\/kimmyfarm.com\/de\/wp-json\/wp\/v2\/pages\/20828","targetHints":{"allow":["GET"]}}],"collection":[{"href":"https:\/\/kimmyfarm.com\/de\/wp-json\/wp\/v2\/pages"}],"about":[{"href":"https:\/\/kimmyfarm.com\/de\/wp-json\/wp\/v2\/types\/page"}],"author":[{"embeddable":true,"href":"https:\/\/kimmyfarm.com\/de\/wp-json\/wp\/v2\/users\/1"}],"replies":[{"embeddable":true,"href":"https:\/\/kimmyfarm.com\/de\/wp-json\/wp\/v2\/comments?post=20828"}],"version-history":[{"count":0,"href":"https:\/\/kimmyfarm.com\/de\/wp-json\/wp\/v2\/pages\/20828\/revisions"}],"wp:attachment":[{"href":"https:\/\/kimmyfarm.com\/de\/wp-json\/wp\/v2\/media?parent=20828"}],"curies":[{"name":"wp","href":"https:\/\/api.w.org\/{rel}","templated":true}]}}